{"id":2720,"date":"2022-03-23T22:38:05","date_gmt":"2022-03-23T21:38:05","guid":{"rendered":"http:\/\/www.rynny.gamart.pl\/skontaktuj-sie-z-nami\/"},"modified":"2022-04-26T17:29:00","modified_gmt":"2022-04-26T15:29:00","slug":"%d0%bd%d0%b0%d0%bf%d0%b8%d1%88%d0%b8%d1%82%d0%b5-%d0%bd%d0%b0%d0%bc","status":"publish","type":"page","link":"https:\/\/gamart.pl\/ru\/%d0%bd%d0%b0%d0%bf%d0%b8%d1%88%d0%b8%d1%82%d0%b5-%d0%bd%d0%b0%d0%bc\/","title":{"rendered":"\u041d\u0430\u043f\u0438\u0448\u0438\u0442\u0435 \u043d\u0430\u043c"},"content":{"rendered":"\n<div class=\"wpcf7 no-js\" id=\"wpcf7-f2701-o1\" lang=\"ru-RU\" dir=\"ltr\" data-wpcf7-id=\"2701\">\n<div class=\"screen-reader-response\"><p role=\"status\" aria-live=\"polite\" aria-atomic=\"true\"><\/p> <ul><\/ul><\/div>\n<form action=\"\/ru\/wp-json\/wp\/v2\/pages\/2720#wpcf7-f2701-o1\" method=\"post\" class=\"wpcf7-form init\" aria-label=\"\u041a\u043e\u043d\u0442\u0430\u043a\u0442\u043d\u0430\u044f \u0444\u043e\u0440\u043c\u0430\" novalidate=\"novalidate\" data-status=\"init\">\n<fieldset class=\"hidden-fields-container\"><input type=\"hidden\" name=\"_wpcf7\" value=\"2701\" \/><input type=\"hidden\" name=\"_wpcf7_version\" value=\"6.1.5\" \/><input type=\"hidden\" name=\"_wpcf7_locale\" value=\"ru_RU\" \/><input type=\"hidden\" name=\"_wpcf7_unit_tag\" value=\"wpcf7-f2701-o1\" \/><input type=\"hidden\" name=\"_wpcf7_container_post\" value=\"0\" \/><input type=\"hidden\" name=\"_wpcf7_posted_data_hash\" value=\"\" \/>\n<\/fieldset>\n<div class=\"row\">\n\t<div class=\"col-12 cf_wrap\">\n\t\t<p><span class=\"wpcf7-form-control-wrap\" data-name=\"textarea-389\"><textarea cols=\"40\" rows=\"10\" maxlength=\"2000\" class=\"wpcf7-form-control wpcf7-textarea wpcf7-validates-as-required\" aria-required=\"true\" aria-invalid=\"false\" placeholder=\"Wiadomo\u015b\u0107*\" name=\"textarea-389\"><\/textarea><\/span>\n\t\t<\/p>\n\t<\/div>\n\t<div class=\"col-12 col-sm-6 cf_wrap\">\n\t\t<p><span class=\"wpcf7-form-control-wrap\" data-name=\"text-335\"><input size=\"40\" maxlength=\"400\" class=\"wpcf7-form-control wpcf7-text wpcf7-validates-as-required\" aria-required=\"true\" aria-invalid=\"false\" placeholder=\"Imi\u0119*\" value=\"\" type=\"text\" name=\"text-335\" \/><\/span>\n\t\t<\/p>\n\t<\/div>\n\t<div class=\"col-12 col-sm-6 cf_wrap\">\n\t\t<p><span class=\"wpcf7-form-control-wrap\" data-name=\"text-336\"><input size=\"40\" maxlength=\"400\" class=\"wpcf7-form-control wpcf7-text\" aria-invalid=\"false\" placeholder=\"Nazwisko\" value=\"\" type=\"text\" name=\"text-336\" \/><\/span>\n\t\t<\/p>\n\t<\/div>\n\t<div class=\"col-12 cf_wrap\">\n\t\t<p><span class=\"wpcf7-form-control-wrap\" data-name=\"email-54\"><input size=\"40\" maxlength=\"400\" class=\"wpcf7-form-control wpcf7-email wpcf7-validates-as-required wpcf7-text wpcf7-validates-as-email\" aria-required=\"true\" aria-invalid=\"false\" placeholder=\"Adres email*\" value=\"\" type=\"email\" name=\"email-54\" \/><\/span>\n\t\t<\/p>\n\t<\/div>\n\t<div class=\"col-12 col-sm-6 cf_wrap\">\n\t\t<p><span class=\"wpcf7-form-control-wrap\" data-name=\"text-337\"><input size=\"40\" maxlength=\"400\" class=\"wpcf7-form-control wpcf7-text wpcf7-validates-as-required\" aria-required=\"true\" aria-invalid=\"false\" placeholder=\"Stanowisko\" value=\"\" type=\"text\" name=\"text-337\" \/><\/span>\n\t\t<\/p>\n\t<\/div>\n\t<div class=\"col-12 col-sm-6 cf_wrap\">\n\t\t<p><span class=\"wpcf7-form-control-wrap\" data-name=\"text-338\"><input size=\"40\" maxlength=\"400\" class=\"wpcf7-form-control wpcf7-text\" aria-invalid=\"false\" placeholder=\"Firma*\" value=\"\" type=\"text\" name=\"text-338\" \/><\/span>\n\t\t<\/p>\n\t<\/div>\n\t<div class=\"col-12 cf_zgoda\">\n\t\t<p>Wysy\u0142aj\u0105c formularz, udost\u0119pniasz nam Twoje dane osobowe. O\u015bwiadczasz, \u017ce zapozna\u0142e\u015b si\u0119 z polityk\u0105 prywatno\u015bci naszej firmy i zgadzasz si\u0119 na kontakt przedstawicieli firmy Gamart na wskazany adres e-mail celem przedstawienia oferty lub informacji marketingowej.\n\t\t<\/p>\n\t<\/div>\n\t<div class=\"col-12 cf_wrap\">\n\t\t<p><input class=\"wpcf7-form-control wpcf7-submit has-spinner\" type=\"submit\" value=\"Wy\u015blij\" \/>\n\t\t<\/p>\n\t<\/div>\n<\/div><div class=\"wpcf7-response-output\" aria-hidden=\"true\"><\/div>\n<\/form>\n<\/div>\n\n","protected":false},"excerpt":{"rendered":"","protected":false},"author":1,"featured_media":0,"parent":0,"menu_order":0,"comment_status":"closed","ping_status":"closed","template":"page-kontakt-form.php","meta":{"_acf_changed":false,"footnotes":""},"class_list":["post-2720","page","type-page","status-publish","hentry"],"acf":[],"yoast_head":"<!-- This site is optimized with the Yoast SEO plugin v27.3 - https:\/\/yoast.com\/product\/yoast-seo-wordpress\/ -->\n<title>\u041d\u0430\u043f\u0438\u0448\u0438\u0442\u0435 \u043d\u0430\u043c - Gamart<\/title>\n<meta name=\"robots\" content=\"index, follow, max-snippet:-1, max-image-preview:large, max-video-preview:-1\" \/>\n<link rel=\"canonical\" href=\"https:\/\/gamart.pl\/ru\/%d0%bd%d0%b0%d0%bf%d0%b8%d1%88%d0%b8%d1%82%d0%b5-%d0%bd%d0%b0%d0%bc\/\" \/>\n<meta property=\"og:locale\" content=\"ru_RU\" \/>\n<meta property=\"og:type\" content=\"article\" \/>\n<meta property=\"og:title\" content=\"\u041d\u0430\u043f\u0438\u0448\u0438\u0442\u0435 \u043d\u0430\u043c - Gamart\" \/>\n<meta property=\"og:url\" content=\"https:\/\/gamart.pl\/ru\/%d0%bd%d0%b0%d0%bf%d0%b8%d1%88%d0%b8%d1%82%d0%b5-%d0%bd%d0%b0%d0%bc\/\" \/>\n<meta property=\"og:site_name\" content=\"Gamart\" \/>\n<meta property=\"article:publisher\" content=\"https:\/\/www.facebook.com\/firma.gamart\/\" \/>\n<meta property=\"article:modified_time\" content=\"2022-04-26T15:29:00+00:00\" \/>\n<meta name=\"twitter:card\" content=\"summary_large_image\" \/>\n<script type=\"application\/ld+json\" class=\"yoast-schema-graph\">{\"@context\":\"https:\\\/\\\/schema.org\",\"@graph\":[{\"@type\":\"WebPage\",\"@id\":\"https:\\\/\\\/gamart.pl\\\/ru\\\/%d0%bd%d0%b0%d0%bf%d0%b8%d1%88%d0%b8%d1%82%d0%b5-%d0%bd%d0%b0%d0%bc\\\/\",\"url\":\"https:\\\/\\\/gamart.pl\\\/ru\\\/%d0%bd%d0%b0%d0%bf%d0%b8%d1%88%d0%b8%d1%82%d0%b5-%d0%bd%d0%b0%d0%bc\\\/\",\"name\":\"\u041d\u0430\u043f\u0438\u0448\u0438\u0442\u0435 \u043d\u0430\u043c - Gamart\",\"isPartOf\":{\"@id\":\"https:\\\/\\\/gamart.pl\\\/ru\\\/#website\"},\"datePublished\":\"2022-03-23T21:38:05+00:00\",\"dateModified\":\"2022-04-26T15:29:00+00:00\",\"breadcrumb\":{\"@id\":\"https:\\\/\\\/gamart.pl\\\/ru\\\/%d0%bd%d0%b0%d0%bf%d0%b8%d1%88%d0%b8%d1%82%d0%b5-%d0%bd%d0%b0%d0%bc\\\/#breadcrumb\"},\"inLanguage\":\"ru-RU\",\"potentialAction\":[{\"@type\":\"ReadAction\",\"target\":[\"https:\\\/\\\/gamart.pl\\\/ru\\\/%d0%bd%d0%b0%d0%bf%d0%b8%d1%88%d0%b8%d1%82%d0%b5-%d0%bd%d0%b0%d0%bc\\\/\"]}]},{\"@type\":\"BreadcrumbList\",\"@id\":\"https:\\\/\\\/gamart.pl\\\/ru\\\/%d0%bd%d0%b0%d0%bf%d0%b8%d1%88%d0%b8%d1%82%d0%b5-%d0%bd%d0%b0%d0%bc\\\/#breadcrumb\",\"itemListElement\":[{\"@type\":\"ListItem\",\"position\":1,\"name\":\"Strona g\u0142\u00f3wna\",\"item\":\"https:\\\/\\\/gamart.pl\\\/ru\\\/\"},{\"@type\":\"ListItem\",\"position\":2,\"name\":\"\u041d\u0430\u043f\u0438\u0448\u0438\u0442\u0435 \u043d\u0430\u043c\"}]},{\"@type\":\"WebSite\",\"@id\":\"https:\\\/\\\/gamart.pl\\\/ru\\\/#website\",\"url\":\"https:\\\/\\\/gamart.pl\\\/ru\\\/\",\"name\":\"Gamart\",\"description\":\"Mi\u0119dzynarodowy pionier na rynku tworzyw sztucznych\",\"publisher\":{\"@id\":\"https:\\\/\\\/gamart.pl\\\/ru\\\/#organization\"},\"potentialAction\":[{\"@type\":\"SearchAction\",\"target\":{\"@type\":\"EntryPoint\",\"urlTemplate\":\"https:\\\/\\\/gamart.pl\\\/ru\\\/?s={search_term_string}\"},\"query-input\":{\"@type\":\"PropertyValueSpecification\",\"valueRequired\":true,\"valueName\":\"search_term_string\"}}],\"inLanguage\":\"ru-RU\"},{\"@type\":\"Organization\",\"@id\":\"https:\\\/\\\/gamart.pl\\\/ru\\\/#organization\",\"name\":\"Gamart\",\"url\":\"https:\\\/\\\/gamart.pl\\\/ru\\\/\",\"logo\":{\"@type\":\"ImageObject\",\"inLanguage\":\"ru-RU\",\"@id\":\"https:\\\/\\\/gamart.pl\\\/ru\\\/#\\\/schema\\\/logo\\\/image\\\/\",\"url\":\"https:\\\/\\\/gamart.pl\\\/wp-content\\\/uploads\\\/2022\\\/08\\\/cropped-android-icon-192x192-1.png\",\"contentUrl\":\"https:\\\/\\\/gamart.pl\\\/wp-content\\\/uploads\\\/2022\\\/08\\\/cropped-android-icon-192x192-1.png\",\"width\":512,\"height\":512,\"caption\":\"Gamart\"},\"image\":{\"@id\":\"https:\\\/\\\/gamart.pl\\\/ru\\\/#\\\/schema\\\/logo\\\/image\\\/\"},\"sameAs\":[\"https:\\\/\\\/www.facebook.com\\\/firma.gamart\\\/\",\"https:\\\/\\\/www.linkedin.com\\\/company\\\/gamart\",\"https:\\\/\\\/www.youtube.com\\\/channel\\\/UCsNRquoCKlZG5GYdkqXg1Mw\\\/\"]}]}<\/script>\n<!-- \/ Yoast SEO plugin. -->","yoast_head_json":{"title":"\u041d\u0430\u043f\u0438\u0448\u0438\u0442\u0435 \u043d\u0430\u043c - Gamart","robots":{"index":"index","follow":"follow","max-snippet":"max-snippet:-1","max-image-preview":"max-image-preview:large","max-video-preview":"max-video-preview:-1"},"canonical":"https:\/\/gamart.pl\/ru\/%d0%bd%d0%b0%d0%bf%d0%b8%d1%88%d0%b8%d1%82%d0%b5-%d0%bd%d0%b0%d0%bc\/","og_locale":"ru_RU","og_type":"article","og_title":"\u041d\u0430\u043f\u0438\u0448\u0438\u0442\u0435 \u043d\u0430\u043c - Gamart","og_url":"https:\/\/gamart.pl\/ru\/%d0%bd%d0%b0%d0%bf%d0%b8%d1%88%d0%b8%d1%82%d0%b5-%d0%bd%d0%b0%d0%bc\/","og_site_name":"Gamart","article_publisher":"https:\/\/www.facebook.com\/firma.gamart\/","article_modified_time":"2022-04-26T15:29:00+00:00","twitter_card":"summary_large_image","schema":{"@context":"https:\/\/schema.org","@graph":[{"@type":"WebPage","@id":"https:\/\/gamart.pl\/ru\/%d0%bd%d0%b0%d0%bf%d0%b8%d1%88%d0%b8%d1%82%d0%b5-%d0%bd%d0%b0%d0%bc\/","url":"https:\/\/gamart.pl\/ru\/%d0%bd%d0%b0%d0%bf%d0%b8%d1%88%d0%b8%d1%82%d0%b5-%d0%bd%d0%b0%d0%bc\/","name":"\u041d\u0430\u043f\u0438\u0448\u0438\u0442\u0435 \u043d\u0430\u043c - Gamart","isPartOf":{"@id":"https:\/\/gamart.pl\/ru\/#website"},"datePublished":"2022-03-23T21:38:05+00:00","dateModified":"2022-04-26T15:29:00+00:00","breadcrumb":{"@id":"https:\/\/gamart.pl\/ru\/%d0%bd%d0%b0%d0%bf%d0%b8%d1%88%d0%b8%d1%82%d0%b5-%d0%bd%d0%b0%d0%bc\/#breadcrumb"},"inLanguage":"ru-RU","potentialAction":[{"@type":"ReadAction","target":["https:\/\/gamart.pl\/ru\/%d0%bd%d0%b0%d0%bf%d0%b8%d1%88%d0%b8%d1%82%d0%b5-%d0%bd%d0%b0%d0%bc\/"]}]},{"@type":"BreadcrumbList","@id":"https:\/\/gamart.pl\/ru\/%d0%bd%d0%b0%d0%bf%d0%b8%d1%88%d0%b8%d1%82%d0%b5-%d0%bd%d0%b0%d0%bc\/#breadcrumb","itemListElement":[{"@type":"ListItem","position":1,"name":"Strona g\u0142\u00f3wna","item":"https:\/\/gamart.pl\/ru\/"},{"@type":"ListItem","position":2,"name":"\u041d\u0430\u043f\u0438\u0448\u0438\u0442\u0435 \u043d\u0430\u043c"}]},{"@type":"WebSite","@id":"https:\/\/gamart.pl\/ru\/#website","url":"https:\/\/gamart.pl\/ru\/","name":"Gamart","description":"Mi\u0119dzynarodowy pionier na rynku tworzyw sztucznych","publisher":{"@id":"https:\/\/gamart.pl\/ru\/#organization"},"potentialAction":[{"@type":"SearchAction","target":{"@type":"EntryPoint","urlTemplate":"https:\/\/gamart.pl\/ru\/?s={search_term_string}"},"query-input":{"@type":"PropertyValueSpecification","valueRequired":true,"valueName":"search_term_string"}}],"inLanguage":"ru-RU"},{"@type":"Organization","@id":"https:\/\/gamart.pl\/ru\/#organization","name":"Gamart","url":"https:\/\/gamart.pl\/ru\/","logo":{"@type":"ImageObject","inLanguage":"ru-RU","@id":"https:\/\/gamart.pl\/ru\/#\/schema\/logo\/image\/","url":"https:\/\/gamart.pl\/wp-content\/uploads\/2022\/08\/cropped-android-icon-192x192-1.png","contentUrl":"https:\/\/gamart.pl\/wp-content\/uploads\/2022\/08\/cropped-android-icon-192x192-1.png","width":512,"height":512,"caption":"Gamart"},"image":{"@id":"https:\/\/gamart.pl\/ru\/#\/schema\/logo\/image\/"},"sameAs":["https:\/\/www.facebook.com\/firma.gamart\/","https:\/\/www.linkedin.com\/company\/gamart","https:\/\/www.youtube.com\/channel\/UCsNRquoCKlZG5GYdkqXg1Mw\/"]}]}},"_links":{"self":[{"href":"https:\/\/gamart.pl\/ru\/wp-json\/wp\/v2\/pages\/2720","targetHints":{"allow":["GET"]}}],"collection":[{"href":"https:\/\/gamart.pl\/ru\/wp-json\/wp\/v2\/pages"}],"about":[{"href":"https:\/\/gamart.pl\/ru\/wp-json\/wp\/v2\/types\/page"}],"author":[{"embeddable":true,"href":"https:\/\/gamart.pl\/ru\/wp-json\/wp\/v2\/users\/1"}],"replies":[{"embeddable":true,"href":"https:\/\/gamart.pl\/ru\/wp-json\/wp\/v2\/comments?post=2720"}],"version-history":[{"count":1,"href":"https:\/\/gamart.pl\/ru\/wp-json\/wp\/v2\/pages\/2720\/revisions"}],"predecessor-version":[{"id":2724,"href":"https:\/\/gamart.pl\/ru\/wp-json\/wp\/v2\/pages\/2720\/revisions\/2724"}],"wp:attachment":[{"href":"https:\/\/gamart.pl\/ru\/wp-json\/wp\/v2\/media?parent=2720"}],"curies":[{"name":"wp","href":"https:\/\/api.w.org\/{rel}","templated":true}]}}