{"id":863,"date":"2022-02-03T20:44:59","date_gmt":"2022-02-03T19:44:59","guid":{"rendered":"http:\/\/www.rynny.gamart.pl\/?page_id=863"},"modified":"2022-04-16T22:27:20","modified_gmt":"2022-04-16T20:27:20","slug":"a-propos-de-nous","status":"publish","type":"page","link":"https:\/\/gamart.pl\/fr\/societe\/a-propos-de-nous\/","title":{"rendered":"\u00c0 propos de nous"},"content":{"rendered":"<p>GAMART SA a \u00e9t\u00e9 cr\u00e9\u00e9e en 1996. Nous sommes un producteur mondial de solutions innovantes dans l&rsquo;industrie des plastiques ainsi qu&rsquo;un distributeur local dans ce domaine en Pologne.<\/p>\n<p>Nous basons nos activit\u00e9s actuelles sur 4 piliers strat\u00e9giques :<\/p>\n<ul>\n<li><strong>Recherche et D\u00e9veloppement.<\/strong> D\u00e9veloppement de savoir-faire et conception de produits uniques \u00e0 l&rsquo;\u00e9chelle mondiale<\/li>\n<li><strong>Production<\/strong>. Sp\u00e9cialisation dans la r\u00e9alisation de raccords et coudes PE de grandes dimensions (jusqu&rsquo;\u00e0 1200 mm, tous SDR compris) et dans la r\u00e9alisation de syst\u00e8mes de r\u00e9cup\u00e9ration des eaux pluviales<\/li>\n<li><strong>Machinerie.<\/strong> Production et modernisation de machines pour la plasturgie (lignes compl\u00e8tes d&rsquo;extrusion, impression 3D grand format, lignes de production de filaments pour imprimantes 3D)<\/li>\n<li><strong>Distribution.<\/strong> R\u00e9seau de gros et de d\u00e9tail (15 magasins en Pologne o\u00f9 nous proposons nos propres produits et o\u00f9 nous distribuons les produits de nos partenaires locaux et internationaux)<\/li>\n<\/ul>\n<p>&nbsp;<\/p>\n<p>Notre derni\u00e8re innovation est une approche r\u00e9volutionnaire et brevet\u00e9e de la collecte des eaux de pluie que nous proposons \u00e9galement sous la marque HelloRAIN.<\/p>\n<p>Nous sommes fiers de tous nos produits innovants, pour lesquels nous recevons de nombreux prix et distinctions.<\/p>\n<p>Dans le m\u00eame temps, nous nous soucions \u00e9galement du d\u00e9veloppement durable et de l&rsquo;environnement que nous abordons avec une immense passion et responsabilit\u00e9.<\/p>\n<p>Nous d\u00e9veloppons continuellement notre r\u00e9seau de clients et de partenaires \u00e0 la fois localement et dans le monde entier. Par cons\u00e9quent, nous vous invitons \u00e9galement \u00e0 vous joindre \u00e0 la coop\u00e9ration avec nous.<\/p>\n","protected":false},"excerpt":{"rendered":"<p>GAMART SA a \u00e9t\u00e9 cr\u00e9\u00e9e en 1996. Nous sommes un producteur mondial de solutions innovantes dans l&rsquo;industrie des plastiques ainsi [&hellip;]<\/p>\n","protected":false},"author":1,"featured_media":414,"parent":2731,"menu_order":0,"comment_status":"closed","ping_status":"closed","template":"page-ofirmie.php","meta":{"_acf_changed":false,"footnotes":""},"class_list":["post-863","page","type-page","status-publish","has-post-thumbnail","hentry"],"acf":[],"yoast_head":"<!-- This site is optimized with the Yoast SEO plugin v27.4 - https:\/\/yoast.com\/product\/yoast-seo-wordpress\/ -->\n<title>\u00c0 propos de nous - Gamart<\/title>\n<meta name=\"robots\" content=\"index, follow, max-snippet:-1, max-image-preview:large, max-video-preview:-1\" \/>\n<link rel=\"canonical\" href=\"https:\/\/gamart.pl\/fr\/societe\/a-propos-de-nous\/\" \/>\n<meta property=\"og:locale\" content=\"fr_FR\" \/>\n<meta property=\"og:type\" content=\"article\" \/>\n<meta property=\"og:title\" content=\"\u00c0 propos de nous - Gamart\" \/>\n<meta property=\"og:description\" content=\"GAMART SA a \u00e9t\u00e9 cr\u00e9\u00e9e en 1996. Nous sommes un producteur mondial de solutions innovantes dans l&rsquo;industrie des plastiques ainsi [&hellip;]\" \/>\n<meta property=\"og:url\" content=\"https:\/\/gamart.pl\/fr\/societe\/a-propos-de-nous\/\" \/>\n<meta property=\"og:site_name\" content=\"Gamart\" \/>\n<meta property=\"article:publisher\" content=\"https:\/\/www.facebook.com\/firma.gamart\/\" \/>\n<meta property=\"article:modified_time\" content=\"2022-04-16T20:27:20+00:00\" \/>\n<meta property=\"og:image\" content=\"https:\/\/gamart.pl\/wp-content\/uploads\/2021\/01\/budynek-scaled.jpg\" \/>\n\t<meta property=\"og:image:width\" content=\"2560\" \/>\n\t<meta property=\"og:image:height\" content=\"1707\" \/>\n\t<meta property=\"og:image:type\" content=\"image\/jpeg\" \/>\n<meta name=\"twitter:card\" content=\"summary_large_image\" \/>\n<meta name=\"twitter:label1\" content=\"Dur\u00e9e de lecture estim\u00e9e\" \/>\n\t<meta name=\"twitter:data1\" content=\"1 minute\" \/>\n<script type=\"application\/ld+json\" class=\"yoast-schema-graph\">{\"@context\":\"https:\\\/\\\/schema.org\",\"@graph\":[{\"@type\":\"WebPage\",\"@id\":\"https:\\\/\\\/gamart.pl\\\/fr\\\/societe\\\/a-propos-de-nous\\\/\",\"url\":\"https:\\\/\\\/gamart.pl\\\/fr\\\/societe\\\/a-propos-de-nous\\\/\",\"name\":\"\u00c0 propos de nous - Gamart\",\"isPartOf\":{\"@id\":\"https:\\\/\\\/gamart.pl\\\/fr\\\/#website\"},\"primaryImageOfPage\":{\"@id\":\"https:\\\/\\\/gamart.pl\\\/fr\\\/societe\\\/a-propos-de-nous\\\/#primaryimage\"},\"image\":{\"@id\":\"https:\\\/\\\/gamart.pl\\\/fr\\\/societe\\\/a-propos-de-nous\\\/#primaryimage\"},\"thumbnailUrl\":\"https:\\\/\\\/gamart.pl\\\/wp-content\\\/uploads\\\/2021\\\/01\\\/budynek-scaled.jpg\",\"datePublished\":\"2022-02-03T19:44:59+00:00\",\"dateModified\":\"2022-04-16T20:27:20+00:00\",\"breadcrumb\":{\"@id\":\"https:\\\/\\\/gamart.pl\\\/fr\\\/societe\\\/a-propos-de-nous\\\/#breadcrumb\"},\"inLanguage\":\"fr-FR\",\"potentialAction\":[{\"@type\":\"ReadAction\",\"target\":[\"https:\\\/\\\/gamart.pl\\\/fr\\\/societe\\\/a-propos-de-nous\\\/\"]}]},{\"@type\":\"ImageObject\",\"inLanguage\":\"fr-FR\",\"@id\":\"https:\\\/\\\/gamart.pl\\\/fr\\\/societe\\\/a-propos-de-nous\\\/#primaryimage\",\"url\":\"https:\\\/\\\/gamart.pl\\\/wp-content\\\/uploads\\\/2021\\\/01\\\/budynek-scaled.jpg\",\"contentUrl\":\"https:\\\/\\\/gamart.pl\\\/wp-content\\\/uploads\\\/2021\\\/01\\\/budynek-scaled.jpg\",\"width\":2560,\"height\":1707},{\"@type\":\"BreadcrumbList\",\"@id\":\"https:\\\/\\\/gamart.pl\\\/fr\\\/societe\\\/a-propos-de-nous\\\/#breadcrumb\",\"itemListElement\":[{\"@type\":\"ListItem\",\"position\":1,\"name\":\"Strona g\u0142\u00f3wna\",\"item\":\"https:\\\/\\\/gamart.pl\\\/fr\\\/\"},{\"@type\":\"ListItem\",\"position\":2,\"name\":\"Soci\u00e9t\u00e9\",\"item\":\"https:\\\/\\\/gamart.pl\\\/fr\\\/societe\\\/\"},{\"@type\":\"ListItem\",\"position\":3,\"name\":\"\u00c0 propos de nous\"}]},{\"@type\":\"WebSite\",\"@id\":\"https:\\\/\\\/gamart.pl\\\/fr\\\/#website\",\"url\":\"https:\\\/\\\/gamart.pl\\\/fr\\\/\",\"name\":\"Gamart\",\"description\":\"Mi\u0119dzynarodowy pionier na rynku tworzyw sztucznych\",\"publisher\":{\"@id\":\"https:\\\/\\\/gamart.pl\\\/fr\\\/#organization\"},\"potentialAction\":[{\"@type\":\"SearchAction\",\"target\":{\"@type\":\"EntryPoint\",\"urlTemplate\":\"https:\\\/\\\/gamart.pl\\\/fr\\\/?s={search_term_string}\"},\"query-input\":{\"@type\":\"PropertyValueSpecification\",\"valueRequired\":true,\"valueName\":\"search_term_string\"}}],\"inLanguage\":\"fr-FR\"},{\"@type\":\"Organization\",\"@id\":\"https:\\\/\\\/gamart.pl\\\/fr\\\/#organization\",\"name\":\"Gamart\",\"url\":\"https:\\\/\\\/gamart.pl\\\/fr\\\/\",\"logo\":{\"@type\":\"ImageObject\",\"inLanguage\":\"fr-FR\",\"@id\":\"https:\\\/\\\/gamart.pl\\\/fr\\\/#\\\/schema\\\/logo\\\/image\\\/\",\"url\":\"https:\\\/\\\/gamart.pl\\\/wp-content\\\/uploads\\\/2022\\\/08\\\/cropped-android-icon-192x192-1.png\",\"contentUrl\":\"https:\\\/\\\/gamart.pl\\\/wp-content\\\/uploads\\\/2022\\\/08\\\/cropped-android-icon-192x192-1.png\",\"width\":512,\"height\":512,\"caption\":\"Gamart\"},\"image\":{\"@id\":\"https:\\\/\\\/gamart.pl\\\/fr\\\/#\\\/schema\\\/logo\\\/image\\\/\"},\"sameAs\":[\"https:\\\/\\\/www.facebook.com\\\/firma.gamart\\\/\",\"https:\\\/\\\/www.linkedin.com\\\/company\\\/gamart\",\"https:\\\/\\\/www.youtube.com\\\/channel\\\/UCsNRquoCKlZG5GYdkqXg1Mw\\\/\"]}]}<\/script>\n<!-- \/ Yoast SEO plugin. -->","yoast_head_json":{"title":"\u00c0 propos de nous - Gamart","robots":{"index":"index","follow":"follow","max-snippet":"max-snippet:-1","max-image-preview":"max-image-preview:large","max-video-preview":"max-video-preview:-1"},"canonical":"https:\/\/gamart.pl\/fr\/societe\/a-propos-de-nous\/","og_locale":"fr_FR","og_type":"article","og_title":"\u00c0 propos de nous - Gamart","og_description":"GAMART SA a \u00e9t\u00e9 cr\u00e9\u00e9e en 1996. Nous sommes un producteur mondial de solutions innovantes dans l&rsquo;industrie des plastiques ainsi [&hellip;]","og_url":"https:\/\/gamart.pl\/fr\/societe\/a-propos-de-nous\/","og_site_name":"Gamart","article_publisher":"https:\/\/www.facebook.com\/firma.gamart\/","article_modified_time":"2022-04-16T20:27:20+00:00","og_image":[{"width":2560,"height":1707,"url":"https:\/\/gamart.pl\/wp-content\/uploads\/2021\/01\/budynek-scaled.jpg","type":"image\/jpeg"}],"twitter_card":"summary_large_image","twitter_misc":{"Dur\u00e9e de lecture estim\u00e9e":"1 minute"},"schema":{"@context":"https:\/\/schema.org","@graph":[{"@type":"WebPage","@id":"https:\/\/gamart.pl\/fr\/societe\/a-propos-de-nous\/","url":"https:\/\/gamart.pl\/fr\/societe\/a-propos-de-nous\/","name":"\u00c0 propos de nous - Gamart","isPartOf":{"@id":"https:\/\/gamart.pl\/fr\/#website"},"primaryImageOfPage":{"@id":"https:\/\/gamart.pl\/fr\/societe\/a-propos-de-nous\/#primaryimage"},"image":{"@id":"https:\/\/gamart.pl\/fr\/societe\/a-propos-de-nous\/#primaryimage"},"thumbnailUrl":"https:\/\/gamart.pl\/wp-content\/uploads\/2021\/01\/budynek-scaled.jpg","datePublished":"2022-02-03T19:44:59+00:00","dateModified":"2022-04-16T20:27:20+00:00","breadcrumb":{"@id":"https:\/\/gamart.pl\/fr\/societe\/a-propos-de-nous\/#breadcrumb"},"inLanguage":"fr-FR","potentialAction":[{"@type":"ReadAction","target":["https:\/\/gamart.pl\/fr\/societe\/a-propos-de-nous\/"]}]},{"@type":"ImageObject","inLanguage":"fr-FR","@id":"https:\/\/gamart.pl\/fr\/societe\/a-propos-de-nous\/#primaryimage","url":"https:\/\/gamart.pl\/wp-content\/uploads\/2021\/01\/budynek-scaled.jpg","contentUrl":"https:\/\/gamart.pl\/wp-content\/uploads\/2021\/01\/budynek-scaled.jpg","width":2560,"height":1707},{"@type":"BreadcrumbList","@id":"https:\/\/gamart.pl\/fr\/societe\/a-propos-de-nous\/#breadcrumb","itemListElement":[{"@type":"ListItem","position":1,"name":"Strona g\u0142\u00f3wna","item":"https:\/\/gamart.pl\/fr\/"},{"@type":"ListItem","position":2,"name":"Soci\u00e9t\u00e9","item":"https:\/\/gamart.pl\/fr\/societe\/"},{"@type":"ListItem","position":3,"name":"\u00c0 propos de nous"}]},{"@type":"WebSite","@id":"https:\/\/gamart.pl\/fr\/#website","url":"https:\/\/gamart.pl\/fr\/","name":"Gamart","description":"Mi\u0119dzynarodowy pionier na rynku tworzyw sztucznych","publisher":{"@id":"https:\/\/gamart.pl\/fr\/#organization"},"potentialAction":[{"@type":"SearchAction","target":{"@type":"EntryPoint","urlTemplate":"https:\/\/gamart.pl\/fr\/?s={search_term_string}"},"query-input":{"@type":"PropertyValueSpecification","valueRequired":true,"valueName":"search_term_string"}}],"inLanguage":"fr-FR"},{"@type":"Organization","@id":"https:\/\/gamart.pl\/fr\/#organization","name":"Gamart","url":"https:\/\/gamart.pl\/fr\/","logo":{"@type":"ImageObject","inLanguage":"fr-FR","@id":"https:\/\/gamart.pl\/fr\/#\/schema\/logo\/image\/","url":"https:\/\/gamart.pl\/wp-content\/uploads\/2022\/08\/cropped-android-icon-192x192-1.png","contentUrl":"https:\/\/gamart.pl\/wp-content\/uploads\/2022\/08\/cropped-android-icon-192x192-1.png","width":512,"height":512,"caption":"Gamart"},"image":{"@id":"https:\/\/gamart.pl\/fr\/#\/schema\/logo\/image\/"},"sameAs":["https:\/\/www.facebook.com\/firma.gamart\/","https:\/\/www.linkedin.com\/company\/gamart","https:\/\/www.youtube.com\/channel\/UCsNRquoCKlZG5GYdkqXg1Mw\/"]}]}},"_links":{"self":[{"href":"https:\/\/gamart.pl\/fr\/wp-json\/wp\/v2\/pages\/863","targetHints":{"allow":["GET"]}}],"collection":[{"href":"https:\/\/gamart.pl\/fr\/wp-json\/wp\/v2\/pages"}],"about":[{"href":"https:\/\/gamart.pl\/fr\/wp-json\/wp\/v2\/types\/page"}],"author":[{"embeddable":true,"href":"https:\/\/gamart.pl\/fr\/wp-json\/wp\/v2\/users\/1"}],"replies":[{"embeddable":true,"href":"https:\/\/gamart.pl\/fr\/wp-json\/wp\/v2\/comments?post=863"}],"version-history":[{"count":2,"href":"https:\/\/gamart.pl\/fr\/wp-json\/wp\/v2\/pages\/863\/revisions"}],"predecessor-version":[{"id":2966,"href":"https:\/\/gamart.pl\/fr\/wp-json\/wp\/v2\/pages\/863\/revisions\/2966"}],"up":[{"embeddable":true,"href":"https:\/\/gamart.pl\/fr\/wp-json\/wp\/v2\/pages\/2731"}],"wp:featuredmedia":[{"embeddable":true,"href":"https:\/\/gamart.pl\/fr\/wp-json\/wp\/v2\/media\/414"}],"wp:attachment":[{"href":"https:\/\/gamart.pl\/fr\/wp-json\/wp\/v2\/media?parent=863"}],"curies":[{"name":"wp","href":"https:\/\/api.w.org\/{rel}","templated":true}]}}