{"id":3339,"date":"2021-02-09T12:15:28","date_gmt":"2021-02-09T11:15:28","guid":{"rendered":"http:\/\/www.rynny.gamart.pl\/offre\/rewizje\/"},"modified":"2022-08-08T15:28:30","modified_gmt":"2022-08-08T13:28:30","slug":"pieges-a-feuilles","status":"publish","type":"page","link":"https:\/\/gamart.pl\/fr\/offre\/pieges-a-feuilles\/","title":{"rendered":"Pi\u00e8ges \u00e0 Feuilles"},"content":{"rendered":"<p>Le s\u00e9parateur de feuilles (pi\u00e8ge \u00e0 feuilles) est un autre produit innovant fabriqu\u00e9 par GAMART SA. Son objectif principal est d&rsquo;arr\u00eater les contaminants qui s&rsquo;\u00e9coulent avec les eaux de pluie, principalement les feuilles.<\/p>\n<p>Notre s\u00e9parateur de feuilles est en effet un compl\u00e9ment parfait \u00e0 notre collecteur d&rsquo;eau de pluie.<\/p>\n<p>Il s&rsquo;adapte \u00e9galement \u00e0 la plupart des syst\u00e8mes de goutti\u00e8re des principales entreprises europ\u00e9ennes, y compris les marques polonaises.<\/p>\n<p>Dans le filtre \u00e0 feuilles GAMART, une cr\u00e9pine a \u00e9t\u00e9 install\u00e9e en permanence. Il prot\u00e8ge contre le passage des feuilles et aide au nettoyage p\u00e9riodique de l&rsquo;inspection de la contamination. Notre pi\u00e8ge \u00e0 feuilles est en outre \u00e9quip\u00e9e d&rsquo;un bouchon \u00e9tanche avec un joint, qui est mont\u00e9 en push-in sur notre s\u00e9parateur de feuilles. Par cons\u00e9quent, nous avons un acc\u00e8s facile \u00e0 la cr\u00e9pine et nous pouvons rapidement \u00e9liminer toute la contamination.<\/p>\n<p>Le s\u00e9parateur de feuilles GAMART peut \u00eatre produit dans tous les RAL (les couleurs les plus couramment utilis\u00e9es sont brun clair RAL : 8017, brun fonc\u00e9 RAL : 8019, graphite RAL : 7016, noir RAL : 9017).<\/p>\n<p>Tous nos produits sont disponibles sur notre boutique en ligne : <a href=\"https:\/\/egamart.pl\/\">https:\/\/egamart.pl\/<\/a><\/p>\n","protected":false},"excerpt":{"rendered":"<p>Le s\u00e9parateur de feuilles (pi\u00e8ge \u00e0 feuilles) est un autre produit innovant fabriqu\u00e9 par GAMART SA. Son objectif principal est [&hellip;]<\/p>\n","protected":false},"author":1,"featured_media":658,"parent":3060,"menu_order":5,"comment_status":"closed","ping_status":"closed","template":"page-product_category.php","meta":{"_acf_changed":false,"footnotes":""},"class_list":["post-3339","page","type-page","status-publish","has-post-thumbnail","hentry"],"acf":[],"yoast_head":"<!-- This site is optimized with the Yoast SEO plugin v27.3 - https:\/\/yoast.com\/product\/yoast-seo-wordpress\/ -->\n<title>Pi\u00e8ges \u00e0 Feuilles - Gamart<\/title>\n<meta name=\"robots\" content=\"index, follow, max-snippet:-1, max-image-preview:large, max-video-preview:-1\" \/>\n<link rel=\"canonical\" href=\"https:\/\/gamart.pl\/fr\/offre\/pieges-a-feuilles\/\" \/>\n<meta property=\"og:locale\" content=\"fr_FR\" \/>\n<meta property=\"og:type\" content=\"article\" \/>\n<meta property=\"og:title\" content=\"Pi\u00e8ges \u00e0 Feuilles - Gamart\" \/>\n<meta property=\"og:description\" content=\"Le s\u00e9parateur de feuilles (pi\u00e8ge \u00e0 feuilles) est un autre produit innovant fabriqu\u00e9 par GAMART SA. Son objectif principal est [&hellip;]\" \/>\n<meta property=\"og:url\" content=\"https:\/\/gamart.pl\/fr\/offre\/pieges-a-feuilles\/\" \/>\n<meta property=\"og:site_name\" content=\"Gamart\" \/>\n<meta property=\"article:publisher\" content=\"https:\/\/www.facebook.com\/firma.gamart\/\" \/>\n<meta property=\"article:modified_time\" content=\"2022-08-08T13:28:30+00:00\" \/>\n<meta property=\"og:image\" content=\"https:\/\/gamart.pl\/wp-content\/uploads\/2022\/01\/2-2.jpg\" \/>\n\t<meta property=\"og:image:width\" content=\"1500\" \/>\n\t<meta property=\"og:image:height\" content=\"1000\" \/>\n\t<meta property=\"og:image:type\" content=\"image\/jpeg\" \/>\n<meta name=\"twitter:card\" content=\"summary_large_image\" \/>\n<meta name=\"twitter:label1\" content=\"Dur\u00e9e de lecture estim\u00e9e\" \/>\n\t<meta name=\"twitter:data1\" content=\"1 minute\" \/>\n<script type=\"application\/ld+json\" class=\"yoast-schema-graph\">{\"@context\":\"https:\\\/\\\/schema.org\",\"@graph\":[{\"@type\":\"WebPage\",\"@id\":\"https:\\\/\\\/gamart.pl\\\/fr\\\/offre\\\/pieges-a-feuilles\\\/\",\"url\":\"https:\\\/\\\/gamart.pl\\\/fr\\\/offre\\\/pieges-a-feuilles\\\/\",\"name\":\"Pi\u00e8ges \u00e0 Feuilles - Gamart\",\"isPartOf\":{\"@id\":\"https:\\\/\\\/gamart.pl\\\/fr\\\/#website\"},\"primaryImageOfPage\":{\"@id\":\"https:\\\/\\\/gamart.pl\\\/fr\\\/offre\\\/pieges-a-feuilles\\\/#primaryimage\"},\"image\":{\"@id\":\"https:\\\/\\\/gamart.pl\\\/fr\\\/offre\\\/pieges-a-feuilles\\\/#primaryimage\"},\"thumbnailUrl\":\"https:\\\/\\\/gamart.pl\\\/wp-content\\\/uploads\\\/2022\\\/01\\\/2-2.jpg\",\"datePublished\":\"2021-02-09T11:15:28+00:00\",\"dateModified\":\"2022-08-08T13:28:30+00:00\",\"breadcrumb\":{\"@id\":\"https:\\\/\\\/gamart.pl\\\/fr\\\/offre\\\/pieges-a-feuilles\\\/#breadcrumb\"},\"inLanguage\":\"fr-FR\",\"potentialAction\":[{\"@type\":\"ReadAction\",\"target\":[\"https:\\\/\\\/gamart.pl\\\/fr\\\/offre\\\/pieges-a-feuilles\\\/\"]}]},{\"@type\":\"ImageObject\",\"inLanguage\":\"fr-FR\",\"@id\":\"https:\\\/\\\/gamart.pl\\\/fr\\\/offre\\\/pieges-a-feuilles\\\/#primaryimage\",\"url\":\"https:\\\/\\\/gamart.pl\\\/wp-content\\\/uploads\\\/2022\\\/01\\\/2-2.jpg\",\"contentUrl\":\"https:\\\/\\\/gamart.pl\\\/wp-content\\\/uploads\\\/2022\\\/01\\\/2-2.jpg\",\"width\":1500,\"height\":1000},{\"@type\":\"BreadcrumbList\",\"@id\":\"https:\\\/\\\/gamart.pl\\\/fr\\\/offre\\\/pieges-a-feuilles\\\/#breadcrumb\",\"itemListElement\":[{\"@type\":\"ListItem\",\"position\":1,\"name\":\"Strona g\u0142\u00f3wna\",\"item\":\"https:\\\/\\\/gamart.pl\\\/fr\\\/\"},{\"@type\":\"ListItem\",\"position\":2,\"name\":\"Offre\",\"item\":\"https:\\\/\\\/gamart.pl\\\/fr\\\/offre\\\/\"},{\"@type\":\"ListItem\",\"position\":3,\"name\":\"Pi\u00e8ges \u00e0 Feuilles\"}]},{\"@type\":\"WebSite\",\"@id\":\"https:\\\/\\\/gamart.pl\\\/fr\\\/#website\",\"url\":\"https:\\\/\\\/gamart.pl\\\/fr\\\/\",\"name\":\"Gamart\",\"description\":\"Mi\u0119dzynarodowy pionier na rynku tworzyw sztucznych\",\"publisher\":{\"@id\":\"https:\\\/\\\/gamart.pl\\\/fr\\\/#organization\"},\"potentialAction\":[{\"@type\":\"SearchAction\",\"target\":{\"@type\":\"EntryPoint\",\"urlTemplate\":\"https:\\\/\\\/gamart.pl\\\/fr\\\/?s={search_term_string}\"},\"query-input\":{\"@type\":\"PropertyValueSpecification\",\"valueRequired\":true,\"valueName\":\"search_term_string\"}}],\"inLanguage\":\"fr-FR\"},{\"@type\":\"Organization\",\"@id\":\"https:\\\/\\\/gamart.pl\\\/fr\\\/#organization\",\"name\":\"Gamart\",\"url\":\"https:\\\/\\\/gamart.pl\\\/fr\\\/\",\"logo\":{\"@type\":\"ImageObject\",\"inLanguage\":\"fr-FR\",\"@id\":\"https:\\\/\\\/gamart.pl\\\/fr\\\/#\\\/schema\\\/logo\\\/image\\\/\",\"url\":\"https:\\\/\\\/gamart.pl\\\/wp-content\\\/uploads\\\/2022\\\/08\\\/cropped-android-icon-192x192-1.png\",\"contentUrl\":\"https:\\\/\\\/gamart.pl\\\/wp-content\\\/uploads\\\/2022\\\/08\\\/cropped-android-icon-192x192-1.png\",\"width\":512,\"height\":512,\"caption\":\"Gamart\"},\"image\":{\"@id\":\"https:\\\/\\\/gamart.pl\\\/fr\\\/#\\\/schema\\\/logo\\\/image\\\/\"},\"sameAs\":[\"https:\\\/\\\/www.facebook.com\\\/firma.gamart\\\/\",\"https:\\\/\\\/www.linkedin.com\\\/company\\\/gamart\",\"https:\\\/\\\/www.youtube.com\\\/channel\\\/UCsNRquoCKlZG5GYdkqXg1Mw\\\/\"]}]}<\/script>\n<!-- \/ Yoast SEO plugin. -->","yoast_head_json":{"title":"Pi\u00e8ges \u00e0 Feuilles - Gamart","robots":{"index":"index","follow":"follow","max-snippet":"max-snippet:-1","max-image-preview":"max-image-preview:large","max-video-preview":"max-video-preview:-1"},"canonical":"https:\/\/gamart.pl\/fr\/offre\/pieges-a-feuilles\/","og_locale":"fr_FR","og_type":"article","og_title":"Pi\u00e8ges \u00e0 Feuilles - Gamart","og_description":"Le s\u00e9parateur de feuilles (pi\u00e8ge \u00e0 feuilles) est un autre produit innovant fabriqu\u00e9 par GAMART SA. Son objectif principal est [&hellip;]","og_url":"https:\/\/gamart.pl\/fr\/offre\/pieges-a-feuilles\/","og_site_name":"Gamart","article_publisher":"https:\/\/www.facebook.com\/firma.gamart\/","article_modified_time":"2022-08-08T13:28:30+00:00","og_image":[{"width":1500,"height":1000,"url":"https:\/\/gamart.pl\/wp-content\/uploads\/2022\/01\/2-2.jpg","type":"image\/jpeg"}],"twitter_card":"summary_large_image","twitter_misc":{"Dur\u00e9e de lecture estim\u00e9e":"1 minute"},"schema":{"@context":"https:\/\/schema.org","@graph":[{"@type":"WebPage","@id":"https:\/\/gamart.pl\/fr\/offre\/pieges-a-feuilles\/","url":"https:\/\/gamart.pl\/fr\/offre\/pieges-a-feuilles\/","name":"Pi\u00e8ges \u00e0 Feuilles - Gamart","isPartOf":{"@id":"https:\/\/gamart.pl\/fr\/#website"},"primaryImageOfPage":{"@id":"https:\/\/gamart.pl\/fr\/offre\/pieges-a-feuilles\/#primaryimage"},"image":{"@id":"https:\/\/gamart.pl\/fr\/offre\/pieges-a-feuilles\/#primaryimage"},"thumbnailUrl":"https:\/\/gamart.pl\/wp-content\/uploads\/2022\/01\/2-2.jpg","datePublished":"2021-02-09T11:15:28+00:00","dateModified":"2022-08-08T13:28:30+00:00","breadcrumb":{"@id":"https:\/\/gamart.pl\/fr\/offre\/pieges-a-feuilles\/#breadcrumb"},"inLanguage":"fr-FR","potentialAction":[{"@type":"ReadAction","target":["https:\/\/gamart.pl\/fr\/offre\/pieges-a-feuilles\/"]}]},{"@type":"ImageObject","inLanguage":"fr-FR","@id":"https:\/\/gamart.pl\/fr\/offre\/pieges-a-feuilles\/#primaryimage","url":"https:\/\/gamart.pl\/wp-content\/uploads\/2022\/01\/2-2.jpg","contentUrl":"https:\/\/gamart.pl\/wp-content\/uploads\/2022\/01\/2-2.jpg","width":1500,"height":1000},{"@type":"BreadcrumbList","@id":"https:\/\/gamart.pl\/fr\/offre\/pieges-a-feuilles\/#breadcrumb","itemListElement":[{"@type":"ListItem","position":1,"name":"Strona g\u0142\u00f3wna","item":"https:\/\/gamart.pl\/fr\/"},{"@type":"ListItem","position":2,"name":"Offre","item":"https:\/\/gamart.pl\/fr\/offre\/"},{"@type":"ListItem","position":3,"name":"Pi\u00e8ges \u00e0 Feuilles"}]},{"@type":"WebSite","@id":"https:\/\/gamart.pl\/fr\/#website","url":"https:\/\/gamart.pl\/fr\/","name":"Gamart","description":"Mi\u0119dzynarodowy pionier na rynku tworzyw sztucznych","publisher":{"@id":"https:\/\/gamart.pl\/fr\/#organization"},"potentialAction":[{"@type":"SearchAction","target":{"@type":"EntryPoint","urlTemplate":"https:\/\/gamart.pl\/fr\/?s={search_term_string}"},"query-input":{"@type":"PropertyValueSpecification","valueRequired":true,"valueName":"search_term_string"}}],"inLanguage":"fr-FR"},{"@type":"Organization","@id":"https:\/\/gamart.pl\/fr\/#organization","name":"Gamart","url":"https:\/\/gamart.pl\/fr\/","logo":{"@type":"ImageObject","inLanguage":"fr-FR","@id":"https:\/\/gamart.pl\/fr\/#\/schema\/logo\/image\/","url":"https:\/\/gamart.pl\/wp-content\/uploads\/2022\/08\/cropped-android-icon-192x192-1.png","contentUrl":"https:\/\/gamart.pl\/wp-content\/uploads\/2022\/08\/cropped-android-icon-192x192-1.png","width":512,"height":512,"caption":"Gamart"},"image":{"@id":"https:\/\/gamart.pl\/fr\/#\/schema\/logo\/image\/"},"sameAs":["https:\/\/www.facebook.com\/firma.gamart\/","https:\/\/www.linkedin.com\/company\/gamart","https:\/\/www.youtube.com\/channel\/UCsNRquoCKlZG5GYdkqXg1Mw\/"]}]}},"_links":{"self":[{"href":"https:\/\/gamart.pl\/fr\/wp-json\/wp\/v2\/pages\/3339","targetHints":{"allow":["GET"]}}],"collection":[{"href":"https:\/\/gamart.pl\/fr\/wp-json\/wp\/v2\/pages"}],"about":[{"href":"https:\/\/gamart.pl\/fr\/wp-json\/wp\/v2\/types\/page"}],"author":[{"embeddable":true,"href":"https:\/\/gamart.pl\/fr\/wp-json\/wp\/v2\/users\/1"}],"replies":[{"embeddable":true,"href":"https:\/\/gamart.pl\/fr\/wp-json\/wp\/v2\/comments?post=3339"}],"version-history":[{"count":2,"href":"https:\/\/gamart.pl\/fr\/wp-json\/wp\/v2\/pages\/3339\/revisions"}],"predecessor-version":[{"id":4189,"href":"https:\/\/gamart.pl\/fr\/wp-json\/wp\/v2\/pages\/3339\/revisions\/4189"}],"up":[{"embeddable":true,"href":"https:\/\/gamart.pl\/fr\/wp-json\/wp\/v2\/pages\/3060"}],"wp:featuredmedia":[{"embeddable":true,"href":"https:\/\/gamart.pl\/fr\/wp-json\/wp\/v2\/media\/658"}],"wp:attachment":[{"href":"https:\/\/gamart.pl\/fr\/wp-json\/wp\/v2\/media?parent=3339"}],"curies":[{"name":"wp","href":"https:\/\/api.w.org\/{rel}","templated":true}]}}