{"id":3323,"date":"2021-02-09T12:15:48","date_gmt":"2021-02-09T11:15:48","guid":{"rendered":"http:\/\/www.rynny.gamart.pl\/offre\/studnie-glebinowe\/"},"modified":"2022-07-25T13:37:16","modified_gmt":"2022-07-25T11:37:16","slug":"puits-profonds","status":"publish","type":"page","link":"https:\/\/gamart.pl\/fr\/offre\/puits-profonds\/","title":{"rendered":"Puits profonds"},"content":{"rendered":"<p>GAMART est sp\u00e9cialis\u00e9 dans les produits d\u00e9di\u00e9s \u00e0 la prise d&rsquo;eau de puits. Dans notre portefeuille, vous pouvez trouver les produits suivants :<\/p>\n<ul>\n<li>T\u00eates de puits (joints de puits sanitaires)<\/li>\n<li>Bo\u00eetier pour puits profonds<\/li>\n<li>Pompes pour puits profonds (Pompes submersibles)<\/li>\n<li>Autres accessoires : cordes (\u00e9lingues) pour pompes submersibles, c\u00f4nes de puits profonds, tuyaux de puits profonds<\/li>\n<\/ul>\n<p>Tous nos produits li\u00e9s aux puits profonds sont \u00e9galement disponibles dans notre boutique en ligne : <a href=\"https:\/\/www.egamart.pl\/\">https:\/\/www.egamart.pl\/<\/a><\/p>\n","protected":false},"excerpt":{"rendered":"<p>GAMART est sp\u00e9cialis\u00e9 dans les produits d\u00e9di\u00e9s \u00e0 la prise d&rsquo;eau de puits. Dans notre portefeuille, vous pouvez trouver les [&hellip;]<\/p>\n","protected":false},"author":1,"featured_media":947,"parent":3060,"menu_order":6,"comment_status":"closed","ping_status":"closed","template":"page-product_category.php","meta":{"_acf_changed":false,"footnotes":""},"class_list":["post-3323","page","type-page","status-publish","has-post-thumbnail","hentry"],"acf":[],"yoast_head":"<!-- This site is optimized with the Yoast SEO plugin v27.4 - https:\/\/yoast.com\/product\/yoast-seo-wordpress\/ -->\n<title>Puits profonds - Gamart<\/title>\n<meta name=\"robots\" content=\"index, follow, max-snippet:-1, max-image-preview:large, max-video-preview:-1\" \/>\n<link rel=\"canonical\" href=\"https:\/\/gamart.pl\/fr\/offre\/puits-profonds\/\" \/>\n<meta property=\"og:locale\" content=\"fr_FR\" \/>\n<meta property=\"og:type\" content=\"article\" \/>\n<meta property=\"og:title\" content=\"Puits profonds - Gamart\" \/>\n<meta property=\"og:description\" content=\"GAMART est sp\u00e9cialis\u00e9 dans les produits d\u00e9di\u00e9s \u00e0 la prise d&rsquo;eau de puits. Dans notre portefeuille, vous pouvez trouver les [&hellip;]\" \/>\n<meta property=\"og:url\" content=\"https:\/\/gamart.pl\/fr\/offre\/puits-profonds\/\" \/>\n<meta property=\"og:site_name\" content=\"Gamart\" \/>\n<meta property=\"article:publisher\" content=\"https:\/\/www.facebook.com\/firma.gamart\/\" \/>\n<meta property=\"article:modified_time\" content=\"2022-07-25T11:37:16+00:00\" \/>\n<meta property=\"og:image\" content=\"https:\/\/gamart.pl\/wp-content\/uploads\/2022\/02\/4.jpg\" \/>\n\t<meta property=\"og:image:width\" content=\"1500\" \/>\n\t<meta property=\"og:image:height\" content=\"1200\" \/>\n\t<meta property=\"og:image:type\" content=\"image\/jpeg\" \/>\n<meta name=\"twitter:card\" content=\"summary_large_image\" \/>\n<script type=\"application\/ld+json\" class=\"yoast-schema-graph\">{\"@context\":\"https:\\\/\\\/schema.org\",\"@graph\":[{\"@type\":\"WebPage\",\"@id\":\"https:\\\/\\\/gamart.pl\\\/fr\\\/offre\\\/puits-profonds\\\/\",\"url\":\"https:\\\/\\\/gamart.pl\\\/fr\\\/offre\\\/puits-profonds\\\/\",\"name\":\"Puits profonds - Gamart\",\"isPartOf\":{\"@id\":\"https:\\\/\\\/gamart.pl\\\/fr\\\/#website\"},\"primaryImageOfPage\":{\"@id\":\"https:\\\/\\\/gamart.pl\\\/fr\\\/offre\\\/puits-profonds\\\/#primaryimage\"},\"image\":{\"@id\":\"https:\\\/\\\/gamart.pl\\\/fr\\\/offre\\\/puits-profonds\\\/#primaryimage\"},\"thumbnailUrl\":\"https:\\\/\\\/gamart.pl\\\/wp-content\\\/uploads\\\/2022\\\/02\\\/4.jpg\",\"datePublished\":\"2021-02-09T11:15:48+00:00\",\"dateModified\":\"2022-07-25T11:37:16+00:00\",\"breadcrumb\":{\"@id\":\"https:\\\/\\\/gamart.pl\\\/fr\\\/offre\\\/puits-profonds\\\/#breadcrumb\"},\"inLanguage\":\"fr-FR\",\"potentialAction\":[{\"@type\":\"ReadAction\",\"target\":[\"https:\\\/\\\/gamart.pl\\\/fr\\\/offre\\\/puits-profonds\\\/\"]}]},{\"@type\":\"ImageObject\",\"inLanguage\":\"fr-FR\",\"@id\":\"https:\\\/\\\/gamart.pl\\\/fr\\\/offre\\\/puits-profonds\\\/#primaryimage\",\"url\":\"https:\\\/\\\/gamart.pl\\\/wp-content\\\/uploads\\\/2022\\\/02\\\/4.jpg\",\"contentUrl\":\"https:\\\/\\\/gamart.pl\\\/wp-content\\\/uploads\\\/2022\\\/02\\\/4.jpg\",\"width\":1500,\"height\":1200},{\"@type\":\"BreadcrumbList\",\"@id\":\"https:\\\/\\\/gamart.pl\\\/fr\\\/offre\\\/puits-profonds\\\/#breadcrumb\",\"itemListElement\":[{\"@type\":\"ListItem\",\"position\":1,\"name\":\"Strona g\u0142\u00f3wna\",\"item\":\"https:\\\/\\\/gamart.pl\\\/fr\\\/\"},{\"@type\":\"ListItem\",\"position\":2,\"name\":\"Offre\",\"item\":\"https:\\\/\\\/gamart.pl\\\/fr\\\/offre\\\/\"},{\"@type\":\"ListItem\",\"position\":3,\"name\":\"Puits profonds\"}]},{\"@type\":\"WebSite\",\"@id\":\"https:\\\/\\\/gamart.pl\\\/fr\\\/#website\",\"url\":\"https:\\\/\\\/gamart.pl\\\/fr\\\/\",\"name\":\"Gamart\",\"description\":\"Mi\u0119dzynarodowy pionier na rynku tworzyw sztucznych\",\"publisher\":{\"@id\":\"https:\\\/\\\/gamart.pl\\\/fr\\\/#organization\"},\"potentialAction\":[{\"@type\":\"SearchAction\",\"target\":{\"@type\":\"EntryPoint\",\"urlTemplate\":\"https:\\\/\\\/gamart.pl\\\/fr\\\/?s={search_term_string}\"},\"query-input\":{\"@type\":\"PropertyValueSpecification\",\"valueRequired\":true,\"valueName\":\"search_term_string\"}}],\"inLanguage\":\"fr-FR\"},{\"@type\":\"Organization\",\"@id\":\"https:\\\/\\\/gamart.pl\\\/fr\\\/#organization\",\"name\":\"Gamart\",\"url\":\"https:\\\/\\\/gamart.pl\\\/fr\\\/\",\"logo\":{\"@type\":\"ImageObject\",\"inLanguage\":\"fr-FR\",\"@id\":\"https:\\\/\\\/gamart.pl\\\/fr\\\/#\\\/schema\\\/logo\\\/image\\\/\",\"url\":\"https:\\\/\\\/gamart.pl\\\/wp-content\\\/uploads\\\/2022\\\/08\\\/cropped-android-icon-192x192-1.png\",\"contentUrl\":\"https:\\\/\\\/gamart.pl\\\/wp-content\\\/uploads\\\/2022\\\/08\\\/cropped-android-icon-192x192-1.png\",\"width\":512,\"height\":512,\"caption\":\"Gamart\"},\"image\":{\"@id\":\"https:\\\/\\\/gamart.pl\\\/fr\\\/#\\\/schema\\\/logo\\\/image\\\/\"},\"sameAs\":[\"https:\\\/\\\/www.facebook.com\\\/firma.gamart\\\/\",\"https:\\\/\\\/www.linkedin.com\\\/company\\\/gamart\",\"https:\\\/\\\/www.youtube.com\\\/channel\\\/UCsNRquoCKlZG5GYdkqXg1Mw\\\/\"]}]}<\/script>\n<!-- \/ Yoast SEO plugin. -->","yoast_head_json":{"title":"Puits profonds - Gamart","robots":{"index":"index","follow":"follow","max-snippet":"max-snippet:-1","max-image-preview":"max-image-preview:large","max-video-preview":"max-video-preview:-1"},"canonical":"https:\/\/gamart.pl\/fr\/offre\/puits-profonds\/","og_locale":"fr_FR","og_type":"article","og_title":"Puits profonds - Gamart","og_description":"GAMART est sp\u00e9cialis\u00e9 dans les produits d\u00e9di\u00e9s \u00e0 la prise d&rsquo;eau de puits. Dans notre portefeuille, vous pouvez trouver les [&hellip;]","og_url":"https:\/\/gamart.pl\/fr\/offre\/puits-profonds\/","og_site_name":"Gamart","article_publisher":"https:\/\/www.facebook.com\/firma.gamart\/","article_modified_time":"2022-07-25T11:37:16+00:00","og_image":[{"width":1500,"height":1200,"url":"https:\/\/gamart.pl\/wp-content\/uploads\/2022\/02\/4.jpg","type":"image\/jpeg"}],"twitter_card":"summary_large_image","schema":{"@context":"https:\/\/schema.org","@graph":[{"@type":"WebPage","@id":"https:\/\/gamart.pl\/fr\/offre\/puits-profonds\/","url":"https:\/\/gamart.pl\/fr\/offre\/puits-profonds\/","name":"Puits profonds - Gamart","isPartOf":{"@id":"https:\/\/gamart.pl\/fr\/#website"},"primaryImageOfPage":{"@id":"https:\/\/gamart.pl\/fr\/offre\/puits-profonds\/#primaryimage"},"image":{"@id":"https:\/\/gamart.pl\/fr\/offre\/puits-profonds\/#primaryimage"},"thumbnailUrl":"https:\/\/gamart.pl\/wp-content\/uploads\/2022\/02\/4.jpg","datePublished":"2021-02-09T11:15:48+00:00","dateModified":"2022-07-25T11:37:16+00:00","breadcrumb":{"@id":"https:\/\/gamart.pl\/fr\/offre\/puits-profonds\/#breadcrumb"},"inLanguage":"fr-FR","potentialAction":[{"@type":"ReadAction","target":["https:\/\/gamart.pl\/fr\/offre\/puits-profonds\/"]}]},{"@type":"ImageObject","inLanguage":"fr-FR","@id":"https:\/\/gamart.pl\/fr\/offre\/puits-profonds\/#primaryimage","url":"https:\/\/gamart.pl\/wp-content\/uploads\/2022\/02\/4.jpg","contentUrl":"https:\/\/gamart.pl\/wp-content\/uploads\/2022\/02\/4.jpg","width":1500,"height":1200},{"@type":"BreadcrumbList","@id":"https:\/\/gamart.pl\/fr\/offre\/puits-profonds\/#breadcrumb","itemListElement":[{"@type":"ListItem","position":1,"name":"Strona g\u0142\u00f3wna","item":"https:\/\/gamart.pl\/fr\/"},{"@type":"ListItem","position":2,"name":"Offre","item":"https:\/\/gamart.pl\/fr\/offre\/"},{"@type":"ListItem","position":3,"name":"Puits profonds"}]},{"@type":"WebSite","@id":"https:\/\/gamart.pl\/fr\/#website","url":"https:\/\/gamart.pl\/fr\/","name":"Gamart","description":"Mi\u0119dzynarodowy pionier na rynku tworzyw sztucznych","publisher":{"@id":"https:\/\/gamart.pl\/fr\/#organization"},"potentialAction":[{"@type":"SearchAction","target":{"@type":"EntryPoint","urlTemplate":"https:\/\/gamart.pl\/fr\/?s={search_term_string}"},"query-input":{"@type":"PropertyValueSpecification","valueRequired":true,"valueName":"search_term_string"}}],"inLanguage":"fr-FR"},{"@type":"Organization","@id":"https:\/\/gamart.pl\/fr\/#organization","name":"Gamart","url":"https:\/\/gamart.pl\/fr\/","logo":{"@type":"ImageObject","inLanguage":"fr-FR","@id":"https:\/\/gamart.pl\/fr\/#\/schema\/logo\/image\/","url":"https:\/\/gamart.pl\/wp-content\/uploads\/2022\/08\/cropped-android-icon-192x192-1.png","contentUrl":"https:\/\/gamart.pl\/wp-content\/uploads\/2022\/08\/cropped-android-icon-192x192-1.png","width":512,"height":512,"caption":"Gamart"},"image":{"@id":"https:\/\/gamart.pl\/fr\/#\/schema\/logo\/image\/"},"sameAs":["https:\/\/www.facebook.com\/firma.gamart\/","https:\/\/www.linkedin.com\/company\/gamart","https:\/\/www.youtube.com\/channel\/UCsNRquoCKlZG5GYdkqXg1Mw\/"]}]}},"_links":{"self":[{"href":"https:\/\/gamart.pl\/fr\/wp-json\/wp\/v2\/pages\/3323","targetHints":{"allow":["GET"]}}],"collection":[{"href":"https:\/\/gamart.pl\/fr\/wp-json\/wp\/v2\/pages"}],"about":[{"href":"https:\/\/gamart.pl\/fr\/wp-json\/wp\/v2\/types\/page"}],"author":[{"embeddable":true,"href":"https:\/\/gamart.pl\/fr\/wp-json\/wp\/v2\/users\/1"}],"replies":[{"embeddable":true,"href":"https:\/\/gamart.pl\/fr\/wp-json\/wp\/v2\/comments?post=3323"}],"version-history":[{"count":3,"href":"https:\/\/gamart.pl\/fr\/wp-json\/wp\/v2\/pages\/3323\/revisions"}],"predecessor-version":[{"id":3890,"href":"https:\/\/gamart.pl\/fr\/wp-json\/wp\/v2\/pages\/3323\/revisions\/3890"}],"up":[{"embeddable":true,"href":"https:\/\/gamart.pl\/fr\/wp-json\/wp\/v2\/pages\/3060"}],"wp:featuredmedia":[{"embeddable":true,"href":"https:\/\/gamart.pl\/fr\/wp-json\/wp\/v2\/media\/947"}],"wp:attachment":[{"href":"https:\/\/gamart.pl\/fr\/wp-json\/wp\/v2\/media?parent=3323"}],"curies":[{"name":"wp","href":"https:\/\/api.w.org\/{rel}","templated":true}]}}