{"id":3286,"date":"2021-02-09T12:16:13","date_gmt":"2021-02-09T11:16:13","guid":{"rendered":"http:\/\/www.rynny.gamart.pl\/offre\/systemy-rynnowe-i-podsufitki\/"},"modified":"2022-08-25T01:31:26","modified_gmt":"2022-08-24T23:31:26","slug":"systemes-de-gouttieres-et-soffites","status":"publish","type":"page","link":"https:\/\/gamart.pl\/fr\/offre\/systemes-de-gouttieres-et-soffites\/","title":{"rendered":"Syst\u00e8mes de goutti\u00e8res et soffites"},"content":{"rendered":"<p>GAMART est l&rsquo;un des principaux distributeurs de syst\u00e8mes de goutti\u00e8res en PVC en Pologne. Nous sommes heureux d&rsquo;offrir des syst\u00e8mes de goutti\u00e8res en PVC dans les tailles 75-100-125-150 dans les couleurs suivantes : brun fonc\u00e9, blanc, graphite, noir, rouge. De plus, notre offre comprend \u00e9galement des syst\u00e8mes de goutti\u00e8res en acrylique dans les couleurs suivantes : vert, noir, rouge brique, argent et cuivre. Les syst\u00e8mes de tuyaux de descente en PVC et en acrylique sont disponibles dans la plage de diam\u00e8tres 63-75-90-100-110.<\/p>\n<p>Les syst\u00e8mes de goutti\u00e8res en PVC sont enti\u00e8rement r\u00e9sistants \u00e0 la corrosion et ne n\u00e9cessitent pas de peinture. Ils sont faciles \u00e0 installer et \u00e0 entretenir, ce qui permet une utilisation sans probl\u00e8me pendant de nombreuses ann\u00e9es.<\/p>\n<p>L&rsquo;offre compl\u00e8te de syst\u00e8mes de goutti\u00e8res s&rsquo;int\u00e8gre parfaitement aux syst\u00e8mes de collecte d&rsquo;eau de pluie GAMART, o\u00f9 nous sommes un producteur innovant d&rsquo;une gamme compl\u00e8te de collecteurs d&rsquo;eau de pluie, de s\u00e9parateurs de feuilles et de r\u00e9servoirs d&rsquo;eau de pluie.<\/p>\n","protected":false},"excerpt":{"rendered":"<p>GAMART est l&rsquo;un des principaux distributeurs de syst\u00e8mes de goutti\u00e8res en PVC en Pologne. Nous sommes heureux d&rsquo;offrir des syst\u00e8mes [&hellip;]<\/p>\n","protected":false},"author":1,"featured_media":0,"parent":3060,"menu_order":8,"comment_status":"closed","ping_status":"closed","template":"page-product_category.php","meta":{"_acf_changed":false,"footnotes":""},"class_list":["post-3286","page","type-page","status-publish","hentry"],"acf":[],"yoast_head":"<!-- This site is optimized with the Yoast SEO plugin v27.4 - https:\/\/yoast.com\/product\/yoast-seo-wordpress\/ -->\n<title>Syst\u00e8mes de goutti\u00e8res et soffites - Gamart<\/title>\n<meta name=\"robots\" content=\"index, follow, max-snippet:-1, max-image-preview:large, max-video-preview:-1\" \/>\n<link rel=\"canonical\" href=\"https:\/\/gamart.pl\/fr\/offre\/systemes-de-gouttieres-et-soffites\/\" \/>\n<meta property=\"og:locale\" content=\"fr_FR\" \/>\n<meta property=\"og:type\" content=\"article\" \/>\n<meta property=\"og:title\" content=\"Syst\u00e8mes de goutti\u00e8res et soffites - Gamart\" \/>\n<meta property=\"og:description\" content=\"GAMART est l&rsquo;un des principaux distributeurs de syst\u00e8mes de goutti\u00e8res en PVC en Pologne. Nous sommes heureux d&rsquo;offrir des syst\u00e8mes [&hellip;]\" \/>\n<meta property=\"og:url\" content=\"https:\/\/gamart.pl\/fr\/offre\/systemes-de-gouttieres-et-soffites\/\" \/>\n<meta property=\"og:site_name\" content=\"Gamart\" \/>\n<meta property=\"article:publisher\" content=\"https:\/\/www.facebook.com\/firma.gamart\/\" \/>\n<meta property=\"article:modified_time\" content=\"2022-08-24T23:31:26+00:00\" \/>\n<meta name=\"twitter:card\" content=\"summary_large_image\" \/>\n<meta name=\"twitter:label1\" content=\"Dur\u00e9e de lecture estim\u00e9e\" \/>\n\t<meta name=\"twitter:data1\" content=\"1 minute\" \/>\n<script type=\"application\/ld+json\" class=\"yoast-schema-graph\">{\"@context\":\"https:\\\/\\\/schema.org\",\"@graph\":[{\"@type\":\"WebPage\",\"@id\":\"https:\\\/\\\/gamart.pl\\\/fr\\\/offre\\\/systemes-de-gouttieres-et-soffites\\\/\",\"url\":\"https:\\\/\\\/gamart.pl\\\/fr\\\/offre\\\/systemes-de-gouttieres-et-soffites\\\/\",\"name\":\"Syst\u00e8mes de goutti\u00e8res et soffites - Gamart\",\"isPartOf\":{\"@id\":\"https:\\\/\\\/gamart.pl\\\/fr\\\/#website\"},\"datePublished\":\"2021-02-09T11:16:13+00:00\",\"dateModified\":\"2022-08-24T23:31:26+00:00\",\"breadcrumb\":{\"@id\":\"https:\\\/\\\/gamart.pl\\\/fr\\\/offre\\\/systemes-de-gouttieres-et-soffites\\\/#breadcrumb\"},\"inLanguage\":\"fr-FR\",\"potentialAction\":[{\"@type\":\"ReadAction\",\"target\":[\"https:\\\/\\\/gamart.pl\\\/fr\\\/offre\\\/systemes-de-gouttieres-et-soffites\\\/\"]}]},{\"@type\":\"BreadcrumbList\",\"@id\":\"https:\\\/\\\/gamart.pl\\\/fr\\\/offre\\\/systemes-de-gouttieres-et-soffites\\\/#breadcrumb\",\"itemListElement\":[{\"@type\":\"ListItem\",\"position\":1,\"name\":\"Strona g\u0142\u00f3wna\",\"item\":\"https:\\\/\\\/gamart.pl\\\/fr\\\/\"},{\"@type\":\"ListItem\",\"position\":2,\"name\":\"Offre\",\"item\":\"https:\\\/\\\/gamart.pl\\\/fr\\\/offre\\\/\"},{\"@type\":\"ListItem\",\"position\":3,\"name\":\"Syst\u00e8mes de goutti\u00e8res et soffites\"}]},{\"@type\":\"WebSite\",\"@id\":\"https:\\\/\\\/gamart.pl\\\/fr\\\/#website\",\"url\":\"https:\\\/\\\/gamart.pl\\\/fr\\\/\",\"name\":\"Gamart\",\"description\":\"Mi\u0119dzynarodowy pionier na rynku tworzyw sztucznych\",\"publisher\":{\"@id\":\"https:\\\/\\\/gamart.pl\\\/fr\\\/#organization\"},\"potentialAction\":[{\"@type\":\"SearchAction\",\"target\":{\"@type\":\"EntryPoint\",\"urlTemplate\":\"https:\\\/\\\/gamart.pl\\\/fr\\\/?s={search_term_string}\"},\"query-input\":{\"@type\":\"PropertyValueSpecification\",\"valueRequired\":true,\"valueName\":\"search_term_string\"}}],\"inLanguage\":\"fr-FR\"},{\"@type\":\"Organization\",\"@id\":\"https:\\\/\\\/gamart.pl\\\/fr\\\/#organization\",\"name\":\"Gamart\",\"url\":\"https:\\\/\\\/gamart.pl\\\/fr\\\/\",\"logo\":{\"@type\":\"ImageObject\",\"inLanguage\":\"fr-FR\",\"@id\":\"https:\\\/\\\/gamart.pl\\\/fr\\\/#\\\/schema\\\/logo\\\/image\\\/\",\"url\":\"https:\\\/\\\/gamart.pl\\\/wp-content\\\/uploads\\\/2022\\\/08\\\/cropped-android-icon-192x192-1.png\",\"contentUrl\":\"https:\\\/\\\/gamart.pl\\\/wp-content\\\/uploads\\\/2022\\\/08\\\/cropped-android-icon-192x192-1.png\",\"width\":512,\"height\":512,\"caption\":\"Gamart\"},\"image\":{\"@id\":\"https:\\\/\\\/gamart.pl\\\/fr\\\/#\\\/schema\\\/logo\\\/image\\\/\"},\"sameAs\":[\"https:\\\/\\\/www.facebook.com\\\/firma.gamart\\\/\",\"https:\\\/\\\/www.linkedin.com\\\/company\\\/gamart\",\"https:\\\/\\\/www.youtube.com\\\/channel\\\/UCsNRquoCKlZG5GYdkqXg1Mw\\\/\"]}]}<\/script>\n<!-- \/ Yoast SEO plugin. -->","yoast_head_json":{"title":"Syst\u00e8mes de goutti\u00e8res et soffites - Gamart","robots":{"index":"index","follow":"follow","max-snippet":"max-snippet:-1","max-image-preview":"max-image-preview:large","max-video-preview":"max-video-preview:-1"},"canonical":"https:\/\/gamart.pl\/fr\/offre\/systemes-de-gouttieres-et-soffites\/","og_locale":"fr_FR","og_type":"article","og_title":"Syst\u00e8mes de goutti\u00e8res et soffites - Gamart","og_description":"GAMART est l&rsquo;un des principaux distributeurs de syst\u00e8mes de goutti\u00e8res en PVC en Pologne. Nous sommes heureux d&rsquo;offrir des syst\u00e8mes [&hellip;]","og_url":"https:\/\/gamart.pl\/fr\/offre\/systemes-de-gouttieres-et-soffites\/","og_site_name":"Gamart","article_publisher":"https:\/\/www.facebook.com\/firma.gamart\/","article_modified_time":"2022-08-24T23:31:26+00:00","twitter_card":"summary_large_image","twitter_misc":{"Dur\u00e9e de lecture estim\u00e9e":"1 minute"},"schema":{"@context":"https:\/\/schema.org","@graph":[{"@type":"WebPage","@id":"https:\/\/gamart.pl\/fr\/offre\/systemes-de-gouttieres-et-soffites\/","url":"https:\/\/gamart.pl\/fr\/offre\/systemes-de-gouttieres-et-soffites\/","name":"Syst\u00e8mes de goutti\u00e8res et soffites - Gamart","isPartOf":{"@id":"https:\/\/gamart.pl\/fr\/#website"},"datePublished":"2021-02-09T11:16:13+00:00","dateModified":"2022-08-24T23:31:26+00:00","breadcrumb":{"@id":"https:\/\/gamart.pl\/fr\/offre\/systemes-de-gouttieres-et-soffites\/#breadcrumb"},"inLanguage":"fr-FR","potentialAction":[{"@type":"ReadAction","target":["https:\/\/gamart.pl\/fr\/offre\/systemes-de-gouttieres-et-soffites\/"]}]},{"@type":"BreadcrumbList","@id":"https:\/\/gamart.pl\/fr\/offre\/systemes-de-gouttieres-et-soffites\/#breadcrumb","itemListElement":[{"@type":"ListItem","position":1,"name":"Strona g\u0142\u00f3wna","item":"https:\/\/gamart.pl\/fr\/"},{"@type":"ListItem","position":2,"name":"Offre","item":"https:\/\/gamart.pl\/fr\/offre\/"},{"@type":"ListItem","position":3,"name":"Syst\u00e8mes de goutti\u00e8res et soffites"}]},{"@type":"WebSite","@id":"https:\/\/gamart.pl\/fr\/#website","url":"https:\/\/gamart.pl\/fr\/","name":"Gamart","description":"Mi\u0119dzynarodowy pionier na rynku tworzyw sztucznych","publisher":{"@id":"https:\/\/gamart.pl\/fr\/#organization"},"potentialAction":[{"@type":"SearchAction","target":{"@type":"EntryPoint","urlTemplate":"https:\/\/gamart.pl\/fr\/?s={search_term_string}"},"query-input":{"@type":"PropertyValueSpecification","valueRequired":true,"valueName":"search_term_string"}}],"inLanguage":"fr-FR"},{"@type":"Organization","@id":"https:\/\/gamart.pl\/fr\/#organization","name":"Gamart","url":"https:\/\/gamart.pl\/fr\/","logo":{"@type":"ImageObject","inLanguage":"fr-FR","@id":"https:\/\/gamart.pl\/fr\/#\/schema\/logo\/image\/","url":"https:\/\/gamart.pl\/wp-content\/uploads\/2022\/08\/cropped-android-icon-192x192-1.png","contentUrl":"https:\/\/gamart.pl\/wp-content\/uploads\/2022\/08\/cropped-android-icon-192x192-1.png","width":512,"height":512,"caption":"Gamart"},"image":{"@id":"https:\/\/gamart.pl\/fr\/#\/schema\/logo\/image\/"},"sameAs":["https:\/\/www.facebook.com\/firma.gamart\/","https:\/\/www.linkedin.com\/company\/gamart","https:\/\/www.youtube.com\/channel\/UCsNRquoCKlZG5GYdkqXg1Mw\/"]}]}},"_links":{"self":[{"href":"https:\/\/gamart.pl\/fr\/wp-json\/wp\/v2\/pages\/3286","targetHints":{"allow":["GET"]}}],"collection":[{"href":"https:\/\/gamart.pl\/fr\/wp-json\/wp\/v2\/pages"}],"about":[{"href":"https:\/\/gamart.pl\/fr\/wp-json\/wp\/v2\/types\/page"}],"author":[{"embeddable":true,"href":"https:\/\/gamart.pl\/fr\/wp-json\/wp\/v2\/users\/1"}],"replies":[{"embeddable":true,"href":"https:\/\/gamart.pl\/fr\/wp-json\/wp\/v2\/comments?post=3286"}],"version-history":[{"count":2,"href":"https:\/\/gamart.pl\/fr\/wp-json\/wp\/v2\/pages\/3286\/revisions"}],"predecessor-version":[{"id":4227,"href":"https:\/\/gamart.pl\/fr\/wp-json\/wp\/v2\/pages\/3286\/revisions\/4227"}],"up":[{"embeddable":true,"href":"https:\/\/gamart.pl\/fr\/wp-json\/wp\/v2\/pages\/3060"}],"wp:attachment":[{"href":"https:\/\/gamart.pl\/fr\/wp-json\/wp\/v2\/media?parent=3286"}],"curies":[{"name":"wp","href":"https:\/\/api.w.org\/{rel}","templated":true}]}}