{"id":3234,"date":"2021-02-09T12:16:00","date_gmt":"2021-02-09T11:16:00","guid":{"rendered":"http:\/\/www.rynny.gamart.pl\/offre\/oczyszczalnie-i-zbiorniki\/"},"modified":"2022-08-25T01:34:13","modified_gmt":"2022-08-24T23:34:13","slug":"stations-et-reservoirs-de-traitement","status":"publish","type":"page","link":"https:\/\/gamart.pl\/fr\/offre\/stations-et-reservoirs-de-traitement\/","title":{"rendered":"Stations et r\u00e9servoirs de traitement"},"content":{"rendered":"<p>Les stations d&rsquo;\u00e9puration des eaux us\u00e9es sont une solution parfaite pour un traitement des eaux us\u00e9es \u00e0 domicile pour les b\u00e2timents unifamiliaux ou multifamiliaux o\u00f9 l&rsquo;\u00e9vacuation de l&rsquo;eau est ex\u00e9cut\u00e9e au moyen de drainage.<\/p>\n<ul>\n<li>Solution de traitement des eaux us\u00e9es simple et peu co\u00fbteuse<\/li>\n<li>Sans entretien. Pas besoin d&rsquo;\u00e9lectricit\u00e9<\/li>\n<li>La cuve de traitement est l\u00e9g\u00e8re et facile \u00e0 installer<\/li>\n<li>La solution parfaite pour des conditions de terrain favorables<\/li>\n<li>Conformit\u00e9 aux normes applicables : EN 12566-1 : 2000 \/ A1 : 2003 et EN 12566-1 : 2004 A1 : 2006. Certificat d&rsquo;hygi\u00e8ne : HK \/ W \/ 0862\/01\/2012<\/li>\n<\/ul>\n<p>GAMART garantit non seulement un achat \u00e0 des conditions avantageuses mais \u00e9galement des conseils professionnels dans le choix d&rsquo;une station d&rsquo;\u00e9puration.<\/p>\n","protected":false},"excerpt":{"rendered":"<p>Les stations d&rsquo;\u00e9puration des eaux us\u00e9es sont une solution parfaite pour un traitement des eaux us\u00e9es \u00e0 domicile pour les [&hellip;]<\/p>\n","protected":false},"author":1,"featured_media":0,"parent":3060,"menu_order":7,"comment_status":"closed","ping_status":"closed","template":"page-product_category.php","meta":{"_acf_changed":false,"footnotes":""},"class_list":["post-3234","page","type-page","status-publish","hentry"],"acf":[],"yoast_head":"<!-- This site is optimized with the Yoast SEO plugin v27.3 - https:\/\/yoast.com\/product\/yoast-seo-wordpress\/ -->\n<title>Stations et r\u00e9servoirs de traitement - Gamart<\/title>\n<meta name=\"robots\" content=\"index, follow, max-snippet:-1, max-image-preview:large, max-video-preview:-1\" \/>\n<link rel=\"canonical\" href=\"https:\/\/gamart.pl\/fr\/offre\/stations-et-reservoirs-de-traitement\/\" \/>\n<meta property=\"og:locale\" content=\"fr_FR\" \/>\n<meta property=\"og:type\" content=\"article\" \/>\n<meta property=\"og:title\" content=\"Stations et r\u00e9servoirs de traitement - Gamart\" \/>\n<meta property=\"og:description\" content=\"Les stations d&rsquo;\u00e9puration des eaux us\u00e9es sont une solution parfaite pour un traitement des eaux us\u00e9es \u00e0 domicile pour les [&hellip;]\" \/>\n<meta property=\"og:url\" content=\"https:\/\/gamart.pl\/fr\/offre\/stations-et-reservoirs-de-traitement\/\" \/>\n<meta property=\"og:site_name\" content=\"Gamart\" \/>\n<meta property=\"article:publisher\" content=\"https:\/\/www.facebook.com\/firma.gamart\/\" \/>\n<meta property=\"article:modified_time\" content=\"2022-08-24T23:34:13+00:00\" \/>\n<meta name=\"twitter:card\" content=\"summary_large_image\" \/>\n<meta name=\"twitter:label1\" content=\"Dur\u00e9e de lecture estim\u00e9e\" \/>\n\t<meta name=\"twitter:data1\" content=\"1 minute\" \/>\n<script type=\"application\/ld+json\" class=\"yoast-schema-graph\">{\"@context\":\"https:\\\/\\\/schema.org\",\"@graph\":[{\"@type\":\"WebPage\",\"@id\":\"https:\\\/\\\/gamart.pl\\\/fr\\\/offre\\\/stations-et-reservoirs-de-traitement\\\/\",\"url\":\"https:\\\/\\\/gamart.pl\\\/fr\\\/offre\\\/stations-et-reservoirs-de-traitement\\\/\",\"name\":\"Stations et r\u00e9servoirs de traitement - Gamart\",\"isPartOf\":{\"@id\":\"https:\\\/\\\/gamart.pl\\\/fr\\\/#website\"},\"datePublished\":\"2021-02-09T11:16:00+00:00\",\"dateModified\":\"2022-08-24T23:34:13+00:00\",\"breadcrumb\":{\"@id\":\"https:\\\/\\\/gamart.pl\\\/fr\\\/offre\\\/stations-et-reservoirs-de-traitement\\\/#breadcrumb\"},\"inLanguage\":\"fr-FR\",\"potentialAction\":[{\"@type\":\"ReadAction\",\"target\":[\"https:\\\/\\\/gamart.pl\\\/fr\\\/offre\\\/stations-et-reservoirs-de-traitement\\\/\"]}]},{\"@type\":\"BreadcrumbList\",\"@id\":\"https:\\\/\\\/gamart.pl\\\/fr\\\/offre\\\/stations-et-reservoirs-de-traitement\\\/#breadcrumb\",\"itemListElement\":[{\"@type\":\"ListItem\",\"position\":1,\"name\":\"Strona g\u0142\u00f3wna\",\"item\":\"https:\\\/\\\/gamart.pl\\\/fr\\\/\"},{\"@type\":\"ListItem\",\"position\":2,\"name\":\"Offre\",\"item\":\"https:\\\/\\\/gamart.pl\\\/fr\\\/offre\\\/\"},{\"@type\":\"ListItem\",\"position\":3,\"name\":\"Stations et r\u00e9servoirs de traitement\"}]},{\"@type\":\"WebSite\",\"@id\":\"https:\\\/\\\/gamart.pl\\\/fr\\\/#website\",\"url\":\"https:\\\/\\\/gamart.pl\\\/fr\\\/\",\"name\":\"Gamart\",\"description\":\"Mi\u0119dzynarodowy pionier na rynku tworzyw sztucznych\",\"publisher\":{\"@id\":\"https:\\\/\\\/gamart.pl\\\/fr\\\/#organization\"},\"potentialAction\":[{\"@type\":\"SearchAction\",\"target\":{\"@type\":\"EntryPoint\",\"urlTemplate\":\"https:\\\/\\\/gamart.pl\\\/fr\\\/?s={search_term_string}\"},\"query-input\":{\"@type\":\"PropertyValueSpecification\",\"valueRequired\":true,\"valueName\":\"search_term_string\"}}],\"inLanguage\":\"fr-FR\"},{\"@type\":\"Organization\",\"@id\":\"https:\\\/\\\/gamart.pl\\\/fr\\\/#organization\",\"name\":\"Gamart\",\"url\":\"https:\\\/\\\/gamart.pl\\\/fr\\\/\",\"logo\":{\"@type\":\"ImageObject\",\"inLanguage\":\"fr-FR\",\"@id\":\"https:\\\/\\\/gamart.pl\\\/fr\\\/#\\\/schema\\\/logo\\\/image\\\/\",\"url\":\"https:\\\/\\\/gamart.pl\\\/wp-content\\\/uploads\\\/2022\\\/08\\\/cropped-android-icon-192x192-1.png\",\"contentUrl\":\"https:\\\/\\\/gamart.pl\\\/wp-content\\\/uploads\\\/2022\\\/08\\\/cropped-android-icon-192x192-1.png\",\"width\":512,\"height\":512,\"caption\":\"Gamart\"},\"image\":{\"@id\":\"https:\\\/\\\/gamart.pl\\\/fr\\\/#\\\/schema\\\/logo\\\/image\\\/\"},\"sameAs\":[\"https:\\\/\\\/www.facebook.com\\\/firma.gamart\\\/\",\"https:\\\/\\\/www.linkedin.com\\\/company\\\/gamart\",\"https:\\\/\\\/www.youtube.com\\\/channel\\\/UCsNRquoCKlZG5GYdkqXg1Mw\\\/\"]}]}<\/script>\n<!-- \/ Yoast SEO plugin. -->","yoast_head_json":{"title":"Stations et r\u00e9servoirs de traitement - Gamart","robots":{"index":"index","follow":"follow","max-snippet":"max-snippet:-1","max-image-preview":"max-image-preview:large","max-video-preview":"max-video-preview:-1"},"canonical":"https:\/\/gamart.pl\/fr\/offre\/stations-et-reservoirs-de-traitement\/","og_locale":"fr_FR","og_type":"article","og_title":"Stations et r\u00e9servoirs de traitement - Gamart","og_description":"Les stations d&rsquo;\u00e9puration des eaux us\u00e9es sont une solution parfaite pour un traitement des eaux us\u00e9es \u00e0 domicile pour les [&hellip;]","og_url":"https:\/\/gamart.pl\/fr\/offre\/stations-et-reservoirs-de-traitement\/","og_site_name":"Gamart","article_publisher":"https:\/\/www.facebook.com\/firma.gamart\/","article_modified_time":"2022-08-24T23:34:13+00:00","twitter_card":"summary_large_image","twitter_misc":{"Dur\u00e9e de lecture estim\u00e9e":"1 minute"},"schema":{"@context":"https:\/\/schema.org","@graph":[{"@type":"WebPage","@id":"https:\/\/gamart.pl\/fr\/offre\/stations-et-reservoirs-de-traitement\/","url":"https:\/\/gamart.pl\/fr\/offre\/stations-et-reservoirs-de-traitement\/","name":"Stations et r\u00e9servoirs de traitement - Gamart","isPartOf":{"@id":"https:\/\/gamart.pl\/fr\/#website"},"datePublished":"2021-02-09T11:16:00+00:00","dateModified":"2022-08-24T23:34:13+00:00","breadcrumb":{"@id":"https:\/\/gamart.pl\/fr\/offre\/stations-et-reservoirs-de-traitement\/#breadcrumb"},"inLanguage":"fr-FR","potentialAction":[{"@type":"ReadAction","target":["https:\/\/gamart.pl\/fr\/offre\/stations-et-reservoirs-de-traitement\/"]}]},{"@type":"BreadcrumbList","@id":"https:\/\/gamart.pl\/fr\/offre\/stations-et-reservoirs-de-traitement\/#breadcrumb","itemListElement":[{"@type":"ListItem","position":1,"name":"Strona g\u0142\u00f3wna","item":"https:\/\/gamart.pl\/fr\/"},{"@type":"ListItem","position":2,"name":"Offre","item":"https:\/\/gamart.pl\/fr\/offre\/"},{"@type":"ListItem","position":3,"name":"Stations et r\u00e9servoirs de traitement"}]},{"@type":"WebSite","@id":"https:\/\/gamart.pl\/fr\/#website","url":"https:\/\/gamart.pl\/fr\/","name":"Gamart","description":"Mi\u0119dzynarodowy pionier na rynku tworzyw sztucznych","publisher":{"@id":"https:\/\/gamart.pl\/fr\/#organization"},"potentialAction":[{"@type":"SearchAction","target":{"@type":"EntryPoint","urlTemplate":"https:\/\/gamart.pl\/fr\/?s={search_term_string}"},"query-input":{"@type":"PropertyValueSpecification","valueRequired":true,"valueName":"search_term_string"}}],"inLanguage":"fr-FR"},{"@type":"Organization","@id":"https:\/\/gamart.pl\/fr\/#organization","name":"Gamart","url":"https:\/\/gamart.pl\/fr\/","logo":{"@type":"ImageObject","inLanguage":"fr-FR","@id":"https:\/\/gamart.pl\/fr\/#\/schema\/logo\/image\/","url":"https:\/\/gamart.pl\/wp-content\/uploads\/2022\/08\/cropped-android-icon-192x192-1.png","contentUrl":"https:\/\/gamart.pl\/wp-content\/uploads\/2022\/08\/cropped-android-icon-192x192-1.png","width":512,"height":512,"caption":"Gamart"},"image":{"@id":"https:\/\/gamart.pl\/fr\/#\/schema\/logo\/image\/"},"sameAs":["https:\/\/www.facebook.com\/firma.gamart\/","https:\/\/www.linkedin.com\/company\/gamart","https:\/\/www.youtube.com\/channel\/UCsNRquoCKlZG5GYdkqXg1Mw\/"]}]}},"_links":{"self":[{"href":"https:\/\/gamart.pl\/fr\/wp-json\/wp\/v2\/pages\/3234","targetHints":{"allow":["GET"]}}],"collection":[{"href":"https:\/\/gamart.pl\/fr\/wp-json\/wp\/v2\/pages"}],"about":[{"href":"https:\/\/gamart.pl\/fr\/wp-json\/wp\/v2\/types\/page"}],"author":[{"embeddable":true,"href":"https:\/\/gamart.pl\/fr\/wp-json\/wp\/v2\/users\/1"}],"replies":[{"embeddable":true,"href":"https:\/\/gamart.pl\/fr\/wp-json\/wp\/v2\/comments?post=3234"}],"version-history":[{"count":2,"href":"https:\/\/gamart.pl\/fr\/wp-json\/wp\/v2\/pages\/3234\/revisions"}],"predecessor-version":[{"id":4235,"href":"https:\/\/gamart.pl\/fr\/wp-json\/wp\/v2\/pages\/3234\/revisions\/4235"}],"up":[{"embeddable":true,"href":"https:\/\/gamart.pl\/fr\/wp-json\/wp\/v2\/pages\/3060"}],"wp:attachment":[{"href":"https:\/\/gamart.pl\/fr\/wp-json\/wp\/v2\/media?parent=3234"}],"curies":[{"name":"wp","href":"https:\/\/api.w.org\/{rel}","templated":true}]}}