{"id":3171,"date":"2021-02-05T17:41:21","date_gmt":"2021-02-05T16:41:21","guid":{"rendered":"http:\/\/www.rynny.gamart.pl\/offre\/ksztaltki-pe\/"},"modified":"2022-07-25T13:33:53","modified_gmt":"2022-07-25T11:33:53","slug":"raccords-pe","status":"publish","type":"page","link":"https:\/\/gamart.pl\/fr\/offre\/raccords-pe\/","title":{"rendered":"Raccords PE"},"content":{"rendered":"<p>GAMART SA produit des raccords PE de qualit\u00e9 sup\u00e9rieure avec des diam\u00e8tres jusqu&rsquo;\u00e0 1200 mm dans chaque SDR possible. Les versions varient de raccords longs, courts et non standard et sont applicables \u00e0 de nombreuses industries.<\/p>\n<p>Nos raccords PE sont bas\u00e9s sur un processus technologique innovant qui garantit le respect des exigences de qualit\u00e9 les plus \u00e9lev\u00e9es. Les raccords GAMART PE se caract\u00e9risent par des propri\u00e9t\u00e9s m\u00e9caniques bien meilleures que les raccords produits par la m\u00e9thodologie d&rsquo;injection gr\u00e2ce au savoir-faire unique et aux investissements R&amp;D \u00e0 long terme de notre soci\u00e9t\u00e9.<\/p>\n<p>Le processus de production est bas\u00e9 sur notre approche d&rsquo;extrusion innovante et commence par la fabrication d&rsquo;un tuyau ou d&rsquo;un rouleau \u00e0 partir de granul\u00e9s de la plus haute qualit\u00e9. Le diam\u00e8tre et l&rsquo;\u00e9paisseur de paroi du tuyau sont choisis en fonction de la taille du raccord. Apr\u00e8s assaisonnement, les produits finaux sont s\u00e9lectionn\u00e9s uniquement \u00e0 partir de tubes r\u00e9pondant \u00e0 toutes les exigences de qualit\u00e9 et ils sont ensuite fabriqu\u00e9s par usinage sur des machines CNC.<\/p>\n<p>Le contr\u00f4le qualit\u00e9 en plusieurs \u00e9tapes des produits semi-finis et finis garantit une qualit\u00e9 excellente et reproductible de nos raccords PE.<\/p>\n<p>La technologie innovante de GAMART et la capacit\u00e9 d&rsquo;adaptation \u00e0 chaque attente des clients int\u00e9ressent au plus haut point nos clients de tous les secteurs de l&rsquo;\u00e9conomie.<\/p>\n","protected":false},"excerpt":{"rendered":"<p>GAMART SA produit des raccords PE de qualit\u00e9 sup\u00e9rieure avec des diam\u00e8tres jusqu&rsquo;\u00e0 1200 mm dans chaque SDR possible. Les [&hellip;]<\/p>\n","protected":false},"author":1,"featured_media":0,"parent":3060,"menu_order":2,"comment_status":"closed","ping_status":"closed","template":"page-product_category.php","meta":{"_acf_changed":false,"footnotes":""},"class_list":["post-3171","page","type-page","status-publish","hentry"],"acf":[],"yoast_head":"<!-- This site is optimized with the Yoast SEO plugin v27.3 - https:\/\/yoast.com\/product\/yoast-seo-wordpress\/ -->\n<title>Raccords PE - Gamart<\/title>\n<meta name=\"robots\" content=\"index, follow, max-snippet:-1, max-image-preview:large, max-video-preview:-1\" \/>\n<link rel=\"canonical\" href=\"https:\/\/gamart.pl\/fr\/offre\/raccords-pe\/\" \/>\n<meta property=\"og:locale\" content=\"fr_FR\" \/>\n<meta property=\"og:type\" content=\"article\" \/>\n<meta property=\"og:title\" content=\"Raccords PE - Gamart\" \/>\n<meta property=\"og:description\" content=\"GAMART SA produit des raccords PE de qualit\u00e9 sup\u00e9rieure avec des diam\u00e8tres jusqu&rsquo;\u00e0 1200 mm dans chaque SDR possible. Les [&hellip;]\" \/>\n<meta property=\"og:url\" content=\"https:\/\/gamart.pl\/fr\/offre\/raccords-pe\/\" \/>\n<meta property=\"og:site_name\" content=\"Gamart\" \/>\n<meta property=\"article:publisher\" content=\"https:\/\/www.facebook.com\/firma.gamart\/\" \/>\n<meta property=\"article:modified_time\" content=\"2022-07-25T11:33:53+00:00\" \/>\n<meta name=\"twitter:card\" content=\"summary_large_image\" \/>\n<meta name=\"twitter:label1\" content=\"Dur\u00e9e de lecture estim\u00e9e\" \/>\n\t<meta name=\"twitter:data1\" content=\"1 minute\" \/>\n<script type=\"application\/ld+json\" class=\"yoast-schema-graph\">{\"@context\":\"https:\\\/\\\/schema.org\",\"@graph\":[{\"@type\":\"WebPage\",\"@id\":\"https:\\\/\\\/gamart.pl\\\/fr\\\/offre\\\/raccords-pe\\\/\",\"url\":\"https:\\\/\\\/gamart.pl\\\/fr\\\/offre\\\/raccords-pe\\\/\",\"name\":\"Raccords PE - Gamart\",\"isPartOf\":{\"@id\":\"https:\\\/\\\/gamart.pl\\\/fr\\\/#website\"},\"datePublished\":\"2021-02-05T16:41:21+00:00\",\"dateModified\":\"2022-07-25T11:33:53+00:00\",\"breadcrumb\":{\"@id\":\"https:\\\/\\\/gamart.pl\\\/fr\\\/offre\\\/raccords-pe\\\/#breadcrumb\"},\"inLanguage\":\"fr-FR\",\"potentialAction\":[{\"@type\":\"ReadAction\",\"target\":[\"https:\\\/\\\/gamart.pl\\\/fr\\\/offre\\\/raccords-pe\\\/\"]}]},{\"@type\":\"BreadcrumbList\",\"@id\":\"https:\\\/\\\/gamart.pl\\\/fr\\\/offre\\\/raccords-pe\\\/#breadcrumb\",\"itemListElement\":[{\"@type\":\"ListItem\",\"position\":1,\"name\":\"Strona g\u0142\u00f3wna\",\"item\":\"https:\\\/\\\/gamart.pl\\\/fr\\\/\"},{\"@type\":\"ListItem\",\"position\":2,\"name\":\"Offre\",\"item\":\"https:\\\/\\\/gamart.pl\\\/fr\\\/offre\\\/\"},{\"@type\":\"ListItem\",\"position\":3,\"name\":\"Raccords PE\"}]},{\"@type\":\"WebSite\",\"@id\":\"https:\\\/\\\/gamart.pl\\\/fr\\\/#website\",\"url\":\"https:\\\/\\\/gamart.pl\\\/fr\\\/\",\"name\":\"Gamart\",\"description\":\"Mi\u0119dzynarodowy pionier na rynku tworzyw sztucznych\",\"publisher\":{\"@id\":\"https:\\\/\\\/gamart.pl\\\/fr\\\/#organization\"},\"potentialAction\":[{\"@type\":\"SearchAction\",\"target\":{\"@type\":\"EntryPoint\",\"urlTemplate\":\"https:\\\/\\\/gamart.pl\\\/fr\\\/?s={search_term_string}\"},\"query-input\":{\"@type\":\"PropertyValueSpecification\",\"valueRequired\":true,\"valueName\":\"search_term_string\"}}],\"inLanguage\":\"fr-FR\"},{\"@type\":\"Organization\",\"@id\":\"https:\\\/\\\/gamart.pl\\\/fr\\\/#organization\",\"name\":\"Gamart\",\"url\":\"https:\\\/\\\/gamart.pl\\\/fr\\\/\",\"logo\":{\"@type\":\"ImageObject\",\"inLanguage\":\"fr-FR\",\"@id\":\"https:\\\/\\\/gamart.pl\\\/fr\\\/#\\\/schema\\\/logo\\\/image\\\/\",\"url\":\"https:\\\/\\\/gamart.pl\\\/wp-content\\\/uploads\\\/2022\\\/08\\\/cropped-android-icon-192x192-1.png\",\"contentUrl\":\"https:\\\/\\\/gamart.pl\\\/wp-content\\\/uploads\\\/2022\\\/08\\\/cropped-android-icon-192x192-1.png\",\"width\":512,\"height\":512,\"caption\":\"Gamart\"},\"image\":{\"@id\":\"https:\\\/\\\/gamart.pl\\\/fr\\\/#\\\/schema\\\/logo\\\/image\\\/\"},\"sameAs\":[\"https:\\\/\\\/www.facebook.com\\\/firma.gamart\\\/\",\"https:\\\/\\\/www.linkedin.com\\\/company\\\/gamart\",\"https:\\\/\\\/www.youtube.com\\\/channel\\\/UCsNRquoCKlZG5GYdkqXg1Mw\\\/\"]}]}<\/script>\n<!-- \/ Yoast SEO plugin. -->","yoast_head_json":{"title":"Raccords PE - Gamart","robots":{"index":"index","follow":"follow","max-snippet":"max-snippet:-1","max-image-preview":"max-image-preview:large","max-video-preview":"max-video-preview:-1"},"canonical":"https:\/\/gamart.pl\/fr\/offre\/raccords-pe\/","og_locale":"fr_FR","og_type":"article","og_title":"Raccords PE - Gamart","og_description":"GAMART SA produit des raccords PE de qualit\u00e9 sup\u00e9rieure avec des diam\u00e8tres jusqu&rsquo;\u00e0 1200 mm dans chaque SDR possible. Les [&hellip;]","og_url":"https:\/\/gamart.pl\/fr\/offre\/raccords-pe\/","og_site_name":"Gamart","article_publisher":"https:\/\/www.facebook.com\/firma.gamart\/","article_modified_time":"2022-07-25T11:33:53+00:00","twitter_card":"summary_large_image","twitter_misc":{"Dur\u00e9e de lecture estim\u00e9e":"1 minute"},"schema":{"@context":"https:\/\/schema.org","@graph":[{"@type":"WebPage","@id":"https:\/\/gamart.pl\/fr\/offre\/raccords-pe\/","url":"https:\/\/gamart.pl\/fr\/offre\/raccords-pe\/","name":"Raccords PE - Gamart","isPartOf":{"@id":"https:\/\/gamart.pl\/fr\/#website"},"datePublished":"2021-02-05T16:41:21+00:00","dateModified":"2022-07-25T11:33:53+00:00","breadcrumb":{"@id":"https:\/\/gamart.pl\/fr\/offre\/raccords-pe\/#breadcrumb"},"inLanguage":"fr-FR","potentialAction":[{"@type":"ReadAction","target":["https:\/\/gamart.pl\/fr\/offre\/raccords-pe\/"]}]},{"@type":"BreadcrumbList","@id":"https:\/\/gamart.pl\/fr\/offre\/raccords-pe\/#breadcrumb","itemListElement":[{"@type":"ListItem","position":1,"name":"Strona g\u0142\u00f3wna","item":"https:\/\/gamart.pl\/fr\/"},{"@type":"ListItem","position":2,"name":"Offre","item":"https:\/\/gamart.pl\/fr\/offre\/"},{"@type":"ListItem","position":3,"name":"Raccords PE"}]},{"@type":"WebSite","@id":"https:\/\/gamart.pl\/fr\/#website","url":"https:\/\/gamart.pl\/fr\/","name":"Gamart","description":"Mi\u0119dzynarodowy pionier na rynku tworzyw sztucznych","publisher":{"@id":"https:\/\/gamart.pl\/fr\/#organization"},"potentialAction":[{"@type":"SearchAction","target":{"@type":"EntryPoint","urlTemplate":"https:\/\/gamart.pl\/fr\/?s={search_term_string}"},"query-input":{"@type":"PropertyValueSpecification","valueRequired":true,"valueName":"search_term_string"}}],"inLanguage":"fr-FR"},{"@type":"Organization","@id":"https:\/\/gamart.pl\/fr\/#organization","name":"Gamart","url":"https:\/\/gamart.pl\/fr\/","logo":{"@type":"ImageObject","inLanguage":"fr-FR","@id":"https:\/\/gamart.pl\/fr\/#\/schema\/logo\/image\/","url":"https:\/\/gamart.pl\/wp-content\/uploads\/2022\/08\/cropped-android-icon-192x192-1.png","contentUrl":"https:\/\/gamart.pl\/wp-content\/uploads\/2022\/08\/cropped-android-icon-192x192-1.png","width":512,"height":512,"caption":"Gamart"},"image":{"@id":"https:\/\/gamart.pl\/fr\/#\/schema\/logo\/image\/"},"sameAs":["https:\/\/www.facebook.com\/firma.gamart\/","https:\/\/www.linkedin.com\/company\/gamart","https:\/\/www.youtube.com\/channel\/UCsNRquoCKlZG5GYdkqXg1Mw\/"]}]}},"_links":{"self":[{"href":"https:\/\/gamart.pl\/fr\/wp-json\/wp\/v2\/pages\/3171","targetHints":{"allow":["GET"]}}],"collection":[{"href":"https:\/\/gamart.pl\/fr\/wp-json\/wp\/v2\/pages"}],"about":[{"href":"https:\/\/gamart.pl\/fr\/wp-json\/wp\/v2\/types\/page"}],"author":[{"embeddable":true,"href":"https:\/\/gamart.pl\/fr\/wp-json\/wp\/v2\/users\/1"}],"replies":[{"embeddable":true,"href":"https:\/\/gamart.pl\/fr\/wp-json\/wp\/v2\/comments?post=3171"}],"version-history":[{"count":3,"href":"https:\/\/gamart.pl\/fr\/wp-json\/wp\/v2\/pages\/3171\/revisions"}],"predecessor-version":[{"id":3889,"href":"https:\/\/gamart.pl\/fr\/wp-json\/wp\/v2\/pages\/3171\/revisions\/3889"}],"up":[{"embeddable":true,"href":"https:\/\/gamart.pl\/fr\/wp-json\/wp\/v2\/pages\/3060"}],"wp:attachment":[{"href":"https:\/\/gamart.pl\/fr\/wp-json\/wp\/v2\/media?parent=3171"}],"curies":[{"name":"wp","href":"https:\/\/api.w.org\/{rel}","templated":true}]}}