{"id":3096,"date":"2021-02-09T12:14:38","date_gmt":"2021-02-09T11:14:38","guid":{"rendered":"http:\/\/www.rynny.gamart.pl\/offre\/gromadzenie-wody-deszczowej\/"},"modified":"2022-08-25T14:47:37","modified_gmt":"2022-08-25T12:47:37","slug":"collection-deau-de-pluie","status":"publish","type":"page","link":"https:\/\/gamart.pl\/fr\/offre\/collection-deau-de-pluie\/","title":{"rendered":"Syst\u00e8mes de collecte d&rsquo;eau de pluie"},"content":{"rendered":"<p>L&rsquo;\u00eatre humain commence enfin \u00e0 constater les dommages caus\u00e9s \u00e0 l&rsquo;environnement apr\u00e8s des ann\u00e9es de mauvaise gestion de ses ressources. Les s\u00e9cheresses qui durent plusieurs semaines et les pr\u00e9cipitations in\u00e9gales sont d\u00e9sormais des ph\u00e9nom\u00e8nes courants dans de nombreux pays, dont la Pologne d&rsquo;o\u00f9 est originaire notre entreprise. L&rsquo;eau est d\u00e9j\u00e0 une denr\u00e9e rare.<\/p>\n<p>A l&rsquo;\u00e8re du changement climatique, GAMART est devenu l&rsquo;un des principaux producteurs de syst\u00e8mes de r\u00e9cup\u00e9ration d&rsquo;eau de pluie. Gr\u00e2ce \u00e0 une technologie innovante et \u00e0 l&rsquo;accent mis sur la qualit\u00e9 des produits, les capteurs GAMART sont de plus en plus reconnus comme un best-seller en Pologne et dans le monde.<\/p>\n<p>Les fabricants de goutti\u00e8res et de mat\u00e9riel de jardin, de nombreux distributeurs et bien s\u00fbr nos clients manifestent un int\u00e9r\u00eat croissant pour nos comp\u00e9tences en la mati\u00e8re.<\/p>\n<p>GAMART SA a brevet\u00e9 de nombreuses solutions dans le domaine de la r\u00e9colte d&rsquo;eau de pluie, et depuis cette ann\u00e9e notre soci\u00e9t\u00e9 produit \u00e9galement des r\u00e9servoirs d&rsquo;eau de pluie. Ainsi, GAMART propose une gamme compl\u00e8te de syst\u00e8mes de r\u00e9cup\u00e9ration d&rsquo;eau de pluie.<\/p>\n<p>Compte tenu de la conscience \u00e9cologique et de l&rsquo;impact positif sur l&rsquo;environnement, nous cr\u00e9ons \u00e9galement une nouvelle marque internationale HelloRain, d\u00e9di\u00e9e exclusivement \u00e0 la collecte d&rsquo;eau de pluie et aux tendances \u00e9cologiques positives.<\/p>\n<p>Tous nos produits sont \u00e9galement disponibles sur notre boutique en ligne \u00e0 l&rsquo;adresse <a href=\"https:\/\/egamart.pl\/\">https:\/\/egamart.pl\/<\/a><\/p>\n","protected":false},"excerpt":{"rendered":"<p>L&rsquo;\u00eatre humain commence enfin \u00e0 constater les dommages caus\u00e9s \u00e0 l&rsquo;environnement apr\u00e8s des ann\u00e9es de mauvaise gestion de ses ressources. [&hellip;]<\/p>\n","protected":false},"author":1,"featured_media":0,"parent":3060,"menu_order":4,"comment_status":"closed","ping_status":"closed","template":"page-product_category.php","meta":{"_acf_changed":false,"footnotes":""},"class_list":["post-3096","page","type-page","status-publish","hentry"],"acf":[],"yoast_head":"<!-- This site is optimized with the Yoast SEO plugin v27.4 - https:\/\/yoast.com\/product\/yoast-seo-wordpress\/ -->\n<title>Syst\u00e8mes de collecte d&#039;eau de pluie - Gamart<\/title>\n<meta name=\"robots\" content=\"index, follow, max-snippet:-1, max-image-preview:large, max-video-preview:-1\" \/>\n<link rel=\"canonical\" href=\"https:\/\/gamart.pl\/fr\/offre\/collection-deau-de-pluie\/\" \/>\n<meta property=\"og:locale\" content=\"fr_FR\" \/>\n<meta property=\"og:type\" content=\"article\" \/>\n<meta property=\"og:title\" content=\"Syst\u00e8mes de collecte d&#039;eau de pluie - Gamart\" \/>\n<meta property=\"og:description\" content=\"L&rsquo;\u00eatre humain commence enfin \u00e0 constater les dommages caus\u00e9s \u00e0 l&rsquo;environnement apr\u00e8s des ann\u00e9es de mauvaise gestion de ses ressources. [&hellip;]\" \/>\n<meta property=\"og:url\" content=\"https:\/\/gamart.pl\/fr\/offre\/collection-deau-de-pluie\/\" \/>\n<meta property=\"og:site_name\" content=\"Gamart\" \/>\n<meta property=\"article:publisher\" content=\"https:\/\/www.facebook.com\/firma.gamart\/\" \/>\n<meta property=\"article:modified_time\" content=\"2022-08-25T12:47:37+00:00\" \/>\n<meta name=\"twitter:card\" content=\"summary_large_image\" \/>\n<meta name=\"twitter:label1\" content=\"Dur\u00e9e de lecture estim\u00e9e\" \/>\n\t<meta name=\"twitter:data1\" content=\"1 minute\" \/>\n<script type=\"application\/ld+json\" class=\"yoast-schema-graph\">{\"@context\":\"https:\\\/\\\/schema.org\",\"@graph\":[{\"@type\":\"WebPage\",\"@id\":\"https:\\\/\\\/gamart.pl\\\/fr\\\/offre\\\/collection-deau-de-pluie\\\/\",\"url\":\"https:\\\/\\\/gamart.pl\\\/fr\\\/offre\\\/collection-deau-de-pluie\\\/\",\"name\":\"Syst\u00e8mes de collecte d'eau de pluie - Gamart\",\"isPartOf\":{\"@id\":\"https:\\\/\\\/gamart.pl\\\/fr\\\/#website\"},\"datePublished\":\"2021-02-09T11:14:38+00:00\",\"dateModified\":\"2022-08-25T12:47:37+00:00\",\"breadcrumb\":{\"@id\":\"https:\\\/\\\/gamart.pl\\\/fr\\\/offre\\\/collection-deau-de-pluie\\\/#breadcrumb\"},\"inLanguage\":\"fr-FR\",\"potentialAction\":[{\"@type\":\"ReadAction\",\"target\":[\"https:\\\/\\\/gamart.pl\\\/fr\\\/offre\\\/collection-deau-de-pluie\\\/\"]}]},{\"@type\":\"BreadcrumbList\",\"@id\":\"https:\\\/\\\/gamart.pl\\\/fr\\\/offre\\\/collection-deau-de-pluie\\\/#breadcrumb\",\"itemListElement\":[{\"@type\":\"ListItem\",\"position\":1,\"name\":\"Strona g\u0142\u00f3wna\",\"item\":\"https:\\\/\\\/gamart.pl\\\/fr\\\/\"},{\"@type\":\"ListItem\",\"position\":2,\"name\":\"Offre\",\"item\":\"https:\\\/\\\/gamart.pl\\\/fr\\\/offre\\\/\"},{\"@type\":\"ListItem\",\"position\":3,\"name\":\"Syst\u00e8mes de collecte d&rsquo;eau de pluie\"}]},{\"@type\":\"WebSite\",\"@id\":\"https:\\\/\\\/gamart.pl\\\/fr\\\/#website\",\"url\":\"https:\\\/\\\/gamart.pl\\\/fr\\\/\",\"name\":\"Gamart\",\"description\":\"Mi\u0119dzynarodowy pionier na rynku tworzyw sztucznych\",\"publisher\":{\"@id\":\"https:\\\/\\\/gamart.pl\\\/fr\\\/#organization\"},\"potentialAction\":[{\"@type\":\"SearchAction\",\"target\":{\"@type\":\"EntryPoint\",\"urlTemplate\":\"https:\\\/\\\/gamart.pl\\\/fr\\\/?s={search_term_string}\"},\"query-input\":{\"@type\":\"PropertyValueSpecification\",\"valueRequired\":true,\"valueName\":\"search_term_string\"}}],\"inLanguage\":\"fr-FR\"},{\"@type\":\"Organization\",\"@id\":\"https:\\\/\\\/gamart.pl\\\/fr\\\/#organization\",\"name\":\"Gamart\",\"url\":\"https:\\\/\\\/gamart.pl\\\/fr\\\/\",\"logo\":{\"@type\":\"ImageObject\",\"inLanguage\":\"fr-FR\",\"@id\":\"https:\\\/\\\/gamart.pl\\\/fr\\\/#\\\/schema\\\/logo\\\/image\\\/\",\"url\":\"https:\\\/\\\/gamart.pl\\\/wp-content\\\/uploads\\\/2022\\\/08\\\/cropped-android-icon-192x192-1.png\",\"contentUrl\":\"https:\\\/\\\/gamart.pl\\\/wp-content\\\/uploads\\\/2022\\\/08\\\/cropped-android-icon-192x192-1.png\",\"width\":512,\"height\":512,\"caption\":\"Gamart\"},\"image\":{\"@id\":\"https:\\\/\\\/gamart.pl\\\/fr\\\/#\\\/schema\\\/logo\\\/image\\\/\"},\"sameAs\":[\"https:\\\/\\\/www.facebook.com\\\/firma.gamart\\\/\",\"https:\\\/\\\/www.linkedin.com\\\/company\\\/gamart\",\"https:\\\/\\\/www.youtube.com\\\/channel\\\/UCsNRquoCKlZG5GYdkqXg1Mw\\\/\"]}]}<\/script>\n<!-- \/ Yoast SEO plugin. -->","yoast_head_json":{"title":"Syst\u00e8mes de collecte d'eau de pluie - Gamart","robots":{"index":"index","follow":"follow","max-snippet":"max-snippet:-1","max-image-preview":"max-image-preview:large","max-video-preview":"max-video-preview:-1"},"canonical":"https:\/\/gamart.pl\/fr\/offre\/collection-deau-de-pluie\/","og_locale":"fr_FR","og_type":"article","og_title":"Syst\u00e8mes de collecte d'eau de pluie - Gamart","og_description":"L&rsquo;\u00eatre humain commence enfin \u00e0 constater les dommages caus\u00e9s \u00e0 l&rsquo;environnement apr\u00e8s des ann\u00e9es de mauvaise gestion de ses ressources. [&hellip;]","og_url":"https:\/\/gamart.pl\/fr\/offre\/collection-deau-de-pluie\/","og_site_name":"Gamart","article_publisher":"https:\/\/www.facebook.com\/firma.gamart\/","article_modified_time":"2022-08-25T12:47:37+00:00","twitter_card":"summary_large_image","twitter_misc":{"Dur\u00e9e de lecture estim\u00e9e":"1 minute"},"schema":{"@context":"https:\/\/schema.org","@graph":[{"@type":"WebPage","@id":"https:\/\/gamart.pl\/fr\/offre\/collection-deau-de-pluie\/","url":"https:\/\/gamart.pl\/fr\/offre\/collection-deau-de-pluie\/","name":"Syst\u00e8mes de collecte d'eau de pluie - Gamart","isPartOf":{"@id":"https:\/\/gamart.pl\/fr\/#website"},"datePublished":"2021-02-09T11:14:38+00:00","dateModified":"2022-08-25T12:47:37+00:00","breadcrumb":{"@id":"https:\/\/gamart.pl\/fr\/offre\/collection-deau-de-pluie\/#breadcrumb"},"inLanguage":"fr-FR","potentialAction":[{"@type":"ReadAction","target":["https:\/\/gamart.pl\/fr\/offre\/collection-deau-de-pluie\/"]}]},{"@type":"BreadcrumbList","@id":"https:\/\/gamart.pl\/fr\/offre\/collection-deau-de-pluie\/#breadcrumb","itemListElement":[{"@type":"ListItem","position":1,"name":"Strona g\u0142\u00f3wna","item":"https:\/\/gamart.pl\/fr\/"},{"@type":"ListItem","position":2,"name":"Offre","item":"https:\/\/gamart.pl\/fr\/offre\/"},{"@type":"ListItem","position":3,"name":"Syst\u00e8mes de collecte d&rsquo;eau de pluie"}]},{"@type":"WebSite","@id":"https:\/\/gamart.pl\/fr\/#website","url":"https:\/\/gamart.pl\/fr\/","name":"Gamart","description":"Mi\u0119dzynarodowy pionier na rynku tworzyw sztucznych","publisher":{"@id":"https:\/\/gamart.pl\/fr\/#organization"},"potentialAction":[{"@type":"SearchAction","target":{"@type":"EntryPoint","urlTemplate":"https:\/\/gamart.pl\/fr\/?s={search_term_string}"},"query-input":{"@type":"PropertyValueSpecification","valueRequired":true,"valueName":"search_term_string"}}],"inLanguage":"fr-FR"},{"@type":"Organization","@id":"https:\/\/gamart.pl\/fr\/#organization","name":"Gamart","url":"https:\/\/gamart.pl\/fr\/","logo":{"@type":"ImageObject","inLanguage":"fr-FR","@id":"https:\/\/gamart.pl\/fr\/#\/schema\/logo\/image\/","url":"https:\/\/gamart.pl\/wp-content\/uploads\/2022\/08\/cropped-android-icon-192x192-1.png","contentUrl":"https:\/\/gamart.pl\/wp-content\/uploads\/2022\/08\/cropped-android-icon-192x192-1.png","width":512,"height":512,"caption":"Gamart"},"image":{"@id":"https:\/\/gamart.pl\/fr\/#\/schema\/logo\/image\/"},"sameAs":["https:\/\/www.facebook.com\/firma.gamart\/","https:\/\/www.linkedin.com\/company\/gamart","https:\/\/www.youtube.com\/channel\/UCsNRquoCKlZG5GYdkqXg1Mw\/"]}]}},"_links":{"self":[{"href":"https:\/\/gamart.pl\/fr\/wp-json\/wp\/v2\/pages\/3096","targetHints":{"allow":["GET"]}}],"collection":[{"href":"https:\/\/gamart.pl\/fr\/wp-json\/wp\/v2\/pages"}],"about":[{"href":"https:\/\/gamart.pl\/fr\/wp-json\/wp\/v2\/types\/page"}],"author":[{"embeddable":true,"href":"https:\/\/gamart.pl\/fr\/wp-json\/wp\/v2\/users\/1"}],"replies":[{"embeddable":true,"href":"https:\/\/gamart.pl\/fr\/wp-json\/wp\/v2\/comments?post=3096"}],"version-history":[{"count":4,"href":"https:\/\/gamart.pl\/fr\/wp-json\/wp\/v2\/pages\/3096\/revisions"}],"predecessor-version":[{"id":4264,"href":"https:\/\/gamart.pl\/fr\/wp-json\/wp\/v2\/pages\/3096\/revisions\/4264"}],"up":[{"embeddable":true,"href":"https:\/\/gamart.pl\/fr\/wp-json\/wp\/v2\/pages\/3060"}],"wp:attachment":[{"href":"https:\/\/gamart.pl\/fr\/wp-json\/wp\/v2\/media?parent=3096"}],"curies":[{"name":"wp","href":"https:\/\/api.w.org\/{rel}","templated":true}]}}