{"id":3024,"date":"2022-01-28T05:16:45","date_gmt":"2022-01-28T04:16:45","guid":{"rendered":"http:\/\/www.rynny.gamart.pl\/machines\/linie-do-produkcji-filamentu\/"},"modified":"2022-07-07T15:59:09","modified_gmt":"2022-07-07T13:59:09","slug":"lignes-de-filaments-pour-limpression-3d","status":"publish","type":"page","link":"https:\/\/gamart.pl\/fr\/machines\/lignes-de-filaments-pour-limpression-3d\/","title":{"rendered":"Lignes de filaments pour l&rsquo;impression 3D"},"content":{"rendered":"<p>GAMART fabrique des lignes innovantes pour la production de filaments pour imprimantes 3D. Leur nature modulaire et leur configuration ais\u00e9e assurent une polyvalence et une tr\u00e8s bonne adaptation au mat\u00e9riau trait\u00e9.<\/p>\n<p>Nos lignes de filaments sont utilis\u00e9es dans les environnements de production, universitaires et domestiques ainsi que dans les studios d&rsquo;impression 3D. Ils ne n\u00e9cessitent aucune installation particuli\u00e8re ni acc\u00e8s \u00e0 une installation \u00e9lectrique triphas\u00e9e.<\/p>\n<p>Ils sont silencieux, \u00e9conomiques et vous permettent d&rsquo;exp\u00e9rimenter diff\u00e9rents mat\u00e9riaux et leurs m\u00e9langes. L&rsquo;impression \u00e0 partir de vos propres mat\u00e9riaux vous offre une assurance qualit\u00e9 sans surprises inattendues avec les mat\u00e9riaux d&rsquo;autres fournisseurs.<\/p>\n<p>Avec l&rsquo;exp\u00e9rience acquise dans la production de filaments, l&rsquo;utilisateur est capable d&rsquo;ajuster la composition du mat\u00e9riau aux impressions 3D (en particulier celles en s\u00e9rie) et aux param\u00e8tres de l&rsquo;imprimante. Cela peut conduire \u00e0 une augmentation de la vitesse d&rsquo;impression jusqu&rsquo;\u00e0 300 %.<\/p>\n<p>Quelques exemples de mat\u00e9riaux test\u00e9s sur les lignes de filaments secs de GAMART sont : PET, ABS, PCABS, MABS, ASA, HIPS, Nylon, POM, PMMA. Notre gamme de filaments est \u00e9galement parfaitement adapt\u00e9e pour tester des mat\u00e9riaux moins connus qui sont recycl\u00e9s ou renforc\u00e9s avec des particules de verre\/fibre de carbone ou de m\u00e9tal\/bois.<\/p>\n<p>Version standard de la ligne de filament pour l&rsquo;impression 3D (m\u00e9thode s\u00e8che) :<\/p>\n<ul>\n<li>Extrudeuse num\u00e9rique d&rsquo;une capacit\u00e9 jusqu&rsquo;\u00e0 2 kg\/h (PET, ABS, PCABS, HIPS)<\/li>\n<li>Calibrateur d&rsquo;extraction refroidi par air<\/li>\n<li>Compensateur<\/li>\n<li>Appareil qui mesure l&rsquo;\u00e9paisseur du filament (pr\u00e9cision de 0,01 mm)<\/li>\n<li>Enrouleur avec empileur pour un enroulement uniforme sur la bobine<\/li>\n<li>S\u00e9choir \u00e0 granul\u00e9s et broyeur de filaments<\/li>\n<li>Manuel de l&rsquo;Utilisateur<\/li>\n<li>Certificats CE<\/li>\n<li>Formations sur l&rsquo;extrusion de filaments<\/li>\n<\/ul>\n","protected":false},"excerpt":{"rendered":"<p>GAMART fabrique des lignes innovantes pour la production de filaments pour imprimantes 3D. Leur nature modulaire et leur configuration ais\u00e9e [&hellip;]<\/p>\n","protected":false},"author":1,"featured_media":698,"parent":2974,"menu_order":0,"comment_status":"closed","ping_status":"closed","template":"page-product_category.php","meta":{"_acf_changed":false,"footnotes":""},"class_list":["post-3024","page","type-page","status-publish","has-post-thumbnail","hentry"],"acf":[],"yoast_head":"<!-- This site is optimized with the Yoast SEO plugin v27.4 - https:\/\/yoast.com\/product\/yoast-seo-wordpress\/ -->\n<title>Lignes de filaments pour l&#039;impression 3D - Gamart<\/title>\n<meta name=\"robots\" content=\"index, follow, max-snippet:-1, max-image-preview:large, max-video-preview:-1\" \/>\n<link rel=\"canonical\" href=\"https:\/\/gamart.pl\/fr\/machines\/lignes-de-filaments-pour-limpression-3d\/\" \/>\n<meta property=\"og:locale\" content=\"fr_FR\" \/>\n<meta property=\"og:type\" content=\"article\" \/>\n<meta property=\"og:title\" content=\"Lignes de filaments pour l&#039;impression 3D - Gamart\" \/>\n<meta property=\"og:description\" content=\"GAMART fabrique des lignes innovantes pour la production de filaments pour imprimantes 3D. Leur nature modulaire et leur configuration ais\u00e9e [&hellip;]\" \/>\n<meta property=\"og:url\" content=\"https:\/\/gamart.pl\/fr\/machines\/lignes-de-filaments-pour-limpression-3d\/\" \/>\n<meta property=\"og:site_name\" content=\"Gamart\" \/>\n<meta property=\"article:publisher\" content=\"https:\/\/www.facebook.com\/firma.gamart\/\" \/>\n<meta property=\"article:modified_time\" content=\"2022-07-07T13:59:09+00:00\" \/>\n<meta property=\"og:image\" content=\"https:\/\/gamart.pl\/wp-content\/uploads\/2022\/01\/6_Linia-do-produkcji-filamentu.jpg\" \/>\n\t<meta property=\"og:image:width\" content=\"1920\" \/>\n\t<meta property=\"og:image:height\" content=\"1080\" \/>\n\t<meta property=\"og:image:type\" content=\"image\/jpeg\" \/>\n<meta name=\"twitter:card\" content=\"summary_large_image\" \/>\n<meta name=\"twitter:label1\" content=\"Dur\u00e9e de lecture estim\u00e9e\" \/>\n\t<meta name=\"twitter:data1\" content=\"1 minute\" \/>\n<script type=\"application\/ld+json\" class=\"yoast-schema-graph\">{\"@context\":\"https:\\\/\\\/schema.org\",\"@graph\":[{\"@type\":\"WebPage\",\"@id\":\"https:\\\/\\\/gamart.pl\\\/fr\\\/machines\\\/lignes-de-filaments-pour-limpression-3d\\\/\",\"url\":\"https:\\\/\\\/gamart.pl\\\/fr\\\/machines\\\/lignes-de-filaments-pour-limpression-3d\\\/\",\"name\":\"Lignes de filaments pour l'impression 3D - Gamart\",\"isPartOf\":{\"@id\":\"https:\\\/\\\/gamart.pl\\\/fr\\\/#website\"},\"primaryImageOfPage\":{\"@id\":\"https:\\\/\\\/gamart.pl\\\/fr\\\/machines\\\/lignes-de-filaments-pour-limpression-3d\\\/#primaryimage\"},\"image\":{\"@id\":\"https:\\\/\\\/gamart.pl\\\/fr\\\/machines\\\/lignes-de-filaments-pour-limpression-3d\\\/#primaryimage\"},\"thumbnailUrl\":\"https:\\\/\\\/gamart.pl\\\/wp-content\\\/uploads\\\/2022\\\/01\\\/6_Linia-do-produkcji-filamentu.jpg\",\"datePublished\":\"2022-01-28T04:16:45+00:00\",\"dateModified\":\"2022-07-07T13:59:09+00:00\",\"breadcrumb\":{\"@id\":\"https:\\\/\\\/gamart.pl\\\/fr\\\/machines\\\/lignes-de-filaments-pour-limpression-3d\\\/#breadcrumb\"},\"inLanguage\":\"fr-FR\",\"potentialAction\":[{\"@type\":\"ReadAction\",\"target\":[\"https:\\\/\\\/gamart.pl\\\/fr\\\/machines\\\/lignes-de-filaments-pour-limpression-3d\\\/\"]}]},{\"@type\":\"ImageObject\",\"inLanguage\":\"fr-FR\",\"@id\":\"https:\\\/\\\/gamart.pl\\\/fr\\\/machines\\\/lignes-de-filaments-pour-limpression-3d\\\/#primaryimage\",\"url\":\"https:\\\/\\\/gamart.pl\\\/wp-content\\\/uploads\\\/2022\\\/01\\\/6_Linia-do-produkcji-filamentu.jpg\",\"contentUrl\":\"https:\\\/\\\/gamart.pl\\\/wp-content\\\/uploads\\\/2022\\\/01\\\/6_Linia-do-produkcji-filamentu.jpg\",\"width\":1920,\"height\":1080},{\"@type\":\"BreadcrumbList\",\"@id\":\"https:\\\/\\\/gamart.pl\\\/fr\\\/machines\\\/lignes-de-filaments-pour-limpression-3d\\\/#breadcrumb\",\"itemListElement\":[{\"@type\":\"ListItem\",\"position\":1,\"name\":\"Strona g\u0142\u00f3wna\",\"item\":\"https:\\\/\\\/gamart.pl\\\/fr\\\/\"},{\"@type\":\"ListItem\",\"position\":2,\"name\":\"Machines\",\"item\":\"https:\\\/\\\/gamart.pl\\\/fr\\\/machines\\\/\"},{\"@type\":\"ListItem\",\"position\":3,\"name\":\"Lignes de filaments pour l&rsquo;impression 3D\"}]},{\"@type\":\"WebSite\",\"@id\":\"https:\\\/\\\/gamart.pl\\\/fr\\\/#website\",\"url\":\"https:\\\/\\\/gamart.pl\\\/fr\\\/\",\"name\":\"Gamart\",\"description\":\"Mi\u0119dzynarodowy pionier na rynku tworzyw sztucznych\",\"publisher\":{\"@id\":\"https:\\\/\\\/gamart.pl\\\/fr\\\/#organization\"},\"potentialAction\":[{\"@type\":\"SearchAction\",\"target\":{\"@type\":\"EntryPoint\",\"urlTemplate\":\"https:\\\/\\\/gamart.pl\\\/fr\\\/?s={search_term_string}\"},\"query-input\":{\"@type\":\"PropertyValueSpecification\",\"valueRequired\":true,\"valueName\":\"search_term_string\"}}],\"inLanguage\":\"fr-FR\"},{\"@type\":\"Organization\",\"@id\":\"https:\\\/\\\/gamart.pl\\\/fr\\\/#organization\",\"name\":\"Gamart\",\"url\":\"https:\\\/\\\/gamart.pl\\\/fr\\\/\",\"logo\":{\"@type\":\"ImageObject\",\"inLanguage\":\"fr-FR\",\"@id\":\"https:\\\/\\\/gamart.pl\\\/fr\\\/#\\\/schema\\\/logo\\\/image\\\/\",\"url\":\"https:\\\/\\\/gamart.pl\\\/wp-content\\\/uploads\\\/2022\\\/08\\\/cropped-android-icon-192x192-1.png\",\"contentUrl\":\"https:\\\/\\\/gamart.pl\\\/wp-content\\\/uploads\\\/2022\\\/08\\\/cropped-android-icon-192x192-1.png\",\"width\":512,\"height\":512,\"caption\":\"Gamart\"},\"image\":{\"@id\":\"https:\\\/\\\/gamart.pl\\\/fr\\\/#\\\/schema\\\/logo\\\/image\\\/\"},\"sameAs\":[\"https:\\\/\\\/www.facebook.com\\\/firma.gamart\\\/\",\"https:\\\/\\\/www.linkedin.com\\\/company\\\/gamart\",\"https:\\\/\\\/www.youtube.com\\\/channel\\\/UCsNRquoCKlZG5GYdkqXg1Mw\\\/\"]}]}<\/script>\n<!-- \/ Yoast SEO plugin. -->","yoast_head_json":{"title":"Lignes de filaments pour l'impression 3D - Gamart","robots":{"index":"index","follow":"follow","max-snippet":"max-snippet:-1","max-image-preview":"max-image-preview:large","max-video-preview":"max-video-preview:-1"},"canonical":"https:\/\/gamart.pl\/fr\/machines\/lignes-de-filaments-pour-limpression-3d\/","og_locale":"fr_FR","og_type":"article","og_title":"Lignes de filaments pour l'impression 3D - Gamart","og_description":"GAMART fabrique des lignes innovantes pour la production de filaments pour imprimantes 3D. Leur nature modulaire et leur configuration ais\u00e9e [&hellip;]","og_url":"https:\/\/gamart.pl\/fr\/machines\/lignes-de-filaments-pour-limpression-3d\/","og_site_name":"Gamart","article_publisher":"https:\/\/www.facebook.com\/firma.gamart\/","article_modified_time":"2022-07-07T13:59:09+00:00","og_image":[{"width":1920,"height":1080,"url":"https:\/\/gamart.pl\/wp-content\/uploads\/2022\/01\/6_Linia-do-produkcji-filamentu.jpg","type":"image\/jpeg"}],"twitter_card":"summary_large_image","twitter_misc":{"Dur\u00e9e de lecture estim\u00e9e":"1 minute"},"schema":{"@context":"https:\/\/schema.org","@graph":[{"@type":"WebPage","@id":"https:\/\/gamart.pl\/fr\/machines\/lignes-de-filaments-pour-limpression-3d\/","url":"https:\/\/gamart.pl\/fr\/machines\/lignes-de-filaments-pour-limpression-3d\/","name":"Lignes de filaments pour l'impression 3D - Gamart","isPartOf":{"@id":"https:\/\/gamart.pl\/fr\/#website"},"primaryImageOfPage":{"@id":"https:\/\/gamart.pl\/fr\/machines\/lignes-de-filaments-pour-limpression-3d\/#primaryimage"},"image":{"@id":"https:\/\/gamart.pl\/fr\/machines\/lignes-de-filaments-pour-limpression-3d\/#primaryimage"},"thumbnailUrl":"https:\/\/gamart.pl\/wp-content\/uploads\/2022\/01\/6_Linia-do-produkcji-filamentu.jpg","datePublished":"2022-01-28T04:16:45+00:00","dateModified":"2022-07-07T13:59:09+00:00","breadcrumb":{"@id":"https:\/\/gamart.pl\/fr\/machines\/lignes-de-filaments-pour-limpression-3d\/#breadcrumb"},"inLanguage":"fr-FR","potentialAction":[{"@type":"ReadAction","target":["https:\/\/gamart.pl\/fr\/machines\/lignes-de-filaments-pour-limpression-3d\/"]}]},{"@type":"ImageObject","inLanguage":"fr-FR","@id":"https:\/\/gamart.pl\/fr\/machines\/lignes-de-filaments-pour-limpression-3d\/#primaryimage","url":"https:\/\/gamart.pl\/wp-content\/uploads\/2022\/01\/6_Linia-do-produkcji-filamentu.jpg","contentUrl":"https:\/\/gamart.pl\/wp-content\/uploads\/2022\/01\/6_Linia-do-produkcji-filamentu.jpg","width":1920,"height":1080},{"@type":"BreadcrumbList","@id":"https:\/\/gamart.pl\/fr\/machines\/lignes-de-filaments-pour-limpression-3d\/#breadcrumb","itemListElement":[{"@type":"ListItem","position":1,"name":"Strona g\u0142\u00f3wna","item":"https:\/\/gamart.pl\/fr\/"},{"@type":"ListItem","position":2,"name":"Machines","item":"https:\/\/gamart.pl\/fr\/machines\/"},{"@type":"ListItem","position":3,"name":"Lignes de filaments pour l&rsquo;impression 3D"}]},{"@type":"WebSite","@id":"https:\/\/gamart.pl\/fr\/#website","url":"https:\/\/gamart.pl\/fr\/","name":"Gamart","description":"Mi\u0119dzynarodowy pionier na rynku tworzyw sztucznych","publisher":{"@id":"https:\/\/gamart.pl\/fr\/#organization"},"potentialAction":[{"@type":"SearchAction","target":{"@type":"EntryPoint","urlTemplate":"https:\/\/gamart.pl\/fr\/?s={search_term_string}"},"query-input":{"@type":"PropertyValueSpecification","valueRequired":true,"valueName":"search_term_string"}}],"inLanguage":"fr-FR"},{"@type":"Organization","@id":"https:\/\/gamart.pl\/fr\/#organization","name":"Gamart","url":"https:\/\/gamart.pl\/fr\/","logo":{"@type":"ImageObject","inLanguage":"fr-FR","@id":"https:\/\/gamart.pl\/fr\/#\/schema\/logo\/image\/","url":"https:\/\/gamart.pl\/wp-content\/uploads\/2022\/08\/cropped-android-icon-192x192-1.png","contentUrl":"https:\/\/gamart.pl\/wp-content\/uploads\/2022\/08\/cropped-android-icon-192x192-1.png","width":512,"height":512,"caption":"Gamart"},"image":{"@id":"https:\/\/gamart.pl\/fr\/#\/schema\/logo\/image\/"},"sameAs":["https:\/\/www.facebook.com\/firma.gamart\/","https:\/\/www.linkedin.com\/company\/gamart","https:\/\/www.youtube.com\/channel\/UCsNRquoCKlZG5GYdkqXg1Mw\/"]}]}},"_links":{"self":[{"href":"https:\/\/gamart.pl\/fr\/wp-json\/wp\/v2\/pages\/3024","targetHints":{"allow":["GET"]}}],"collection":[{"href":"https:\/\/gamart.pl\/fr\/wp-json\/wp\/v2\/pages"}],"about":[{"href":"https:\/\/gamart.pl\/fr\/wp-json\/wp\/v2\/types\/page"}],"author":[{"embeddable":true,"href":"https:\/\/gamart.pl\/fr\/wp-json\/wp\/v2\/users\/1"}],"replies":[{"embeddable":true,"href":"https:\/\/gamart.pl\/fr\/wp-json\/wp\/v2\/comments?post=3024"}],"version-history":[{"count":4,"href":"https:\/\/gamart.pl\/fr\/wp-json\/wp\/v2\/pages\/3024\/revisions"}],"predecessor-version":[{"id":3791,"href":"https:\/\/gamart.pl\/fr\/wp-json\/wp\/v2\/pages\/3024\/revisions\/3791"}],"up":[{"embeddable":true,"href":"https:\/\/gamart.pl\/fr\/wp-json\/wp\/v2\/pages\/2974"}],"wp:featuredmedia":[{"embeddable":true,"href":"https:\/\/gamart.pl\/fr\/wp-json\/wp\/v2\/media\/698"}],"wp:attachment":[{"href":"https:\/\/gamart.pl\/fr\/wp-json\/wp\/v2\/media?parent=3024"}],"curies":[{"name":"wp","href":"https:\/\/api.w.org\/{rel}","templated":true}]}}