{"id":2992,"date":"2022-01-28T04:56:33","date_gmt":"2022-01-28T03:56:33","guid":{"rendered":"http:\/\/www.rynny.gamart.pl\/machines\/druk-3d-duzych-rozmiarow\/"},"modified":"2022-07-07T15:58:03","modified_gmt":"2022-07-07T13:58:03","slug":"impression-3d-grand-format","status":"publish","type":"page","link":"https:\/\/gamart.pl\/fr\/machines\/impression-3d-grand-format\/","title":{"rendered":"Impression 3D grand format"},"content":{"rendered":"<p>Tout le monde observe un d\u00e9veloppement tr\u00e8s dynamique de la technologie d&rsquo;impression 3D ces derni\u00e8res ann\u00e9es. Le march\u00e9 des dispositifs d&rsquo;impression et des mat\u00e9riaux d&rsquo;impression (filaments) est en croissance constante. Les imprimantes 3D sont aujourd&rsquo;hui pr\u00e9sentes dans les maisons, les \u00e9coles et les entreprises o\u00f9 l&rsquo;impression des mod\u00e8les n&rsquo;est limit\u00e9e que par l&rsquo;imagination des concepteurs.<\/p>\n<p>Depuis plusieurs ann\u00e9es, GAMART utilise avec succ\u00e8s les technologies d&rsquo;impression 3D pour produire, tester et \u00e9valuer des prototypes de ses propres produits. Elle a conduit \u00e0 la cr\u00e9ation de nombreux syst\u00e8mes innovants comme l&rsquo;exemple du r\u00e9cup\u00e9rateur d&rsquo;eau de pluie fabriqu\u00e9 par GAMART.<\/p>\n<p>Lorsque nous innovons sur les technologies et les produits en impression 3D, nous coop\u00e9rons avec les meilleures universit\u00e9s et \u00e9coutons les recommandations des clients, sur la base desquelles nos feuilles de route sont cr\u00e9\u00e9es.<\/p>\n<p>Nos clients appr\u00e9cient +25 ans d&rsquo;exp\u00e9rience dans les machines et \u00e9quipements, en particulier notre sp\u00e9cialisation dans les extrudeuses pour la plasturgie.<\/p>\n<p>En r\u00e9ponse aux besoins des clients en impression 3D grand format, nous fabriquons quatre s\u00e9ries diff\u00e9rentes de t\u00eates d&rsquo;impression :<\/p>\n<ul>\n<li>S\u00e9rie GAMART G.12 avec une capacit\u00e9 jusqu&rsquo;\u00e0 12 kg\/h<\/li>\n<li>S\u00e9rie GAMART G.20 avec une capacit\u00e9 allant jusqu&rsquo;\u00e0 20 kg\/h<\/li>\n<li>S\u00e9rie GAMART G.50 avec une capacit\u00e9 jusqu&rsquo;\u00e0 50 kg\/h<\/li>\n<li>S\u00e9rie GAMART G.200 avec une capacit\u00e9 jusqu&rsquo;\u00e0 200 kg\/h<\/li>\n<\/ul>\n<p>Il s&rsquo;agit d&rsquo;extrudeuses num\u00e9riques innovantes, con\u00e7ues par notre service R&amp;D. Ils sont adapt\u00e9s pour \u00eatre int\u00e9gr\u00e9s et install\u00e9s sur des fraiseuses CNC.<\/p>\n<p>Nos impl\u00e9mentations actuelles incluent des projets r\u00e9alis\u00e9s sur des machines CNC avec une zone de travail de &#8211; entre autres &#8211; 2500 mm x 5000 mm x 1500 mm ainsi que 4000 mm x 9000 mm x 2500 mm.<\/p>\n<p>Nous pr\u00e9parons actuellement l&rsquo;installation de t\u00eates d&rsquo;extrusion sur des machines CNC 5 axes avec une surface de travail de 6000 mm x 24000 mm x 3500 mm.<\/p>\n<p>L&rsquo;adaptation de la fraiseuse CNC pour l&rsquo;impression 3D \u00e0 grande \u00e9chelle se fait en pla\u00e7ant une t\u00eate d&rsquo;extrusion \u00e0 c\u00f4t\u00e9 de la broche (pour GAMART G.12 et GAMART G.20) ou en ajoutant un pont d&rsquo;impression suppl\u00e9mentaire (pour G.50 et capacit\u00e9s sup\u00e9rieures ).<\/p>\n<p>Nos solutions sont naturellement \u00e9quip\u00e9es d&rsquo;un syst\u00e8me de s\u00e9chage et de transport des granul\u00e9s. En plus, un syst\u00e8me pour monter une impression 3D sur la table d&rsquo;impression est fourni.<\/p>\n<p>La t\u00eate d&rsquo;impression est autonome et poss\u00e8de son propre pilotage \u00e0 distance. Pour une efficacit\u00e9 accrue, nous l&rsquo;int\u00e9grons \u00e9galement au pilotage de la fraiseuse en ajoutant un variateur suppl\u00e9mentaire.<\/p>\n<p>L&rsquo;impression 3D \u00e0 grande \u00e9chelle peut \u00eatre r\u00e9alis\u00e9e de mani\u00e8re plane commune sur la surface de la table d&rsquo;impression ou \u00e0 un angle allant jusqu&rsquo;\u00e0 45 degr\u00e9s. Il permet d&rsquo;imprimer &#8211; par exemple &#8211; des coques de bateaux sans aucun support.<\/p>\n<p>GAMART propose des buses avec des diam\u00e8tres de 4 mm \u00e0 25 mm. Le bon ajustement est recommand\u00e9 en fonction des dimensions d&rsquo;un mod\u00e8le imprim\u00e9 et de la capacit\u00e9 d&rsquo;une t\u00eate d&rsquo;extrusion.<\/p>\n<p>De plus, nous sommes flexibles dans la s\u00e9lection des mat\u00e9riaux les plus appropri\u00e9s pour l&rsquo;impression 3D.<\/p>\n<p>Nous avons une vaste exp\u00e9rience dans divers mat\u00e9riaux tels que:<\/p>\n<ul>\n<li>mat\u00e9riaux de base : PE, PP, ABS, PLA, PA, PC, PET, etc.<\/li>\n<li>mat\u00e9riaux avanc\u00e9s : PPS, PEEK, PEKK, etc.<\/li>\n<li>mat\u00e9riaux renforc\u00e9s : carbone, fibre de verre ou fibre naturelle, etc.<\/li>\n<\/ul>\n<p>Par cons\u00e9quent, nous sommes en mesure de conseiller, de tester et d&rsquo;adapter professionnellement le pellet aux attentes des clients.<\/p>\n<p>Les mat\u00e9riaux d\u00e9velopp\u00e9s par nos sp\u00e9cialistes sont parfaitement adapt\u00e9s au traitement m\u00e9canique et &#8211; apr\u00e8s un processus de production &#8211; ils peuvent \u00eatre r\u00e9cup\u00e9r\u00e9s par la regranulation qui est \u00e9galement propos\u00e9e par GAMART.<\/p>\n<p>Pendant les formations, nous apprenons \u00e0 utiliser des programmes pour d\u00e9couper des mod\u00e8les (trancheurs) et nous modifions notre post-processeur en fonction de la sp\u00e9cification g-code des machines des clients.<\/p>\n<p>Nos t\u00eates d&rsquo;extrusion num\u00e9riques, qui impriment directement \u00e0 partir du granul\u00e9, \u00e9tendent \u00e9galement consid\u00e9rablement les possibilit\u00e9s des machines CNC de grande taille pour le bois et l&rsquo;aluminium.<\/p>\n<p>La technique d&rsquo;impression FDM (Fused Deposition Modeling) permet de r\u00e9duire consid\u00e9rablement le temps et le co\u00fbt de pr\u00e9paration du mod\u00e8le.<\/p>\n","protected":false},"excerpt":{"rendered":"<p>Tout le monde observe un d\u00e9veloppement tr\u00e8s dynamique de la technologie d&rsquo;impression 3D ces derni\u00e8res ann\u00e9es. Le march\u00e9 des dispositifs [&hellip;]<\/p>\n","protected":false},"author":1,"featured_media":0,"parent":2974,"menu_order":0,"comment_status":"closed","ping_status":"closed","template":"page-product_category.php","meta":{"_acf_changed":false,"footnotes":""},"class_list":["post-2992","page","type-page","status-publish","hentry"],"acf":[],"yoast_head":"<!-- This site is optimized with the Yoast SEO plugin v27.3 - https:\/\/yoast.com\/product\/yoast-seo-wordpress\/ -->\n<title>Impression 3D grand format - Gamart<\/title>\n<meta name=\"robots\" content=\"index, follow, max-snippet:-1, max-image-preview:large, max-video-preview:-1\" \/>\n<link rel=\"canonical\" href=\"https:\/\/gamart.pl\/fr\/machines\/impression-3d-grand-format\/\" \/>\n<meta property=\"og:locale\" content=\"fr_FR\" \/>\n<meta property=\"og:type\" content=\"article\" \/>\n<meta property=\"og:title\" content=\"Impression 3D grand format - Gamart\" \/>\n<meta property=\"og:description\" content=\"Tout le monde observe un d\u00e9veloppement tr\u00e8s dynamique de la technologie d&rsquo;impression 3D ces derni\u00e8res ann\u00e9es. Le march\u00e9 des dispositifs [&hellip;]\" \/>\n<meta property=\"og:url\" content=\"https:\/\/gamart.pl\/fr\/machines\/impression-3d-grand-format\/\" \/>\n<meta property=\"og:site_name\" content=\"Gamart\" \/>\n<meta property=\"article:publisher\" content=\"https:\/\/www.facebook.com\/firma.gamart\/\" \/>\n<meta property=\"article:modified_time\" content=\"2022-07-07T13:58:03+00:00\" \/>\n<meta name=\"twitter:card\" content=\"summary_large_image\" \/>\n<meta name=\"twitter:label1\" content=\"Dur\u00e9e de lecture estim\u00e9e\" \/>\n\t<meta name=\"twitter:data1\" content=\"4 minutes\" \/>\n<script type=\"application\/ld+json\" class=\"yoast-schema-graph\">{\"@context\":\"https:\\\/\\\/schema.org\",\"@graph\":[{\"@type\":\"WebPage\",\"@id\":\"https:\\\/\\\/gamart.pl\\\/fr\\\/machines\\\/impression-3d-grand-format\\\/\",\"url\":\"https:\\\/\\\/gamart.pl\\\/fr\\\/machines\\\/impression-3d-grand-format\\\/\",\"name\":\"Impression 3D grand format - Gamart\",\"isPartOf\":{\"@id\":\"https:\\\/\\\/gamart.pl\\\/fr\\\/#website\"},\"datePublished\":\"2022-01-28T03:56:33+00:00\",\"dateModified\":\"2022-07-07T13:58:03+00:00\",\"breadcrumb\":{\"@id\":\"https:\\\/\\\/gamart.pl\\\/fr\\\/machines\\\/impression-3d-grand-format\\\/#breadcrumb\"},\"inLanguage\":\"fr-FR\",\"potentialAction\":[{\"@type\":\"ReadAction\",\"target\":[\"https:\\\/\\\/gamart.pl\\\/fr\\\/machines\\\/impression-3d-grand-format\\\/\"]}]},{\"@type\":\"BreadcrumbList\",\"@id\":\"https:\\\/\\\/gamart.pl\\\/fr\\\/machines\\\/impression-3d-grand-format\\\/#breadcrumb\",\"itemListElement\":[{\"@type\":\"ListItem\",\"position\":1,\"name\":\"Strona g\u0142\u00f3wna\",\"item\":\"https:\\\/\\\/gamart.pl\\\/fr\\\/\"},{\"@type\":\"ListItem\",\"position\":2,\"name\":\"Machines\",\"item\":\"https:\\\/\\\/gamart.pl\\\/fr\\\/machines\\\/\"},{\"@type\":\"ListItem\",\"position\":3,\"name\":\"Impression 3D grand format\"}]},{\"@type\":\"WebSite\",\"@id\":\"https:\\\/\\\/gamart.pl\\\/fr\\\/#website\",\"url\":\"https:\\\/\\\/gamart.pl\\\/fr\\\/\",\"name\":\"Gamart\",\"description\":\"Mi\u0119dzynarodowy pionier na rynku tworzyw sztucznych\",\"publisher\":{\"@id\":\"https:\\\/\\\/gamart.pl\\\/fr\\\/#organization\"},\"potentialAction\":[{\"@type\":\"SearchAction\",\"target\":{\"@type\":\"EntryPoint\",\"urlTemplate\":\"https:\\\/\\\/gamart.pl\\\/fr\\\/?s={search_term_string}\"},\"query-input\":{\"@type\":\"PropertyValueSpecification\",\"valueRequired\":true,\"valueName\":\"search_term_string\"}}],\"inLanguage\":\"fr-FR\"},{\"@type\":\"Organization\",\"@id\":\"https:\\\/\\\/gamart.pl\\\/fr\\\/#organization\",\"name\":\"Gamart\",\"url\":\"https:\\\/\\\/gamart.pl\\\/fr\\\/\",\"logo\":{\"@type\":\"ImageObject\",\"inLanguage\":\"fr-FR\",\"@id\":\"https:\\\/\\\/gamart.pl\\\/fr\\\/#\\\/schema\\\/logo\\\/image\\\/\",\"url\":\"https:\\\/\\\/gamart.pl\\\/wp-content\\\/uploads\\\/2022\\\/08\\\/cropped-android-icon-192x192-1.png\",\"contentUrl\":\"https:\\\/\\\/gamart.pl\\\/wp-content\\\/uploads\\\/2022\\\/08\\\/cropped-android-icon-192x192-1.png\",\"width\":512,\"height\":512,\"caption\":\"Gamart\"},\"image\":{\"@id\":\"https:\\\/\\\/gamart.pl\\\/fr\\\/#\\\/schema\\\/logo\\\/image\\\/\"},\"sameAs\":[\"https:\\\/\\\/www.facebook.com\\\/firma.gamart\\\/\",\"https:\\\/\\\/www.linkedin.com\\\/company\\\/gamart\",\"https:\\\/\\\/www.youtube.com\\\/channel\\\/UCsNRquoCKlZG5GYdkqXg1Mw\\\/\"]}]}<\/script>\n<!-- \/ Yoast SEO plugin. -->","yoast_head_json":{"title":"Impression 3D grand format - Gamart","robots":{"index":"index","follow":"follow","max-snippet":"max-snippet:-1","max-image-preview":"max-image-preview:large","max-video-preview":"max-video-preview:-1"},"canonical":"https:\/\/gamart.pl\/fr\/machines\/impression-3d-grand-format\/","og_locale":"fr_FR","og_type":"article","og_title":"Impression 3D grand format - Gamart","og_description":"Tout le monde observe un d\u00e9veloppement tr\u00e8s dynamique de la technologie d&rsquo;impression 3D ces derni\u00e8res ann\u00e9es. Le march\u00e9 des dispositifs [&hellip;]","og_url":"https:\/\/gamart.pl\/fr\/machines\/impression-3d-grand-format\/","og_site_name":"Gamart","article_publisher":"https:\/\/www.facebook.com\/firma.gamart\/","article_modified_time":"2022-07-07T13:58:03+00:00","twitter_card":"summary_large_image","twitter_misc":{"Dur\u00e9e de lecture estim\u00e9e":"4 minutes"},"schema":{"@context":"https:\/\/schema.org","@graph":[{"@type":"WebPage","@id":"https:\/\/gamart.pl\/fr\/machines\/impression-3d-grand-format\/","url":"https:\/\/gamart.pl\/fr\/machines\/impression-3d-grand-format\/","name":"Impression 3D grand format - Gamart","isPartOf":{"@id":"https:\/\/gamart.pl\/fr\/#website"},"datePublished":"2022-01-28T03:56:33+00:00","dateModified":"2022-07-07T13:58:03+00:00","breadcrumb":{"@id":"https:\/\/gamart.pl\/fr\/machines\/impression-3d-grand-format\/#breadcrumb"},"inLanguage":"fr-FR","potentialAction":[{"@type":"ReadAction","target":["https:\/\/gamart.pl\/fr\/machines\/impression-3d-grand-format\/"]}]},{"@type":"BreadcrumbList","@id":"https:\/\/gamart.pl\/fr\/machines\/impression-3d-grand-format\/#breadcrumb","itemListElement":[{"@type":"ListItem","position":1,"name":"Strona g\u0142\u00f3wna","item":"https:\/\/gamart.pl\/fr\/"},{"@type":"ListItem","position":2,"name":"Machines","item":"https:\/\/gamart.pl\/fr\/machines\/"},{"@type":"ListItem","position":3,"name":"Impression 3D grand format"}]},{"@type":"WebSite","@id":"https:\/\/gamart.pl\/fr\/#website","url":"https:\/\/gamart.pl\/fr\/","name":"Gamart","description":"Mi\u0119dzynarodowy pionier na rynku tworzyw sztucznych","publisher":{"@id":"https:\/\/gamart.pl\/fr\/#organization"},"potentialAction":[{"@type":"SearchAction","target":{"@type":"EntryPoint","urlTemplate":"https:\/\/gamart.pl\/fr\/?s={search_term_string}"},"query-input":{"@type":"PropertyValueSpecification","valueRequired":true,"valueName":"search_term_string"}}],"inLanguage":"fr-FR"},{"@type":"Organization","@id":"https:\/\/gamart.pl\/fr\/#organization","name":"Gamart","url":"https:\/\/gamart.pl\/fr\/","logo":{"@type":"ImageObject","inLanguage":"fr-FR","@id":"https:\/\/gamart.pl\/fr\/#\/schema\/logo\/image\/","url":"https:\/\/gamart.pl\/wp-content\/uploads\/2022\/08\/cropped-android-icon-192x192-1.png","contentUrl":"https:\/\/gamart.pl\/wp-content\/uploads\/2022\/08\/cropped-android-icon-192x192-1.png","width":512,"height":512,"caption":"Gamart"},"image":{"@id":"https:\/\/gamart.pl\/fr\/#\/schema\/logo\/image\/"},"sameAs":["https:\/\/www.facebook.com\/firma.gamart\/","https:\/\/www.linkedin.com\/company\/gamart","https:\/\/www.youtube.com\/channel\/UCsNRquoCKlZG5GYdkqXg1Mw\/"]}]}},"_links":{"self":[{"href":"https:\/\/gamart.pl\/fr\/wp-json\/wp\/v2\/pages\/2992","targetHints":{"allow":["GET"]}}],"collection":[{"href":"https:\/\/gamart.pl\/fr\/wp-json\/wp\/v2\/pages"}],"about":[{"href":"https:\/\/gamart.pl\/fr\/wp-json\/wp\/v2\/types\/page"}],"author":[{"embeddable":true,"href":"https:\/\/gamart.pl\/fr\/wp-json\/wp\/v2\/users\/1"}],"replies":[{"embeddable":true,"href":"https:\/\/gamart.pl\/fr\/wp-json\/wp\/v2\/comments?post=2992"}],"version-history":[{"count":7,"href":"https:\/\/gamart.pl\/fr\/wp-json\/wp\/v2\/pages\/2992\/revisions"}],"predecessor-version":[{"id":3790,"href":"https:\/\/gamart.pl\/fr\/wp-json\/wp\/v2\/pages\/2992\/revisions\/3790"}],"up":[{"embeddable":true,"href":"https:\/\/gamart.pl\/fr\/wp-json\/wp\/v2\/pages\/2974"}],"wp:attachment":[{"href":"https:\/\/gamart.pl\/fr\/wp-json\/wp\/v2\/media?parent=2992"}],"curies":[{"name":"wp","href":"https:\/\/api.w.org\/{rel}","templated":true}]}}