{"id":2757,"date":"2022-04-26T20:41:18","date_gmt":"2022-04-26T18:41:18","guid":{"rendered":"http:\/\/www.rynny.gamart.pl\/?page_id=2757"},"modified":"2022-07-11T17:45:58","modified_gmt":"2022-07-11T15:45:58","slug":"recrutement","status":"publish","type":"page","link":"https:\/\/gamart.pl\/fr\/societe\/recrutement\/","title":{"rendered":"Recrutement"},"content":{"rendered":"<p>GAMART est per\u00e7ue comme l&rsquo;une des entreprises les plus innovantes du sud-est de la Pologne. Nous ne sommes pas non plus une entreprise standard &#8211; nous combinons les derni\u00e8res technologies dans le domaine des plastiques avec le monde des affaires.<\/p>\n<p>\u00cates-vous ing\u00e9nieur? Ou peut-\u00eatre souhaitez-vous travailler dans le marketing, les ventes, la gestion de projet ? Vous d\u00e9cidez dans quelle direction vous souhaitez \u00e9voluer et nous vous confions un large \u00e9ventail de responsabilit\u00e9s.<\/p>\n<p>Chez GAMART, vous travaillerez avec des sp\u00e9cialistes d\u00e9sireux de partager leurs connaissances et experts dans leur domaine. Nous sommes reconnus par notre engagement envers le travail, l&rsquo;entrepreneuriat et la responsabilisation.<\/p>\n<p>Nous recherchons constamment des membres d&rsquo;\u00e9quipe talentueux qui souhaitent d\u00e9velopper leurs comp\u00e9tences dans des domaines aussi int\u00e9ressants que l&rsquo;impression 3D \u00e0 grande \u00e9chelle ou la production de raccords et de coudes pionniers de grande taille.<\/p>\n<p>Nous nous sentons \u00e9galement responsables de l&rsquo;\u00e9cologie et du d\u00e9veloppement durable. Nous recherchons des personnes dynamiques pour nous aider \u00e0 devenir un leader des syst\u00e8mes de r\u00e9cup\u00e9ration d&rsquo;eau de pluie sur le march\u00e9 europ\u00e9en.<\/p>\n<p>Nous avons 25 ans d&rsquo;exp\u00e9rience et des ambitions mondiales de croissance. Nous restons une entreprise \u00e0 capital polonais, mais nous pouvons d\u00e9j\u00e0 \u00eatre fiers d&rsquo;une port\u00e9e internationale. En travaillant avec nous, vous faites partie d&rsquo;une organisation qui soutient l&rsquo;\u00e9conomie et les communaut\u00e9s locales et qui aspire \u00e0 cr\u00e9er de nombreux nouveaux emplois.<\/p>\n<p>Nous analyserons en d\u00e9tail chaque profil de candidat. Aussi bien les candidats avec un \u00e9norme bagage d&rsquo;exp\u00e9rience que les candidats en d\u00e9but de carri\u00e8re professionnelle sont-ils pris en compte par notre entreprise ?<\/p>\n<p>\u00cates-vous int\u00e9ress\u00e9 \u00e0 travailler pour une organisation ambitieuse de 100 personnes qui aspire \u00e0 \u00eatre un \u00ab challenger \u00bb dans l&rsquo;industrie des plastiques ?<\/p>\n<p>Si la r\u00e9ponse est OUI &#8211; envoyez-nous votre CV \u00e0 l&rsquo;adresse e-mail : <a href=\"mailto:rekrutacja@gamart.pl\">rekrutacja@gamart.pl<\/a>.<\/p>\n<p>Nous prenons chaque candidature au s\u00e9rieux.<\/p>\n","protected":false},"excerpt":{"rendered":"<p>GAMART est per\u00e7ue comme l&rsquo;une des entreprises les plus innovantes du sud-est de la Pologne. Nous ne sommes pas non [&hellip;]<\/p>\n","protected":false},"author":1,"featured_media":2020,"parent":2731,"menu_order":0,"comment_status":"closed","ping_status":"closed","template":"","meta":{"_acf_changed":false,"footnotes":""},"class_list":["post-2757","page","type-page","status-publish","has-post-thumbnail","hentry"],"acf":[],"yoast_head":"<!-- This site is optimized with the Yoast SEO plugin v27.4 - https:\/\/yoast.com\/product\/yoast-seo-wordpress\/ -->\n<title>Recrutement - Gamart<\/title>\n<meta name=\"robots\" content=\"index, follow, max-snippet:-1, max-image-preview:large, max-video-preview:-1\" \/>\n<link rel=\"canonical\" href=\"https:\/\/gamart.pl\/fr\/societe\/recrutement\/\" \/>\n<meta property=\"og:locale\" content=\"fr_FR\" \/>\n<meta property=\"og:type\" content=\"article\" \/>\n<meta property=\"og:title\" content=\"Recrutement - Gamart\" \/>\n<meta property=\"og:description\" content=\"GAMART est per\u00e7ue comme l&rsquo;une des entreprises les plus innovantes du sud-est de la Pologne. Nous ne sommes pas non [&hellip;]\" \/>\n<meta property=\"og:url\" content=\"https:\/\/gamart.pl\/fr\/societe\/recrutement\/\" \/>\n<meta property=\"og:site_name\" content=\"Gamart\" \/>\n<meta property=\"article:publisher\" content=\"https:\/\/www.facebook.com\/firma.gamart\/\" \/>\n<meta property=\"article:modified_time\" content=\"2022-07-11T15:45:58+00:00\" \/>\n<meta property=\"og:image\" content=\"https:\/\/gamart.pl\/wp-content\/uploads\/2022\/02\/kariera.jpg\" \/>\n\t<meta property=\"og:image:width\" content=\"1258\" \/>\n\t<meta property=\"og:image:height\" content=\"839\" \/>\n\t<meta property=\"og:image:type\" content=\"image\/jpeg\" \/>\n<meta name=\"twitter:card\" content=\"summary_large_image\" \/>\n<meta name=\"twitter:label1\" content=\"Dur\u00e9e de lecture estim\u00e9e\" \/>\n\t<meta name=\"twitter:data1\" content=\"2 minutes\" \/>\n<script type=\"application\/ld+json\" class=\"yoast-schema-graph\">{\"@context\":\"https:\\\/\\\/schema.org\",\"@graph\":[{\"@type\":\"WebPage\",\"@id\":\"https:\\\/\\\/gamart.pl\\\/fr\\\/societe\\\/recrutement\\\/\",\"url\":\"https:\\\/\\\/gamart.pl\\\/fr\\\/societe\\\/recrutement\\\/\",\"name\":\"Recrutement - Gamart\",\"isPartOf\":{\"@id\":\"https:\\\/\\\/gamart.pl\\\/fr\\\/#website\"},\"primaryImageOfPage\":{\"@id\":\"https:\\\/\\\/gamart.pl\\\/fr\\\/societe\\\/recrutement\\\/#primaryimage\"},\"image\":{\"@id\":\"https:\\\/\\\/gamart.pl\\\/fr\\\/societe\\\/recrutement\\\/#primaryimage\"},\"thumbnailUrl\":\"https:\\\/\\\/gamart.pl\\\/wp-content\\\/uploads\\\/2022\\\/02\\\/kariera.jpg\",\"datePublished\":\"2022-04-26T18:41:18+00:00\",\"dateModified\":\"2022-07-11T15:45:58+00:00\",\"breadcrumb\":{\"@id\":\"https:\\\/\\\/gamart.pl\\\/fr\\\/societe\\\/recrutement\\\/#breadcrumb\"},\"inLanguage\":\"fr-FR\",\"potentialAction\":[{\"@type\":\"ReadAction\",\"target\":[\"https:\\\/\\\/gamart.pl\\\/fr\\\/societe\\\/recrutement\\\/\"]}]},{\"@type\":\"ImageObject\",\"inLanguage\":\"fr-FR\",\"@id\":\"https:\\\/\\\/gamart.pl\\\/fr\\\/societe\\\/recrutement\\\/#primaryimage\",\"url\":\"https:\\\/\\\/gamart.pl\\\/wp-content\\\/uploads\\\/2022\\\/02\\\/kariera.jpg\",\"contentUrl\":\"https:\\\/\\\/gamart.pl\\\/wp-content\\\/uploads\\\/2022\\\/02\\\/kariera.jpg\",\"width\":1258,\"height\":839},{\"@type\":\"BreadcrumbList\",\"@id\":\"https:\\\/\\\/gamart.pl\\\/fr\\\/societe\\\/recrutement\\\/#breadcrumb\",\"itemListElement\":[{\"@type\":\"ListItem\",\"position\":1,\"name\":\"Strona g\u0142\u00f3wna\",\"item\":\"https:\\\/\\\/gamart.pl\\\/fr\\\/\"},{\"@type\":\"ListItem\",\"position\":2,\"name\":\"Soci\u00e9t\u00e9\",\"item\":\"https:\\\/\\\/gamart.pl\\\/fr\\\/societe\\\/\"},{\"@type\":\"ListItem\",\"position\":3,\"name\":\"Recrutement\"}]},{\"@type\":\"WebSite\",\"@id\":\"https:\\\/\\\/gamart.pl\\\/fr\\\/#website\",\"url\":\"https:\\\/\\\/gamart.pl\\\/fr\\\/\",\"name\":\"Gamart\",\"description\":\"Mi\u0119dzynarodowy pionier na rynku tworzyw sztucznych\",\"publisher\":{\"@id\":\"https:\\\/\\\/gamart.pl\\\/fr\\\/#organization\"},\"potentialAction\":[{\"@type\":\"SearchAction\",\"target\":{\"@type\":\"EntryPoint\",\"urlTemplate\":\"https:\\\/\\\/gamart.pl\\\/fr\\\/?s={search_term_string}\"},\"query-input\":{\"@type\":\"PropertyValueSpecification\",\"valueRequired\":true,\"valueName\":\"search_term_string\"}}],\"inLanguage\":\"fr-FR\"},{\"@type\":\"Organization\",\"@id\":\"https:\\\/\\\/gamart.pl\\\/fr\\\/#organization\",\"name\":\"Gamart\",\"url\":\"https:\\\/\\\/gamart.pl\\\/fr\\\/\",\"logo\":{\"@type\":\"ImageObject\",\"inLanguage\":\"fr-FR\",\"@id\":\"https:\\\/\\\/gamart.pl\\\/fr\\\/#\\\/schema\\\/logo\\\/image\\\/\",\"url\":\"https:\\\/\\\/gamart.pl\\\/wp-content\\\/uploads\\\/2022\\\/08\\\/cropped-android-icon-192x192-1.png\",\"contentUrl\":\"https:\\\/\\\/gamart.pl\\\/wp-content\\\/uploads\\\/2022\\\/08\\\/cropped-android-icon-192x192-1.png\",\"width\":512,\"height\":512,\"caption\":\"Gamart\"},\"image\":{\"@id\":\"https:\\\/\\\/gamart.pl\\\/fr\\\/#\\\/schema\\\/logo\\\/image\\\/\"},\"sameAs\":[\"https:\\\/\\\/www.facebook.com\\\/firma.gamart\\\/\",\"https:\\\/\\\/www.linkedin.com\\\/company\\\/gamart\",\"https:\\\/\\\/www.youtube.com\\\/channel\\\/UCsNRquoCKlZG5GYdkqXg1Mw\\\/\"]}]}<\/script>\n<!-- \/ Yoast SEO plugin. -->","yoast_head_json":{"title":"Recrutement - Gamart","robots":{"index":"index","follow":"follow","max-snippet":"max-snippet:-1","max-image-preview":"max-image-preview:large","max-video-preview":"max-video-preview:-1"},"canonical":"https:\/\/gamart.pl\/fr\/societe\/recrutement\/","og_locale":"fr_FR","og_type":"article","og_title":"Recrutement - Gamart","og_description":"GAMART est per\u00e7ue comme l&rsquo;une des entreprises les plus innovantes du sud-est de la Pologne. Nous ne sommes pas non [&hellip;]","og_url":"https:\/\/gamart.pl\/fr\/societe\/recrutement\/","og_site_name":"Gamart","article_publisher":"https:\/\/www.facebook.com\/firma.gamart\/","article_modified_time":"2022-07-11T15:45:58+00:00","og_image":[{"width":1258,"height":839,"url":"https:\/\/gamart.pl\/wp-content\/uploads\/2022\/02\/kariera.jpg","type":"image\/jpeg"}],"twitter_card":"summary_large_image","twitter_misc":{"Dur\u00e9e de lecture estim\u00e9e":"2 minutes"},"schema":{"@context":"https:\/\/schema.org","@graph":[{"@type":"WebPage","@id":"https:\/\/gamart.pl\/fr\/societe\/recrutement\/","url":"https:\/\/gamart.pl\/fr\/societe\/recrutement\/","name":"Recrutement - Gamart","isPartOf":{"@id":"https:\/\/gamart.pl\/fr\/#website"},"primaryImageOfPage":{"@id":"https:\/\/gamart.pl\/fr\/societe\/recrutement\/#primaryimage"},"image":{"@id":"https:\/\/gamart.pl\/fr\/societe\/recrutement\/#primaryimage"},"thumbnailUrl":"https:\/\/gamart.pl\/wp-content\/uploads\/2022\/02\/kariera.jpg","datePublished":"2022-04-26T18:41:18+00:00","dateModified":"2022-07-11T15:45:58+00:00","breadcrumb":{"@id":"https:\/\/gamart.pl\/fr\/societe\/recrutement\/#breadcrumb"},"inLanguage":"fr-FR","potentialAction":[{"@type":"ReadAction","target":["https:\/\/gamart.pl\/fr\/societe\/recrutement\/"]}]},{"@type":"ImageObject","inLanguage":"fr-FR","@id":"https:\/\/gamart.pl\/fr\/societe\/recrutement\/#primaryimage","url":"https:\/\/gamart.pl\/wp-content\/uploads\/2022\/02\/kariera.jpg","contentUrl":"https:\/\/gamart.pl\/wp-content\/uploads\/2022\/02\/kariera.jpg","width":1258,"height":839},{"@type":"BreadcrumbList","@id":"https:\/\/gamart.pl\/fr\/societe\/recrutement\/#breadcrumb","itemListElement":[{"@type":"ListItem","position":1,"name":"Strona g\u0142\u00f3wna","item":"https:\/\/gamart.pl\/fr\/"},{"@type":"ListItem","position":2,"name":"Soci\u00e9t\u00e9","item":"https:\/\/gamart.pl\/fr\/societe\/"},{"@type":"ListItem","position":3,"name":"Recrutement"}]},{"@type":"WebSite","@id":"https:\/\/gamart.pl\/fr\/#website","url":"https:\/\/gamart.pl\/fr\/","name":"Gamart","description":"Mi\u0119dzynarodowy pionier na rynku tworzyw sztucznych","publisher":{"@id":"https:\/\/gamart.pl\/fr\/#organization"},"potentialAction":[{"@type":"SearchAction","target":{"@type":"EntryPoint","urlTemplate":"https:\/\/gamart.pl\/fr\/?s={search_term_string}"},"query-input":{"@type":"PropertyValueSpecification","valueRequired":true,"valueName":"search_term_string"}}],"inLanguage":"fr-FR"},{"@type":"Organization","@id":"https:\/\/gamart.pl\/fr\/#organization","name":"Gamart","url":"https:\/\/gamart.pl\/fr\/","logo":{"@type":"ImageObject","inLanguage":"fr-FR","@id":"https:\/\/gamart.pl\/fr\/#\/schema\/logo\/image\/","url":"https:\/\/gamart.pl\/wp-content\/uploads\/2022\/08\/cropped-android-icon-192x192-1.png","contentUrl":"https:\/\/gamart.pl\/wp-content\/uploads\/2022\/08\/cropped-android-icon-192x192-1.png","width":512,"height":512,"caption":"Gamart"},"image":{"@id":"https:\/\/gamart.pl\/fr\/#\/schema\/logo\/image\/"},"sameAs":["https:\/\/www.facebook.com\/firma.gamart\/","https:\/\/www.linkedin.com\/company\/gamart","https:\/\/www.youtube.com\/channel\/UCsNRquoCKlZG5GYdkqXg1Mw\/"]}]}},"_links":{"self":[{"href":"https:\/\/gamart.pl\/fr\/wp-json\/wp\/v2\/pages\/2757","targetHints":{"allow":["GET"]}}],"collection":[{"href":"https:\/\/gamart.pl\/fr\/wp-json\/wp\/v2\/pages"}],"about":[{"href":"https:\/\/gamart.pl\/fr\/wp-json\/wp\/v2\/types\/page"}],"author":[{"embeddable":true,"href":"https:\/\/gamart.pl\/fr\/wp-json\/wp\/v2\/users\/1"}],"replies":[{"embeddable":true,"href":"https:\/\/gamart.pl\/fr\/wp-json\/wp\/v2\/comments?post=2757"}],"version-history":[{"count":4,"href":"https:\/\/gamart.pl\/fr\/wp-json\/wp\/v2\/pages\/2757\/revisions"}],"predecessor-version":[{"id":3854,"href":"https:\/\/gamart.pl\/fr\/wp-json\/wp\/v2\/pages\/2757\/revisions\/3854"}],"up":[{"embeddable":true,"href":"https:\/\/gamart.pl\/fr\/wp-json\/wp\/v2\/pages\/2731"}],"wp:featuredmedia":[{"embeddable":true,"href":"https:\/\/gamart.pl\/fr\/wp-json\/wp\/v2\/media\/2020"}],"wp:attachment":[{"href":"https:\/\/gamart.pl\/fr\/wp-json\/wp\/v2\/media?parent=2757"}],"curies":[{"name":"wp","href":"https:\/\/api.w.org\/{rel}","templated":true}]}}