{"id":1216,"date":"2022-02-04T19:28:36","date_gmt":"2022-02-04T18:28:36","guid":{"rendered":"http:\/\/www.rynny.gamart.pl\/?page_id=1216"},"modified":"2022-07-25T12:42:26","modified_gmt":"2022-07-25T10:42:26","slug":"tuyaux-renforces","status":"publish","type":"page","link":"https:\/\/gamart.pl\/fr\/offre\/tuyaux-renforces\/","title":{"rendered":"Tuyaux renforc\u00e9s"},"content":{"rendered":"<p>GAMART est un distributeur reconnu de flexibles renforc\u00e9s de diam\u00e8tres allant du DN20 au DN200. Ils sont fabriqu\u00e9s en PVC ramolli et renforc\u00e9s d&rsquo;une h\u00e9lice en PVC dur. En standard, tous les tuyaux sont enroul\u00e9s dans des disques de 30 m\u00e8tres de long (sauf diam\u00e8tre de 200 mm qui fait 6 m\u00e8tres de long).<\/p>\n<p>&nbsp;<\/p>\n","protected":false},"excerpt":{"rendered":"<p>GAMART est un distributeur reconnu de flexibles renforc\u00e9s de diam\u00e8tres allant du DN20 au DN200. Ils sont fabriqu\u00e9s en PVC [&hellip;]<\/p>\n","protected":false},"author":1,"featured_media":1206,"parent":3060,"menu_order":12,"comment_status":"closed","ping_status":"closed","template":"page-product_category.php","meta":{"_acf_changed":false,"footnotes":""},"class_list":["post-1216","page","type-page","status-publish","has-post-thumbnail","hentry"],"acf":[],"yoast_head":"<!-- This site is optimized with the Yoast SEO plugin v27.4 - https:\/\/yoast.com\/product\/yoast-seo-wordpress\/ -->\n<title>Tuyaux renforc\u00e9s - Gamart<\/title>\n<meta name=\"robots\" content=\"index, follow, max-snippet:-1, max-image-preview:large, max-video-preview:-1\" \/>\n<link rel=\"canonical\" href=\"https:\/\/gamart.pl\/fr\/offre\/tuyaux-renforces\/\" \/>\n<meta property=\"og:locale\" content=\"fr_FR\" \/>\n<meta property=\"og:type\" content=\"article\" \/>\n<meta property=\"og:title\" content=\"Tuyaux renforc\u00e9s - Gamart\" \/>\n<meta property=\"og:description\" content=\"GAMART est un distributeur reconnu de flexibles renforc\u00e9s de diam\u00e8tres allant du DN20 au DN200. Ils sont fabriqu\u00e9s en PVC [&hellip;]\" \/>\n<meta property=\"og:url\" content=\"https:\/\/gamart.pl\/fr\/offre\/tuyaux-renforces\/\" \/>\n<meta property=\"og:site_name\" content=\"Gamart\" \/>\n<meta property=\"article:publisher\" content=\"https:\/\/www.facebook.com\/firma.gamart\/\" \/>\n<meta property=\"article:modified_time\" content=\"2022-07-25T10:42:26+00:00\" \/>\n<meta property=\"og:image\" content=\"https:\/\/gamart.pl\/wp-content\/uploads\/2022\/02\/Weze-zbrojone.jpg\" \/>\n\t<meta property=\"og:image:width\" content=\"800\" \/>\n\t<meta property=\"og:image:height\" content=\"800\" \/>\n\t<meta property=\"og:image:type\" content=\"image\/jpeg\" \/>\n<meta name=\"twitter:card\" content=\"summary_large_image\" \/>\n<script type=\"application\/ld+json\" class=\"yoast-schema-graph\">{\"@context\":\"https:\\\/\\\/schema.org\",\"@graph\":[{\"@type\":\"WebPage\",\"@id\":\"https:\\\/\\\/gamart.pl\\\/fr\\\/offre\\\/tuyaux-renforces\\\/\",\"url\":\"https:\\\/\\\/gamart.pl\\\/fr\\\/offre\\\/tuyaux-renforces\\\/\",\"name\":\"Tuyaux renforc\u00e9s - Gamart\",\"isPartOf\":{\"@id\":\"https:\\\/\\\/gamart.pl\\\/fr\\\/#website\"},\"primaryImageOfPage\":{\"@id\":\"https:\\\/\\\/gamart.pl\\\/fr\\\/offre\\\/tuyaux-renforces\\\/#primaryimage\"},\"image\":{\"@id\":\"https:\\\/\\\/gamart.pl\\\/fr\\\/offre\\\/tuyaux-renforces\\\/#primaryimage\"},\"thumbnailUrl\":\"https:\\\/\\\/gamart.pl\\\/wp-content\\\/uploads\\\/2022\\\/02\\\/Weze-zbrojone.jpg\",\"datePublished\":\"2022-02-04T18:28:36+00:00\",\"dateModified\":\"2022-07-25T10:42:26+00:00\",\"breadcrumb\":{\"@id\":\"https:\\\/\\\/gamart.pl\\\/fr\\\/offre\\\/tuyaux-renforces\\\/#breadcrumb\"},\"inLanguage\":\"fr-FR\",\"potentialAction\":[{\"@type\":\"ReadAction\",\"target\":[\"https:\\\/\\\/gamart.pl\\\/fr\\\/offre\\\/tuyaux-renforces\\\/\"]}]},{\"@type\":\"ImageObject\",\"inLanguage\":\"fr-FR\",\"@id\":\"https:\\\/\\\/gamart.pl\\\/fr\\\/offre\\\/tuyaux-renforces\\\/#primaryimage\",\"url\":\"https:\\\/\\\/gamart.pl\\\/wp-content\\\/uploads\\\/2022\\\/02\\\/Weze-zbrojone.jpg\",\"contentUrl\":\"https:\\\/\\\/gamart.pl\\\/wp-content\\\/uploads\\\/2022\\\/02\\\/Weze-zbrojone.jpg\",\"width\":800,\"height\":800},{\"@type\":\"BreadcrumbList\",\"@id\":\"https:\\\/\\\/gamart.pl\\\/fr\\\/offre\\\/tuyaux-renforces\\\/#breadcrumb\",\"itemListElement\":[{\"@type\":\"ListItem\",\"position\":1,\"name\":\"Strona g\u0142\u00f3wna\",\"item\":\"https:\\\/\\\/gamart.pl\\\/fr\\\/\"},{\"@type\":\"ListItem\",\"position\":2,\"name\":\"Offre\",\"item\":\"https:\\\/\\\/gamart.pl\\\/fr\\\/offre\\\/\"},{\"@type\":\"ListItem\",\"position\":3,\"name\":\"Tuyaux renforc\u00e9s\"}]},{\"@type\":\"WebSite\",\"@id\":\"https:\\\/\\\/gamart.pl\\\/fr\\\/#website\",\"url\":\"https:\\\/\\\/gamart.pl\\\/fr\\\/\",\"name\":\"Gamart\",\"description\":\"Mi\u0119dzynarodowy pionier na rynku tworzyw sztucznych\",\"publisher\":{\"@id\":\"https:\\\/\\\/gamart.pl\\\/fr\\\/#organization\"},\"potentialAction\":[{\"@type\":\"SearchAction\",\"target\":{\"@type\":\"EntryPoint\",\"urlTemplate\":\"https:\\\/\\\/gamart.pl\\\/fr\\\/?s={search_term_string}\"},\"query-input\":{\"@type\":\"PropertyValueSpecification\",\"valueRequired\":true,\"valueName\":\"search_term_string\"}}],\"inLanguage\":\"fr-FR\"},{\"@type\":\"Organization\",\"@id\":\"https:\\\/\\\/gamart.pl\\\/fr\\\/#organization\",\"name\":\"Gamart\",\"url\":\"https:\\\/\\\/gamart.pl\\\/fr\\\/\",\"logo\":{\"@type\":\"ImageObject\",\"inLanguage\":\"fr-FR\",\"@id\":\"https:\\\/\\\/gamart.pl\\\/fr\\\/#\\\/schema\\\/logo\\\/image\\\/\",\"url\":\"https:\\\/\\\/gamart.pl\\\/wp-content\\\/uploads\\\/2022\\\/08\\\/cropped-android-icon-192x192-1.png\",\"contentUrl\":\"https:\\\/\\\/gamart.pl\\\/wp-content\\\/uploads\\\/2022\\\/08\\\/cropped-android-icon-192x192-1.png\",\"width\":512,\"height\":512,\"caption\":\"Gamart\"},\"image\":{\"@id\":\"https:\\\/\\\/gamart.pl\\\/fr\\\/#\\\/schema\\\/logo\\\/image\\\/\"},\"sameAs\":[\"https:\\\/\\\/www.facebook.com\\\/firma.gamart\\\/\",\"https:\\\/\\\/www.linkedin.com\\\/company\\\/gamart\",\"https:\\\/\\\/www.youtube.com\\\/channel\\\/UCsNRquoCKlZG5GYdkqXg1Mw\\\/\"]}]}<\/script>\n<!-- \/ Yoast SEO plugin. -->","yoast_head_json":{"title":"Tuyaux renforc\u00e9s - Gamart","robots":{"index":"index","follow":"follow","max-snippet":"max-snippet:-1","max-image-preview":"max-image-preview:large","max-video-preview":"max-video-preview:-1"},"canonical":"https:\/\/gamart.pl\/fr\/offre\/tuyaux-renforces\/","og_locale":"fr_FR","og_type":"article","og_title":"Tuyaux renforc\u00e9s - Gamart","og_description":"GAMART est un distributeur reconnu de flexibles renforc\u00e9s de diam\u00e8tres allant du DN20 au DN200. Ils sont fabriqu\u00e9s en PVC [&hellip;]","og_url":"https:\/\/gamart.pl\/fr\/offre\/tuyaux-renforces\/","og_site_name":"Gamart","article_publisher":"https:\/\/www.facebook.com\/firma.gamart\/","article_modified_time":"2022-07-25T10:42:26+00:00","og_image":[{"width":800,"height":800,"url":"https:\/\/gamart.pl\/wp-content\/uploads\/2022\/02\/Weze-zbrojone.jpg","type":"image\/jpeg"}],"twitter_card":"summary_large_image","schema":{"@context":"https:\/\/schema.org","@graph":[{"@type":"WebPage","@id":"https:\/\/gamart.pl\/fr\/offre\/tuyaux-renforces\/","url":"https:\/\/gamart.pl\/fr\/offre\/tuyaux-renforces\/","name":"Tuyaux renforc\u00e9s - Gamart","isPartOf":{"@id":"https:\/\/gamart.pl\/fr\/#website"},"primaryImageOfPage":{"@id":"https:\/\/gamart.pl\/fr\/offre\/tuyaux-renforces\/#primaryimage"},"image":{"@id":"https:\/\/gamart.pl\/fr\/offre\/tuyaux-renforces\/#primaryimage"},"thumbnailUrl":"https:\/\/gamart.pl\/wp-content\/uploads\/2022\/02\/Weze-zbrojone.jpg","datePublished":"2022-02-04T18:28:36+00:00","dateModified":"2022-07-25T10:42:26+00:00","breadcrumb":{"@id":"https:\/\/gamart.pl\/fr\/offre\/tuyaux-renforces\/#breadcrumb"},"inLanguage":"fr-FR","potentialAction":[{"@type":"ReadAction","target":["https:\/\/gamart.pl\/fr\/offre\/tuyaux-renforces\/"]}]},{"@type":"ImageObject","inLanguage":"fr-FR","@id":"https:\/\/gamart.pl\/fr\/offre\/tuyaux-renforces\/#primaryimage","url":"https:\/\/gamart.pl\/wp-content\/uploads\/2022\/02\/Weze-zbrojone.jpg","contentUrl":"https:\/\/gamart.pl\/wp-content\/uploads\/2022\/02\/Weze-zbrojone.jpg","width":800,"height":800},{"@type":"BreadcrumbList","@id":"https:\/\/gamart.pl\/fr\/offre\/tuyaux-renforces\/#breadcrumb","itemListElement":[{"@type":"ListItem","position":1,"name":"Strona g\u0142\u00f3wna","item":"https:\/\/gamart.pl\/fr\/"},{"@type":"ListItem","position":2,"name":"Offre","item":"https:\/\/gamart.pl\/fr\/offre\/"},{"@type":"ListItem","position":3,"name":"Tuyaux renforc\u00e9s"}]},{"@type":"WebSite","@id":"https:\/\/gamart.pl\/fr\/#website","url":"https:\/\/gamart.pl\/fr\/","name":"Gamart","description":"Mi\u0119dzynarodowy pionier na rynku tworzyw sztucznych","publisher":{"@id":"https:\/\/gamart.pl\/fr\/#organization"},"potentialAction":[{"@type":"SearchAction","target":{"@type":"EntryPoint","urlTemplate":"https:\/\/gamart.pl\/fr\/?s={search_term_string}"},"query-input":{"@type":"PropertyValueSpecification","valueRequired":true,"valueName":"search_term_string"}}],"inLanguage":"fr-FR"},{"@type":"Organization","@id":"https:\/\/gamart.pl\/fr\/#organization","name":"Gamart","url":"https:\/\/gamart.pl\/fr\/","logo":{"@type":"ImageObject","inLanguage":"fr-FR","@id":"https:\/\/gamart.pl\/fr\/#\/schema\/logo\/image\/","url":"https:\/\/gamart.pl\/wp-content\/uploads\/2022\/08\/cropped-android-icon-192x192-1.png","contentUrl":"https:\/\/gamart.pl\/wp-content\/uploads\/2022\/08\/cropped-android-icon-192x192-1.png","width":512,"height":512,"caption":"Gamart"},"image":{"@id":"https:\/\/gamart.pl\/fr\/#\/schema\/logo\/image\/"},"sameAs":["https:\/\/www.facebook.com\/firma.gamart\/","https:\/\/www.linkedin.com\/company\/gamart","https:\/\/www.youtube.com\/channel\/UCsNRquoCKlZG5GYdkqXg1Mw\/"]}]}},"_links":{"self":[{"href":"https:\/\/gamart.pl\/fr\/wp-json\/wp\/v2\/pages\/1216","targetHints":{"allow":["GET"]}}],"collection":[{"href":"https:\/\/gamart.pl\/fr\/wp-json\/wp\/v2\/pages"}],"about":[{"href":"https:\/\/gamart.pl\/fr\/wp-json\/wp\/v2\/types\/page"}],"author":[{"embeddable":true,"href":"https:\/\/gamart.pl\/fr\/wp-json\/wp\/v2\/users\/1"}],"replies":[{"embeddable":true,"href":"https:\/\/gamart.pl\/fr\/wp-json\/wp\/v2\/comments?post=1216"}],"version-history":[{"count":3,"href":"https:\/\/gamart.pl\/fr\/wp-json\/wp\/v2\/pages\/1216\/revisions"}],"predecessor-version":[{"id":3884,"href":"https:\/\/gamart.pl\/fr\/wp-json\/wp\/v2\/pages\/1216\/revisions\/3884"}],"up":[{"embeddable":true,"href":"https:\/\/gamart.pl\/fr\/wp-json\/wp\/v2\/pages\/3060"}],"wp:featuredmedia":[{"embeddable":true,"href":"https:\/\/gamart.pl\/fr\/wp-json\/wp\/v2\/media\/1206"}],"wp:attachment":[{"href":"https:\/\/gamart.pl\/fr\/wp-json\/wp\/v2\/media?parent=1216"}],"curies":[{"name":"wp","href":"https:\/\/api.w.org\/{rel}","templated":true}]}}