{"id":3289,"date":"2021-02-09T12:16:13","date_gmt":"2021-02-09T11:16:13","guid":{"rendered":"http:\/\/www.rynny.gamart.pl\/oferta\/systemy-rynnowe-i-podsufitki\/"},"modified":"2022-08-25T14:49:54","modified_gmt":"2022-08-25T12:49:54","slug":"sistemas-de-canaletas-y-plafones","status":"publish","type":"page","link":"https:\/\/gamart.pl\/es\/oferta\/sistemas-de-canaletas-y-plafones\/","title":{"rendered":"Sistemas de canaletas y plafones"},"content":{"rendered":"<p>GAMART es uno de los principales distribuidores de sistemas de canalones de PVC en Polonia. Nos complace ofrecer sistemas de canalones de PVC en tama\u00f1os 75-100-125-150 en los siguientes colores: marr\u00f3n oscuro, blanco, grafito, negro, rojo. Adem\u00e1s, nuestra oferta tambi\u00e9n incluye sistemas de canalones acr\u00edlicos en los siguientes colores: verde, negro, rojo ladrillo, plateado y cobre. Los sistemas de bajada de PVC y acr\u00edlico est\u00e1n disponibles en el rango de di\u00e1metro de 63-75-90-100-110.<\/p>\n<p>Los sistemas de canalones de PVC son totalmente resistentes a la corrosi\u00f3n y no requieren pintura. Son f\u00e1ciles de instalar y mantener limpios, lo que resulta en un uso sin problemas durante muchos a\u00f1os.<\/p>\n<p>La oferta completa de sistemas de canalones encaja perfectamente con los sistemas de recolecci\u00f3n de agua de lluvia GAMART, donde somos un productor innovador de una gama completa de recolectores de agua de lluvia, filtros de hojas y tanques de agua de lluvia.<\/p>\n","protected":false},"excerpt":{"rendered":"<p>GAMART es uno de los principales distribuidores de sistemas de canalones de PVC en Polonia. Nos complace ofrecer sistemas de [&hellip;]<\/p>\n","protected":false},"author":1,"featured_media":0,"parent":3063,"menu_order":7,"comment_status":"closed","ping_status":"closed","template":"page-product_category.php","meta":{"_acf_changed":false,"footnotes":""},"class_list":["post-3289","page","type-page","status-publish","hentry"],"acf":[],"yoast_head":"<!-- This site is optimized with the Yoast SEO plugin v27.4 - https:\/\/yoast.com\/product\/yoast-seo-wordpress\/ -->\n<title>Sistemas de canaletas y plafones - Gamart<\/title>\n<meta name=\"robots\" content=\"index, follow, max-snippet:-1, max-image-preview:large, max-video-preview:-1\" \/>\n<link rel=\"canonical\" href=\"https:\/\/gamart.pl\/es\/oferta\/sistemas-de-canaletas-y-plafones\/\" \/>\n<meta property=\"og:locale\" content=\"es_ES\" \/>\n<meta property=\"og:type\" content=\"article\" \/>\n<meta property=\"og:title\" content=\"Sistemas de canaletas y plafones - Gamart\" \/>\n<meta property=\"og:description\" content=\"GAMART es uno de los principales distribuidores de sistemas de canalones de PVC en Polonia. Nos complace ofrecer sistemas de [&hellip;]\" \/>\n<meta property=\"og:url\" content=\"https:\/\/gamart.pl\/es\/oferta\/sistemas-de-canaletas-y-plafones\/\" \/>\n<meta property=\"og:site_name\" content=\"Gamart\" \/>\n<meta property=\"article:publisher\" content=\"https:\/\/www.facebook.com\/firma.gamart\/\" \/>\n<meta property=\"article:modified_time\" content=\"2022-08-25T12:49:54+00:00\" \/>\n<meta name=\"twitter:card\" content=\"summary_large_image\" \/>\n<meta name=\"twitter:label1\" content=\"Tiempo de lectura\" \/>\n\t<meta name=\"twitter:data1\" content=\"1 minuto\" \/>\n<script type=\"application\/ld+json\" class=\"yoast-schema-graph\">{\"@context\":\"https:\\\/\\\/schema.org\",\"@graph\":[{\"@type\":\"WebPage\",\"@id\":\"https:\\\/\\\/gamart.pl\\\/es\\\/oferta\\\/sistemas-de-canaletas-y-plafones\\\/\",\"url\":\"https:\\\/\\\/gamart.pl\\\/es\\\/oferta\\\/sistemas-de-canaletas-y-plafones\\\/\",\"name\":\"Sistemas de canaletas y plafones - Gamart\",\"isPartOf\":{\"@id\":\"https:\\\/\\\/gamart.pl\\\/es\\\/#website\"},\"datePublished\":\"2021-02-09T11:16:13+00:00\",\"dateModified\":\"2022-08-25T12:49:54+00:00\",\"breadcrumb\":{\"@id\":\"https:\\\/\\\/gamart.pl\\\/es\\\/oferta\\\/sistemas-de-canaletas-y-plafones\\\/#breadcrumb\"},\"inLanguage\":\"es\",\"potentialAction\":[{\"@type\":\"ReadAction\",\"target\":[\"https:\\\/\\\/gamart.pl\\\/es\\\/oferta\\\/sistemas-de-canaletas-y-plafones\\\/\"]}]},{\"@type\":\"BreadcrumbList\",\"@id\":\"https:\\\/\\\/gamart.pl\\\/es\\\/oferta\\\/sistemas-de-canaletas-y-plafones\\\/#breadcrumb\",\"itemListElement\":[{\"@type\":\"ListItem\",\"position\":1,\"name\":\"Strona g\u0142\u00f3wna\",\"item\":\"https:\\\/\\\/gamart.pl\\\/es\\\/\"},{\"@type\":\"ListItem\",\"position\":2,\"name\":\"Oferta\",\"item\":\"https:\\\/\\\/gamart.pl\\\/es\\\/oferta\\\/\"},{\"@type\":\"ListItem\",\"position\":3,\"name\":\"Sistemas de canaletas y plafones\"}]},{\"@type\":\"WebSite\",\"@id\":\"https:\\\/\\\/gamart.pl\\\/es\\\/#website\",\"url\":\"https:\\\/\\\/gamart.pl\\\/es\\\/\",\"name\":\"Gamart\",\"description\":\"Mi\u0119dzynarodowy pionier na rynku tworzyw sztucznych\",\"publisher\":{\"@id\":\"https:\\\/\\\/gamart.pl\\\/es\\\/#organization\"},\"potentialAction\":[{\"@type\":\"SearchAction\",\"target\":{\"@type\":\"EntryPoint\",\"urlTemplate\":\"https:\\\/\\\/gamart.pl\\\/es\\\/?s={search_term_string}\"},\"query-input\":{\"@type\":\"PropertyValueSpecification\",\"valueRequired\":true,\"valueName\":\"search_term_string\"}}],\"inLanguage\":\"es\"},{\"@type\":\"Organization\",\"@id\":\"https:\\\/\\\/gamart.pl\\\/es\\\/#organization\",\"name\":\"Gamart\",\"url\":\"https:\\\/\\\/gamart.pl\\\/es\\\/\",\"logo\":{\"@type\":\"ImageObject\",\"inLanguage\":\"es\",\"@id\":\"https:\\\/\\\/gamart.pl\\\/es\\\/#\\\/schema\\\/logo\\\/image\\\/\",\"url\":\"https:\\\/\\\/gamart.pl\\\/wp-content\\\/uploads\\\/2022\\\/08\\\/cropped-android-icon-192x192-1.png\",\"contentUrl\":\"https:\\\/\\\/gamart.pl\\\/wp-content\\\/uploads\\\/2022\\\/08\\\/cropped-android-icon-192x192-1.png\",\"width\":512,\"height\":512,\"caption\":\"Gamart\"},\"image\":{\"@id\":\"https:\\\/\\\/gamart.pl\\\/es\\\/#\\\/schema\\\/logo\\\/image\\\/\"},\"sameAs\":[\"https:\\\/\\\/www.facebook.com\\\/firma.gamart\\\/\",\"https:\\\/\\\/www.linkedin.com\\\/company\\\/gamart\",\"https:\\\/\\\/www.youtube.com\\\/channel\\\/UCsNRquoCKlZG5GYdkqXg1Mw\\\/\"]}]}<\/script>\n<!-- \/ Yoast SEO plugin. -->","yoast_head_json":{"title":"Sistemas de canaletas y plafones - Gamart","robots":{"index":"index","follow":"follow","max-snippet":"max-snippet:-1","max-image-preview":"max-image-preview:large","max-video-preview":"max-video-preview:-1"},"canonical":"https:\/\/gamart.pl\/es\/oferta\/sistemas-de-canaletas-y-plafones\/","og_locale":"es_ES","og_type":"article","og_title":"Sistemas de canaletas y plafones - Gamart","og_description":"GAMART es uno de los principales distribuidores de sistemas de canalones de PVC en Polonia. Nos complace ofrecer sistemas de [&hellip;]","og_url":"https:\/\/gamart.pl\/es\/oferta\/sistemas-de-canaletas-y-plafones\/","og_site_name":"Gamart","article_publisher":"https:\/\/www.facebook.com\/firma.gamart\/","article_modified_time":"2022-08-25T12:49:54+00:00","twitter_card":"summary_large_image","twitter_misc":{"Tiempo de lectura":"1 minuto"},"schema":{"@context":"https:\/\/schema.org","@graph":[{"@type":"WebPage","@id":"https:\/\/gamart.pl\/es\/oferta\/sistemas-de-canaletas-y-plafones\/","url":"https:\/\/gamart.pl\/es\/oferta\/sistemas-de-canaletas-y-plafones\/","name":"Sistemas de canaletas y plafones - Gamart","isPartOf":{"@id":"https:\/\/gamart.pl\/es\/#website"},"datePublished":"2021-02-09T11:16:13+00:00","dateModified":"2022-08-25T12:49:54+00:00","breadcrumb":{"@id":"https:\/\/gamart.pl\/es\/oferta\/sistemas-de-canaletas-y-plafones\/#breadcrumb"},"inLanguage":"es","potentialAction":[{"@type":"ReadAction","target":["https:\/\/gamart.pl\/es\/oferta\/sistemas-de-canaletas-y-plafones\/"]}]},{"@type":"BreadcrumbList","@id":"https:\/\/gamart.pl\/es\/oferta\/sistemas-de-canaletas-y-plafones\/#breadcrumb","itemListElement":[{"@type":"ListItem","position":1,"name":"Strona g\u0142\u00f3wna","item":"https:\/\/gamart.pl\/es\/"},{"@type":"ListItem","position":2,"name":"Oferta","item":"https:\/\/gamart.pl\/es\/oferta\/"},{"@type":"ListItem","position":3,"name":"Sistemas de canaletas y plafones"}]},{"@type":"WebSite","@id":"https:\/\/gamart.pl\/es\/#website","url":"https:\/\/gamart.pl\/es\/","name":"Gamart","description":"Mi\u0119dzynarodowy pionier na rynku tworzyw sztucznych","publisher":{"@id":"https:\/\/gamart.pl\/es\/#organization"},"potentialAction":[{"@type":"SearchAction","target":{"@type":"EntryPoint","urlTemplate":"https:\/\/gamart.pl\/es\/?s={search_term_string}"},"query-input":{"@type":"PropertyValueSpecification","valueRequired":true,"valueName":"search_term_string"}}],"inLanguage":"es"},{"@type":"Organization","@id":"https:\/\/gamart.pl\/es\/#organization","name":"Gamart","url":"https:\/\/gamart.pl\/es\/","logo":{"@type":"ImageObject","inLanguage":"es","@id":"https:\/\/gamart.pl\/es\/#\/schema\/logo\/image\/","url":"https:\/\/gamart.pl\/wp-content\/uploads\/2022\/08\/cropped-android-icon-192x192-1.png","contentUrl":"https:\/\/gamart.pl\/wp-content\/uploads\/2022\/08\/cropped-android-icon-192x192-1.png","width":512,"height":512,"caption":"Gamart"},"image":{"@id":"https:\/\/gamart.pl\/es\/#\/schema\/logo\/image\/"},"sameAs":["https:\/\/www.facebook.com\/firma.gamart\/","https:\/\/www.linkedin.com\/company\/gamart","https:\/\/www.youtube.com\/channel\/UCsNRquoCKlZG5GYdkqXg1Mw\/"]}]}},"_links":{"self":[{"href":"https:\/\/gamart.pl\/es\/wp-json\/wp\/v2\/pages\/3289","targetHints":{"allow":["GET"]}}],"collection":[{"href":"https:\/\/gamart.pl\/es\/wp-json\/wp\/v2\/pages"}],"about":[{"href":"https:\/\/gamart.pl\/es\/wp-json\/wp\/v2\/types\/page"}],"author":[{"embeddable":true,"href":"https:\/\/gamart.pl\/es\/wp-json\/wp\/v2\/users\/1"}],"replies":[{"embeddable":true,"href":"https:\/\/gamart.pl\/es\/wp-json\/wp\/v2\/comments?post=3289"}],"version-history":[{"count":3,"href":"https:\/\/gamart.pl\/es\/wp-json\/wp\/v2\/pages\/3289\/revisions"}],"predecessor-version":[{"id":4265,"href":"https:\/\/gamart.pl\/es\/wp-json\/wp\/v2\/pages\/3289\/revisions\/4265"}],"up":[{"embeddable":true,"href":"https:\/\/gamart.pl\/es\/wp-json\/wp\/v2\/pages\/3063"}],"wp:attachment":[{"href":"https:\/\/gamart.pl\/es\/wp-json\/wp\/v2\/media?parent=3289"}],"curies":[{"name":"wp","href":"https:\/\/api.w.org\/{rel}","templated":true}]}}