{"id":2970,"date":"2022-05-09T13:22:42","date_gmt":"2022-05-09T11:22:42","guid":{"rendered":"http:\/\/www.rynny.gamart.pl\/?page_id=2970"},"modified":"2022-07-07T16:14:54","modified_gmt":"2022-07-07T14:14:54","slug":"sobre-nosotros","status":"publish","type":"page","link":"https:\/\/gamart.pl\/es\/empresa\/sobre-nosotros\/","title":{"rendered":"Sobre nosotros"},"content":{"rendered":"<p>GAMART SA fue fundada en 1996. Somos un fabricante global de soluciones innovadoras en la industria del pl\u00e1stico, as\u00ed como un distribuidor local en esta \u00e1rea en Polonia.<\/p>\n<p>Basamos nuestras actividades actuales en 4 pilares estrat\u00e9gicos:<\/p>\n<ul>\n<li>Investigaci\u00f3n y desarrollo. Desarrollo de know-how y dise\u00f1o de productos \u00fanicos a escala global<\/li>\n<li>Producci\u00f3n. Especializaci\u00f3n en la producci\u00f3n de accesorios de PE de gran tama\u00f1o y codos de PE (hasta 1200 mm, todos los SDR incluidos) y en la producci\u00f3n de sistemas de recogida de agua de lluvia.<\/li>\n<li>Maquinaria. Producci\u00f3n y modernizaci\u00f3n de m\u00e1quinas para la industria del pl\u00e1stico (l\u00edneas completas de extrusi\u00f3n, impresi\u00f3n 3D de gran tama\u00f1o, l\u00edneas de producci\u00f3n de filamentos para impresoras 3D)<\/li>\n<li>Distribuci\u00f3n. Red mayorista y minorista (15 tiendas en Polonia donde ofrecemos nuestros propios productos y donde distribuimos productos de nuestros socios locales e internacionales)<\/li>\n<\/ul>\n<p>Nuestra \u00faltima innovaci\u00f3n es un enfoque revolucionario y patentado para la recolecci\u00f3n de agua de lluvia que tambi\u00e9n ofrecemos bajo la marca HelloRAIN.<\/p>\n<p>Estamos orgullosos de todos nuestros productos innovadores, por los que recibimos numerosos premios y distinciones.<\/p>\n<p>Al mismo tiempo, nos preocupamos por igual por el desarrollo sostenible y el medio ambiente al que nos acercamos con gran pasi\u00f3n y responsabilidad.<\/p>\n<p>Ampliamos continuamente nuestra red de clientes y socios tanto a nivel local como mundial. Por lo tanto, tambi\u00e9n lo invitamos cordialmente a unirse a la cooperaci\u00f3n con nosotros.<\/p>\n","protected":false},"excerpt":{"rendered":"<p>GAMART SA fue fundada en 1996. Somos un fabricante global de soluciones innovadoras en la industria del pl\u00e1stico, as\u00ed como [&hellip;]<\/p>\n","protected":false},"author":1,"featured_media":416,"parent":2735,"menu_order":0,"comment_status":"closed","ping_status":"closed","template":"page-ofirmie.php","meta":{"_acf_changed":false,"footnotes":""},"class_list":["post-2970","page","type-page","status-publish","has-post-thumbnail","hentry"],"acf":[],"yoast_head":"<!-- This site is optimized with the Yoast SEO plugin v27.4 - https:\/\/yoast.com\/product\/yoast-seo-wordpress\/ -->\n<title>Sobre nosotros - Gamart<\/title>\n<meta name=\"robots\" content=\"index, follow, max-snippet:-1, max-image-preview:large, max-video-preview:-1\" \/>\n<link rel=\"canonical\" href=\"https:\/\/gamart.pl\/es\/empresa\/sobre-nosotros\/\" \/>\n<meta property=\"og:locale\" content=\"es_ES\" \/>\n<meta property=\"og:type\" content=\"article\" \/>\n<meta property=\"og:title\" content=\"Sobre nosotros - Gamart\" \/>\n<meta property=\"og:description\" content=\"GAMART SA fue fundada en 1996. Somos un fabricante global de soluciones innovadoras en la industria del pl\u00e1stico, as\u00ed como [&hellip;]\" \/>\n<meta property=\"og:url\" content=\"https:\/\/gamart.pl\/es\/empresa\/sobre-nosotros\/\" \/>\n<meta property=\"og:site_name\" content=\"Gamart\" \/>\n<meta property=\"article:publisher\" content=\"https:\/\/www.facebook.com\/firma.gamart\/\" \/>\n<meta property=\"article:modified_time\" content=\"2022-07-07T14:14:54+00:00\" \/>\n<meta property=\"og:image\" content=\"https:\/\/gamart.pl\/wp-content\/uploads\/2021\/01\/budynek-scaled.jpg\" \/>\n\t<meta property=\"og:image:width\" content=\"2560\" \/>\n\t<meta property=\"og:image:height\" content=\"1707\" \/>\n\t<meta property=\"og:image:type\" content=\"image\/jpeg\" \/>\n<meta name=\"twitter:card\" content=\"summary_large_image\" \/>\n<meta name=\"twitter:label1\" content=\"Tiempo de lectura\" \/>\n\t<meta name=\"twitter:data1\" content=\"1 minuto\" \/>\n<script type=\"application\/ld+json\" class=\"yoast-schema-graph\">{\"@context\":\"https:\\\/\\\/schema.org\",\"@graph\":[{\"@type\":\"WebPage\",\"@id\":\"https:\\\/\\\/gamart.pl\\\/es\\\/empresa\\\/sobre-nosotros\\\/\",\"url\":\"https:\\\/\\\/gamart.pl\\\/es\\\/empresa\\\/sobre-nosotros\\\/\",\"name\":\"Sobre nosotros - Gamart\",\"isPartOf\":{\"@id\":\"https:\\\/\\\/gamart.pl\\\/es\\\/#website\"},\"primaryImageOfPage\":{\"@id\":\"https:\\\/\\\/gamart.pl\\\/es\\\/empresa\\\/sobre-nosotros\\\/#primaryimage\"},\"image\":{\"@id\":\"https:\\\/\\\/gamart.pl\\\/es\\\/empresa\\\/sobre-nosotros\\\/#primaryimage\"},\"thumbnailUrl\":\"https:\\\/\\\/gamart.pl\\\/wp-content\\\/uploads\\\/2021\\\/01\\\/budynek-scaled.jpg\",\"datePublished\":\"2022-05-09T11:22:42+00:00\",\"dateModified\":\"2022-07-07T14:14:54+00:00\",\"breadcrumb\":{\"@id\":\"https:\\\/\\\/gamart.pl\\\/es\\\/empresa\\\/sobre-nosotros\\\/#breadcrumb\"},\"inLanguage\":\"es\",\"potentialAction\":[{\"@type\":\"ReadAction\",\"target\":[\"https:\\\/\\\/gamart.pl\\\/es\\\/empresa\\\/sobre-nosotros\\\/\"]}]},{\"@type\":\"ImageObject\",\"inLanguage\":\"es\",\"@id\":\"https:\\\/\\\/gamart.pl\\\/es\\\/empresa\\\/sobre-nosotros\\\/#primaryimage\",\"url\":\"https:\\\/\\\/gamart.pl\\\/wp-content\\\/uploads\\\/2021\\\/01\\\/budynek-scaled.jpg\",\"contentUrl\":\"https:\\\/\\\/gamart.pl\\\/wp-content\\\/uploads\\\/2021\\\/01\\\/budynek-scaled.jpg\",\"width\":2560,\"height\":1707},{\"@type\":\"BreadcrumbList\",\"@id\":\"https:\\\/\\\/gamart.pl\\\/es\\\/empresa\\\/sobre-nosotros\\\/#breadcrumb\",\"itemListElement\":[{\"@type\":\"ListItem\",\"position\":1,\"name\":\"Strona g\u0142\u00f3wna\",\"item\":\"https:\\\/\\\/gamart.pl\\\/es\\\/\"},{\"@type\":\"ListItem\",\"position\":2,\"name\":\"Empresa\",\"item\":\"https:\\\/\\\/gamart.pl\\\/es\\\/empresa\\\/\"},{\"@type\":\"ListItem\",\"position\":3,\"name\":\"Sobre nosotros\"}]},{\"@type\":\"WebSite\",\"@id\":\"https:\\\/\\\/gamart.pl\\\/es\\\/#website\",\"url\":\"https:\\\/\\\/gamart.pl\\\/es\\\/\",\"name\":\"Gamart\",\"description\":\"Mi\u0119dzynarodowy pionier na rynku tworzyw sztucznych\",\"publisher\":{\"@id\":\"https:\\\/\\\/gamart.pl\\\/es\\\/#organization\"},\"potentialAction\":[{\"@type\":\"SearchAction\",\"target\":{\"@type\":\"EntryPoint\",\"urlTemplate\":\"https:\\\/\\\/gamart.pl\\\/es\\\/?s={search_term_string}\"},\"query-input\":{\"@type\":\"PropertyValueSpecification\",\"valueRequired\":true,\"valueName\":\"search_term_string\"}}],\"inLanguage\":\"es\"},{\"@type\":\"Organization\",\"@id\":\"https:\\\/\\\/gamart.pl\\\/es\\\/#organization\",\"name\":\"Gamart\",\"url\":\"https:\\\/\\\/gamart.pl\\\/es\\\/\",\"logo\":{\"@type\":\"ImageObject\",\"inLanguage\":\"es\",\"@id\":\"https:\\\/\\\/gamart.pl\\\/es\\\/#\\\/schema\\\/logo\\\/image\\\/\",\"url\":\"https:\\\/\\\/gamart.pl\\\/wp-content\\\/uploads\\\/2022\\\/08\\\/cropped-android-icon-192x192-1.png\",\"contentUrl\":\"https:\\\/\\\/gamart.pl\\\/wp-content\\\/uploads\\\/2022\\\/08\\\/cropped-android-icon-192x192-1.png\",\"width\":512,\"height\":512,\"caption\":\"Gamart\"},\"image\":{\"@id\":\"https:\\\/\\\/gamart.pl\\\/es\\\/#\\\/schema\\\/logo\\\/image\\\/\"},\"sameAs\":[\"https:\\\/\\\/www.facebook.com\\\/firma.gamart\\\/\",\"https:\\\/\\\/www.linkedin.com\\\/company\\\/gamart\",\"https:\\\/\\\/www.youtube.com\\\/channel\\\/UCsNRquoCKlZG5GYdkqXg1Mw\\\/\"]}]}<\/script>\n<!-- \/ Yoast SEO plugin. -->","yoast_head_json":{"title":"Sobre nosotros - Gamart","robots":{"index":"index","follow":"follow","max-snippet":"max-snippet:-1","max-image-preview":"max-image-preview:large","max-video-preview":"max-video-preview:-1"},"canonical":"https:\/\/gamart.pl\/es\/empresa\/sobre-nosotros\/","og_locale":"es_ES","og_type":"article","og_title":"Sobre nosotros - Gamart","og_description":"GAMART SA fue fundada en 1996. Somos un fabricante global de soluciones innovadoras en la industria del pl\u00e1stico, as\u00ed como [&hellip;]","og_url":"https:\/\/gamart.pl\/es\/empresa\/sobre-nosotros\/","og_site_name":"Gamart","article_publisher":"https:\/\/www.facebook.com\/firma.gamart\/","article_modified_time":"2022-07-07T14:14:54+00:00","og_image":[{"width":2560,"height":1707,"url":"https:\/\/gamart.pl\/wp-content\/uploads\/2021\/01\/budynek-scaled.jpg","type":"image\/jpeg"}],"twitter_card":"summary_large_image","twitter_misc":{"Tiempo de lectura":"1 minuto"},"schema":{"@context":"https:\/\/schema.org","@graph":[{"@type":"WebPage","@id":"https:\/\/gamart.pl\/es\/empresa\/sobre-nosotros\/","url":"https:\/\/gamart.pl\/es\/empresa\/sobre-nosotros\/","name":"Sobre nosotros - Gamart","isPartOf":{"@id":"https:\/\/gamart.pl\/es\/#website"},"primaryImageOfPage":{"@id":"https:\/\/gamart.pl\/es\/empresa\/sobre-nosotros\/#primaryimage"},"image":{"@id":"https:\/\/gamart.pl\/es\/empresa\/sobre-nosotros\/#primaryimage"},"thumbnailUrl":"https:\/\/gamart.pl\/wp-content\/uploads\/2021\/01\/budynek-scaled.jpg","datePublished":"2022-05-09T11:22:42+00:00","dateModified":"2022-07-07T14:14:54+00:00","breadcrumb":{"@id":"https:\/\/gamart.pl\/es\/empresa\/sobre-nosotros\/#breadcrumb"},"inLanguage":"es","potentialAction":[{"@type":"ReadAction","target":["https:\/\/gamart.pl\/es\/empresa\/sobre-nosotros\/"]}]},{"@type":"ImageObject","inLanguage":"es","@id":"https:\/\/gamart.pl\/es\/empresa\/sobre-nosotros\/#primaryimage","url":"https:\/\/gamart.pl\/wp-content\/uploads\/2021\/01\/budynek-scaled.jpg","contentUrl":"https:\/\/gamart.pl\/wp-content\/uploads\/2021\/01\/budynek-scaled.jpg","width":2560,"height":1707},{"@type":"BreadcrumbList","@id":"https:\/\/gamart.pl\/es\/empresa\/sobre-nosotros\/#breadcrumb","itemListElement":[{"@type":"ListItem","position":1,"name":"Strona g\u0142\u00f3wna","item":"https:\/\/gamart.pl\/es\/"},{"@type":"ListItem","position":2,"name":"Empresa","item":"https:\/\/gamart.pl\/es\/empresa\/"},{"@type":"ListItem","position":3,"name":"Sobre nosotros"}]},{"@type":"WebSite","@id":"https:\/\/gamart.pl\/es\/#website","url":"https:\/\/gamart.pl\/es\/","name":"Gamart","description":"Mi\u0119dzynarodowy pionier na rynku tworzyw sztucznych","publisher":{"@id":"https:\/\/gamart.pl\/es\/#organization"},"potentialAction":[{"@type":"SearchAction","target":{"@type":"EntryPoint","urlTemplate":"https:\/\/gamart.pl\/es\/?s={search_term_string}"},"query-input":{"@type":"PropertyValueSpecification","valueRequired":true,"valueName":"search_term_string"}}],"inLanguage":"es"},{"@type":"Organization","@id":"https:\/\/gamart.pl\/es\/#organization","name":"Gamart","url":"https:\/\/gamart.pl\/es\/","logo":{"@type":"ImageObject","inLanguage":"es","@id":"https:\/\/gamart.pl\/es\/#\/schema\/logo\/image\/","url":"https:\/\/gamart.pl\/wp-content\/uploads\/2022\/08\/cropped-android-icon-192x192-1.png","contentUrl":"https:\/\/gamart.pl\/wp-content\/uploads\/2022\/08\/cropped-android-icon-192x192-1.png","width":512,"height":512,"caption":"Gamart"},"image":{"@id":"https:\/\/gamart.pl\/es\/#\/schema\/logo\/image\/"},"sameAs":["https:\/\/www.facebook.com\/firma.gamart\/","https:\/\/www.linkedin.com\/company\/gamart","https:\/\/www.youtube.com\/channel\/UCsNRquoCKlZG5GYdkqXg1Mw\/"]}]}},"_links":{"self":[{"href":"https:\/\/gamart.pl\/es\/wp-json\/wp\/v2\/pages\/2970","targetHints":{"allow":["GET"]}}],"collection":[{"href":"https:\/\/gamart.pl\/es\/wp-json\/wp\/v2\/pages"}],"about":[{"href":"https:\/\/gamart.pl\/es\/wp-json\/wp\/v2\/types\/page"}],"author":[{"embeddable":true,"href":"https:\/\/gamart.pl\/es\/wp-json\/wp\/v2\/users\/1"}],"replies":[{"embeddable":true,"href":"https:\/\/gamart.pl\/es\/wp-json\/wp\/v2\/comments?post=2970"}],"version-history":[{"count":3,"href":"https:\/\/gamart.pl\/es\/wp-json\/wp\/v2\/pages\/2970\/revisions"}],"predecessor-version":[{"id":3815,"href":"https:\/\/gamart.pl\/es\/wp-json\/wp\/v2\/pages\/2970\/revisions\/3815"}],"up":[{"embeddable":true,"href":"https:\/\/gamart.pl\/es\/wp-json\/wp\/v2\/pages\/2735"}],"wp:featuredmedia":[{"embeddable":true,"href":"https:\/\/gamart.pl\/es\/wp-json\/wp\/v2\/media\/416"}],"wp:attachment":[{"href":"https:\/\/gamart.pl\/es\/wp-json\/wp\/v2\/media?parent=2970"}],"curies":[{"name":"wp","href":"https:\/\/api.w.org\/{rel}","templated":true}]}}