{"id":856,"date":"2022-02-03T20:38:25","date_gmt":"2022-02-03T19:38:25","guid":{"rendered":"http:\/\/www.rynny.gamart.pl\/?page_id=856"},"modified":"2022-07-07T12:00:56","modified_gmt":"2022-07-07T10:00:56","slug":"vertriebsnetz","status":"publish","type":"page","link":"https:\/\/gamart.pl\/de\/vertriebsnetz\/","title":{"rendered":"Vertriebsnetz"},"content":{"rendered":"<p>Der Gro\u00df- und Einzelhandel mit Baustoffen f\u00fcr die Kunststoffindustrie ist eine der strategischen S\u00e4ulen unseres Unternehmens.<\/p>\n<p>Heute besitzt GAMART 15 Gesch\u00e4fte in Polen, in denen wir Produkte renommierter Hersteller aus Polen und der ganzen Welt vertreiben.<\/p>\n<p>Wir bieten Tausende von Produkten an und sind offen f\u00fcr Partnerschaften mit allen Herstellern und Lieferanten, die innovative L\u00f6sungen f\u00fcr Wasser, Gas und Abwasser herstellen.<\/p>\n<p>Durch unsere lokalen Gesch\u00e4fte und unseren Online-Webshop (<a href=\"http:\/\/www.egamart.pl\">www.egamart.pl<\/a>) vermarktet GAMART die besten Produkte polnischer und internationaler Hersteller mit besonderem Fokus auf \u00f6kologische und innovative L\u00f6sungen.<\/p>\n<p>Erfahrene Mitarbeiter und Top-Qualit\u00e4t der angebotenen Produkte sind wesentliche Vorteile der GAMART Stores.<\/p>\n<p>Wenn Sie unser strategischer Partner werden und Ihre Produkte \u00fcber unser Vertriebsnetz in Polen anbieten m\u00f6chten, k\u00f6nnen Sie sich jederzeit an uns wenden.<\/p>\n","protected":false},"excerpt":{"rendered":"<p>Der Gro\u00df- und Einzelhandel mit Baustoffen f\u00fcr die Kunststoffindustrie ist eine der strategischen S\u00e4ulen unseres Unternehmens. Heute besitzt GAMART 15 [&hellip;]<\/p>\n","protected":false},"author":1,"featured_media":0,"parent":0,"menu_order":0,"comment_status":"closed","ping_status":"closed","template":"page-dystrybucja.php","meta":{"_acf_changed":false,"footnotes":""},"class_list":["post-856","page","type-page","status-publish","hentry"],"acf":[],"yoast_head":"<!-- This site is optimized with the Yoast SEO plugin v27.3 - https:\/\/yoast.com\/product\/yoast-seo-wordpress\/ -->\n<title>Vertriebsnetz - Gamart<\/title>\n<meta name=\"robots\" content=\"index, follow, max-snippet:-1, max-image-preview:large, max-video-preview:-1\" \/>\n<link rel=\"canonical\" href=\"https:\/\/gamart.pl\/de\/vertriebsnetz\/\" \/>\n<meta property=\"og:locale\" content=\"de_DE\" \/>\n<meta property=\"og:type\" content=\"article\" \/>\n<meta property=\"og:title\" content=\"Vertriebsnetz - Gamart\" \/>\n<meta property=\"og:description\" content=\"Der Gro\u00df- und Einzelhandel mit Baustoffen f\u00fcr die Kunststoffindustrie ist eine der strategischen S\u00e4ulen unseres Unternehmens. Heute besitzt GAMART 15 [&hellip;]\" \/>\n<meta property=\"og:url\" content=\"https:\/\/gamart.pl\/de\/vertriebsnetz\/\" \/>\n<meta property=\"og:site_name\" content=\"Gamart\" \/>\n<meta property=\"article:publisher\" content=\"https:\/\/www.facebook.com\/firma.gamart\/\" \/>\n<meta property=\"article:modified_time\" content=\"2022-07-07T10:00:56+00:00\" \/>\n<meta name=\"twitter:card\" content=\"summary_large_image\" \/>\n<meta name=\"twitter:label1\" content=\"Gesch\u00e4tzte Lesezeit\" \/>\n\t<meta name=\"twitter:data1\" content=\"1\u00a0Minute\" \/>\n<script type=\"application\/ld+json\" class=\"yoast-schema-graph\">{\"@context\":\"https:\\\/\\\/schema.org\",\"@graph\":[{\"@type\":\"WebPage\",\"@id\":\"https:\\\/\\\/gamart.pl\\\/de\\\/vertriebsnetz\\\/\",\"url\":\"https:\\\/\\\/gamart.pl\\\/de\\\/vertriebsnetz\\\/\",\"name\":\"Vertriebsnetz - Gamart\",\"isPartOf\":{\"@id\":\"https:\\\/\\\/gamart.pl\\\/de\\\/#website\"},\"datePublished\":\"2022-02-03T19:38:25+00:00\",\"dateModified\":\"2022-07-07T10:00:56+00:00\",\"breadcrumb\":{\"@id\":\"https:\\\/\\\/gamart.pl\\\/de\\\/vertriebsnetz\\\/#breadcrumb\"},\"inLanguage\":\"de\",\"potentialAction\":[{\"@type\":\"ReadAction\",\"target\":[\"https:\\\/\\\/gamart.pl\\\/de\\\/vertriebsnetz\\\/\"]}]},{\"@type\":\"BreadcrumbList\",\"@id\":\"https:\\\/\\\/gamart.pl\\\/de\\\/vertriebsnetz\\\/#breadcrumb\",\"itemListElement\":[{\"@type\":\"ListItem\",\"position\":1,\"name\":\"Strona g\u0142\u00f3wna\",\"item\":\"https:\\\/\\\/gamart.pl\\\/de\\\/\"},{\"@type\":\"ListItem\",\"position\":2,\"name\":\"Vertriebsnetz\"}]},{\"@type\":\"WebSite\",\"@id\":\"https:\\\/\\\/gamart.pl\\\/de\\\/#website\",\"url\":\"https:\\\/\\\/gamart.pl\\\/de\\\/\",\"name\":\"Gamart\",\"description\":\"Mi\u0119dzynarodowy pionier na rynku tworzyw sztucznych.\",\"publisher\":{\"@id\":\"https:\\\/\\\/gamart.pl\\\/de\\\/#organization\"},\"potentialAction\":[{\"@type\":\"SearchAction\",\"target\":{\"@type\":\"EntryPoint\",\"urlTemplate\":\"https:\\\/\\\/gamart.pl\\\/de\\\/?s={search_term_string}\"},\"query-input\":{\"@type\":\"PropertyValueSpecification\",\"valueRequired\":true,\"valueName\":\"search_term_string\"}}],\"inLanguage\":\"de\"},{\"@type\":\"Organization\",\"@id\":\"https:\\\/\\\/gamart.pl\\\/de\\\/#organization\",\"name\":\"Gamart\",\"url\":\"https:\\\/\\\/gamart.pl\\\/de\\\/\",\"logo\":{\"@type\":\"ImageObject\",\"inLanguage\":\"de\",\"@id\":\"https:\\\/\\\/gamart.pl\\\/de\\\/#\\\/schema\\\/logo\\\/image\\\/\",\"url\":\"https:\\\/\\\/gamart.pl\\\/wp-content\\\/uploads\\\/2022\\\/08\\\/cropped-android-icon-192x192-1.png\",\"contentUrl\":\"https:\\\/\\\/gamart.pl\\\/wp-content\\\/uploads\\\/2022\\\/08\\\/cropped-android-icon-192x192-1.png\",\"width\":512,\"height\":512,\"caption\":\"Gamart\"},\"image\":{\"@id\":\"https:\\\/\\\/gamart.pl\\\/de\\\/#\\\/schema\\\/logo\\\/image\\\/\"},\"sameAs\":[\"https:\\\/\\\/www.facebook.com\\\/firma.gamart\\\/\",\"https:\\\/\\\/www.linkedin.com\\\/company\\\/gamart\",\"https:\\\/\\\/www.youtube.com\\\/channel\\\/UCsNRquoCKlZG5GYdkqXg1Mw\\\/\"]}]}<\/script>\n<!-- \/ Yoast SEO plugin. -->","yoast_head_json":{"title":"Vertriebsnetz - Gamart","robots":{"index":"index","follow":"follow","max-snippet":"max-snippet:-1","max-image-preview":"max-image-preview:large","max-video-preview":"max-video-preview:-1"},"canonical":"https:\/\/gamart.pl\/de\/vertriebsnetz\/","og_locale":"de_DE","og_type":"article","og_title":"Vertriebsnetz - Gamart","og_description":"Der Gro\u00df- und Einzelhandel mit Baustoffen f\u00fcr die Kunststoffindustrie ist eine der strategischen S\u00e4ulen unseres Unternehmens. Heute besitzt GAMART 15 [&hellip;]","og_url":"https:\/\/gamart.pl\/de\/vertriebsnetz\/","og_site_name":"Gamart","article_publisher":"https:\/\/www.facebook.com\/firma.gamart\/","article_modified_time":"2022-07-07T10:00:56+00:00","twitter_card":"summary_large_image","twitter_misc":{"Gesch\u00e4tzte Lesezeit":"1\u00a0Minute"},"schema":{"@context":"https:\/\/schema.org","@graph":[{"@type":"WebPage","@id":"https:\/\/gamart.pl\/de\/vertriebsnetz\/","url":"https:\/\/gamart.pl\/de\/vertriebsnetz\/","name":"Vertriebsnetz - Gamart","isPartOf":{"@id":"https:\/\/gamart.pl\/de\/#website"},"datePublished":"2022-02-03T19:38:25+00:00","dateModified":"2022-07-07T10:00:56+00:00","breadcrumb":{"@id":"https:\/\/gamart.pl\/de\/vertriebsnetz\/#breadcrumb"},"inLanguage":"de","potentialAction":[{"@type":"ReadAction","target":["https:\/\/gamart.pl\/de\/vertriebsnetz\/"]}]},{"@type":"BreadcrumbList","@id":"https:\/\/gamart.pl\/de\/vertriebsnetz\/#breadcrumb","itemListElement":[{"@type":"ListItem","position":1,"name":"Strona g\u0142\u00f3wna","item":"https:\/\/gamart.pl\/de\/"},{"@type":"ListItem","position":2,"name":"Vertriebsnetz"}]},{"@type":"WebSite","@id":"https:\/\/gamart.pl\/de\/#website","url":"https:\/\/gamart.pl\/de\/","name":"Gamart","description":"Mi\u0119dzynarodowy pionier na rynku tworzyw sztucznych.","publisher":{"@id":"https:\/\/gamart.pl\/de\/#organization"},"potentialAction":[{"@type":"SearchAction","target":{"@type":"EntryPoint","urlTemplate":"https:\/\/gamart.pl\/de\/?s={search_term_string}"},"query-input":{"@type":"PropertyValueSpecification","valueRequired":true,"valueName":"search_term_string"}}],"inLanguage":"de"},{"@type":"Organization","@id":"https:\/\/gamart.pl\/de\/#organization","name":"Gamart","url":"https:\/\/gamart.pl\/de\/","logo":{"@type":"ImageObject","inLanguage":"de","@id":"https:\/\/gamart.pl\/de\/#\/schema\/logo\/image\/","url":"https:\/\/gamart.pl\/wp-content\/uploads\/2022\/08\/cropped-android-icon-192x192-1.png","contentUrl":"https:\/\/gamart.pl\/wp-content\/uploads\/2022\/08\/cropped-android-icon-192x192-1.png","width":512,"height":512,"caption":"Gamart"},"image":{"@id":"https:\/\/gamart.pl\/de\/#\/schema\/logo\/image\/"},"sameAs":["https:\/\/www.facebook.com\/firma.gamart\/","https:\/\/www.linkedin.com\/company\/gamart","https:\/\/www.youtube.com\/channel\/UCsNRquoCKlZG5GYdkqXg1Mw\/"]}]}},"_links":{"self":[{"href":"https:\/\/gamart.pl\/de\/wp-json\/wp\/v2\/pages\/856","targetHints":{"allow":["GET"]}}],"collection":[{"href":"https:\/\/gamart.pl\/de\/wp-json\/wp\/v2\/pages"}],"about":[{"href":"https:\/\/gamart.pl\/de\/wp-json\/wp\/v2\/types\/page"}],"author":[{"embeddable":true,"href":"https:\/\/gamart.pl\/de\/wp-json\/wp\/v2\/users\/1"}],"replies":[{"embeddable":true,"href":"https:\/\/gamart.pl\/de\/wp-json\/wp\/v2\/comments?post=856"}],"version-history":[{"count":2,"href":"https:\/\/gamart.pl\/de\/wp-json\/wp\/v2\/pages\/856\/revisions"}],"predecessor-version":[{"id":3736,"href":"https:\/\/gamart.pl\/de\/wp-json\/wp\/v2\/pages\/856\/revisions\/3736"}],"wp:attachment":[{"href":"https:\/\/gamart.pl\/de\/wp-json\/wp\/v2\/media?parent=856"}],"curies":[{"name":"wp","href":"https:\/\/api.w.org\/{rel}","templated":true}]}}