{"id":3359,"date":"2021-02-09T12:14:28","date_gmt":"2021-02-09T11:14:28","guid":{"rendered":"http:\/\/www.rynny.gamart.pl\/angebot\/luki-giete-pe\/"},"modified":"2022-07-25T12:27:54","modified_gmt":"2022-07-25T10:27:54","slug":"nahtlose-boegen","status":"publish","type":"page","link":"https:\/\/gamart.pl\/de\/angebot\/nahtlose-boegen\/","title":{"rendered":"Nahtlose B\u00f6gen"},"content":{"rendered":"<p>GAMART SA hat die Technologie zur Herstellung nahtloser B\u00f6gen aus hochwertigen PE-Rohren entwickelt und patentiert. Dank unseres innovativen Ansatzes biegt sich das Rohr nach dem Erhitzen so, dass das Ged\u00e4chtnis der Rohrform eliminiert wird.<\/p>\n<p>Das Verfahren zum Formen nahtloser B\u00f6gen ist eine innovative L\u00f6sung von GAMART, die von unserer eigenen Forschungs- und Entwicklungsabteilung entwickelt wurde.<\/p>\n<p>Wir fertigen nahtlose B\u00f6gen mit Durchmessern von 90 bis 630 mm, Winkeln bis 90 Grad und allen m\u00f6glichen SDRs.<\/p>\n<p>Die angebotenen B\u00f6gen bieten deutlich bessere hydraulische Eigenschaften und einen geringeren lokalen Str\u00f6mungswiderstand. Bei ihrer Verwendung werden die Korrekturfaktoren der Druckfestigkeit nicht wie bei segmentierten B\u00f6gen angewendet. Unsere nahtlosen B\u00f6gen k\u00f6nnen sowohl im Elektroschwei\u00dfverfahren als auch im Stumpfschwei\u00dfverfahren geschwei\u00dft werden.<\/p>\n<p>GAMART-B\u00f6gen bieten im Vergleich zu anderen Technologien und Produkten wie Segment- oder Injektionsb\u00f6gen eine h\u00f6here Lebensdauer. Dies belegen die Ergebnisse vergleichender Studien.<\/p>\n","protected":false},"excerpt":{"rendered":"<p>GAMART SA hat die Technologie zur Herstellung nahtloser B\u00f6gen aus hochwertigen PE-Rohren entwickelt und patentiert. Dank unseres innovativen Ansatzes biegt [&hellip;]<\/p>\n","protected":false},"author":1,"featured_media":0,"parent":3061,"menu_order":2,"comment_status":"closed","ping_status":"closed","template":"page-product_category.php","meta":{"_acf_changed":false,"footnotes":""},"class_list":["post-3359","page","type-page","status-publish","hentry"],"acf":[],"yoast_head":"<!-- This site is optimized with the Yoast SEO plugin v27.4 - https:\/\/yoast.com\/product\/yoast-seo-wordpress\/ -->\n<title>Nahtlose B\u00f6gen - Gamart<\/title>\n<meta name=\"robots\" content=\"index, follow, max-snippet:-1, max-image-preview:large, max-video-preview:-1\" \/>\n<link rel=\"canonical\" href=\"https:\/\/gamart.pl\/de\/angebot\/nahtlose-boegen\/\" \/>\n<meta property=\"og:locale\" content=\"de_DE\" \/>\n<meta property=\"og:type\" content=\"article\" \/>\n<meta property=\"og:title\" content=\"Nahtlose B\u00f6gen - Gamart\" \/>\n<meta property=\"og:description\" content=\"GAMART SA hat die Technologie zur Herstellung nahtloser B\u00f6gen aus hochwertigen PE-Rohren entwickelt und patentiert. Dank unseres innovativen Ansatzes biegt [&hellip;]\" \/>\n<meta property=\"og:url\" content=\"https:\/\/gamart.pl\/de\/angebot\/nahtlose-boegen\/\" \/>\n<meta property=\"og:site_name\" content=\"Gamart\" \/>\n<meta property=\"article:publisher\" content=\"https:\/\/www.facebook.com\/firma.gamart\/\" \/>\n<meta property=\"article:modified_time\" content=\"2022-07-25T10:27:54+00:00\" \/>\n<meta name=\"twitter:card\" content=\"summary_large_image\" \/>\n<meta name=\"twitter:label1\" content=\"Gesch\u00e4tzte Lesezeit\" \/>\n\t<meta name=\"twitter:data1\" content=\"1\u00a0Minute\" \/>\n<script type=\"application\/ld+json\" class=\"yoast-schema-graph\">{\"@context\":\"https:\\\/\\\/schema.org\",\"@graph\":[{\"@type\":\"WebPage\",\"@id\":\"https:\\\/\\\/gamart.pl\\\/de\\\/angebot\\\/nahtlose-boegen\\\/\",\"url\":\"https:\\\/\\\/gamart.pl\\\/de\\\/angebot\\\/nahtlose-boegen\\\/\",\"name\":\"Nahtlose B\u00f6gen - Gamart\",\"isPartOf\":{\"@id\":\"https:\\\/\\\/gamart.pl\\\/de\\\/#website\"},\"datePublished\":\"2021-02-09T11:14:28+00:00\",\"dateModified\":\"2022-07-25T10:27:54+00:00\",\"breadcrumb\":{\"@id\":\"https:\\\/\\\/gamart.pl\\\/de\\\/angebot\\\/nahtlose-boegen\\\/#breadcrumb\"},\"inLanguage\":\"de\",\"potentialAction\":[{\"@type\":\"ReadAction\",\"target\":[\"https:\\\/\\\/gamart.pl\\\/de\\\/angebot\\\/nahtlose-boegen\\\/\"]}]},{\"@type\":\"BreadcrumbList\",\"@id\":\"https:\\\/\\\/gamart.pl\\\/de\\\/angebot\\\/nahtlose-boegen\\\/#breadcrumb\",\"itemListElement\":[{\"@type\":\"ListItem\",\"position\":1,\"name\":\"Strona g\u0142\u00f3wna\",\"item\":\"https:\\\/\\\/gamart.pl\\\/de\\\/\"},{\"@type\":\"ListItem\",\"position\":2,\"name\":\"Angebot\",\"item\":\"https:\\\/\\\/gamart.pl\\\/de\\\/angebot\\\/\"},{\"@type\":\"ListItem\",\"position\":3,\"name\":\"Nahtlose B\u00f6gen\"}]},{\"@type\":\"WebSite\",\"@id\":\"https:\\\/\\\/gamart.pl\\\/de\\\/#website\",\"url\":\"https:\\\/\\\/gamart.pl\\\/de\\\/\",\"name\":\"Gamart\",\"description\":\"Mi\u0119dzynarodowy pionier na rynku tworzyw sztucznych.\",\"publisher\":{\"@id\":\"https:\\\/\\\/gamart.pl\\\/de\\\/#organization\"},\"potentialAction\":[{\"@type\":\"SearchAction\",\"target\":{\"@type\":\"EntryPoint\",\"urlTemplate\":\"https:\\\/\\\/gamart.pl\\\/de\\\/?s={search_term_string}\"},\"query-input\":{\"@type\":\"PropertyValueSpecification\",\"valueRequired\":true,\"valueName\":\"search_term_string\"}}],\"inLanguage\":\"de\"},{\"@type\":\"Organization\",\"@id\":\"https:\\\/\\\/gamart.pl\\\/de\\\/#organization\",\"name\":\"Gamart\",\"url\":\"https:\\\/\\\/gamart.pl\\\/de\\\/\",\"logo\":{\"@type\":\"ImageObject\",\"inLanguage\":\"de\",\"@id\":\"https:\\\/\\\/gamart.pl\\\/de\\\/#\\\/schema\\\/logo\\\/image\\\/\",\"url\":\"https:\\\/\\\/gamart.pl\\\/wp-content\\\/uploads\\\/2022\\\/08\\\/cropped-android-icon-192x192-1.png\",\"contentUrl\":\"https:\\\/\\\/gamart.pl\\\/wp-content\\\/uploads\\\/2022\\\/08\\\/cropped-android-icon-192x192-1.png\",\"width\":512,\"height\":512,\"caption\":\"Gamart\"},\"image\":{\"@id\":\"https:\\\/\\\/gamart.pl\\\/de\\\/#\\\/schema\\\/logo\\\/image\\\/\"},\"sameAs\":[\"https:\\\/\\\/www.facebook.com\\\/firma.gamart\\\/\",\"https:\\\/\\\/www.linkedin.com\\\/company\\\/gamart\",\"https:\\\/\\\/www.youtube.com\\\/channel\\\/UCsNRquoCKlZG5GYdkqXg1Mw\\\/\"]}]}<\/script>\n<!-- \/ Yoast SEO plugin. -->","yoast_head_json":{"title":"Nahtlose B\u00f6gen - Gamart","robots":{"index":"index","follow":"follow","max-snippet":"max-snippet:-1","max-image-preview":"max-image-preview:large","max-video-preview":"max-video-preview:-1"},"canonical":"https:\/\/gamart.pl\/de\/angebot\/nahtlose-boegen\/","og_locale":"de_DE","og_type":"article","og_title":"Nahtlose B\u00f6gen - Gamart","og_description":"GAMART SA hat die Technologie zur Herstellung nahtloser B\u00f6gen aus hochwertigen PE-Rohren entwickelt und patentiert. Dank unseres innovativen Ansatzes biegt [&hellip;]","og_url":"https:\/\/gamart.pl\/de\/angebot\/nahtlose-boegen\/","og_site_name":"Gamart","article_publisher":"https:\/\/www.facebook.com\/firma.gamart\/","article_modified_time":"2022-07-25T10:27:54+00:00","twitter_card":"summary_large_image","twitter_misc":{"Gesch\u00e4tzte Lesezeit":"1\u00a0Minute"},"schema":{"@context":"https:\/\/schema.org","@graph":[{"@type":"WebPage","@id":"https:\/\/gamart.pl\/de\/angebot\/nahtlose-boegen\/","url":"https:\/\/gamart.pl\/de\/angebot\/nahtlose-boegen\/","name":"Nahtlose B\u00f6gen - Gamart","isPartOf":{"@id":"https:\/\/gamart.pl\/de\/#website"},"datePublished":"2021-02-09T11:14:28+00:00","dateModified":"2022-07-25T10:27:54+00:00","breadcrumb":{"@id":"https:\/\/gamart.pl\/de\/angebot\/nahtlose-boegen\/#breadcrumb"},"inLanguage":"de","potentialAction":[{"@type":"ReadAction","target":["https:\/\/gamart.pl\/de\/angebot\/nahtlose-boegen\/"]}]},{"@type":"BreadcrumbList","@id":"https:\/\/gamart.pl\/de\/angebot\/nahtlose-boegen\/#breadcrumb","itemListElement":[{"@type":"ListItem","position":1,"name":"Strona g\u0142\u00f3wna","item":"https:\/\/gamart.pl\/de\/"},{"@type":"ListItem","position":2,"name":"Angebot","item":"https:\/\/gamart.pl\/de\/angebot\/"},{"@type":"ListItem","position":3,"name":"Nahtlose B\u00f6gen"}]},{"@type":"WebSite","@id":"https:\/\/gamart.pl\/de\/#website","url":"https:\/\/gamart.pl\/de\/","name":"Gamart","description":"Mi\u0119dzynarodowy pionier na rynku tworzyw sztucznych.","publisher":{"@id":"https:\/\/gamart.pl\/de\/#organization"},"potentialAction":[{"@type":"SearchAction","target":{"@type":"EntryPoint","urlTemplate":"https:\/\/gamart.pl\/de\/?s={search_term_string}"},"query-input":{"@type":"PropertyValueSpecification","valueRequired":true,"valueName":"search_term_string"}}],"inLanguage":"de"},{"@type":"Organization","@id":"https:\/\/gamart.pl\/de\/#organization","name":"Gamart","url":"https:\/\/gamart.pl\/de\/","logo":{"@type":"ImageObject","inLanguage":"de","@id":"https:\/\/gamart.pl\/de\/#\/schema\/logo\/image\/","url":"https:\/\/gamart.pl\/wp-content\/uploads\/2022\/08\/cropped-android-icon-192x192-1.png","contentUrl":"https:\/\/gamart.pl\/wp-content\/uploads\/2022\/08\/cropped-android-icon-192x192-1.png","width":512,"height":512,"caption":"Gamart"},"image":{"@id":"https:\/\/gamart.pl\/de\/#\/schema\/logo\/image\/"},"sameAs":["https:\/\/www.facebook.com\/firma.gamart\/","https:\/\/www.linkedin.com\/company\/gamart","https:\/\/www.youtube.com\/channel\/UCsNRquoCKlZG5GYdkqXg1Mw\/"]}]}},"_links":{"self":[{"href":"https:\/\/gamart.pl\/de\/wp-json\/wp\/v2\/pages\/3359","targetHints":{"allow":["GET"]}}],"collection":[{"href":"https:\/\/gamart.pl\/de\/wp-json\/wp\/v2\/pages"}],"about":[{"href":"https:\/\/gamart.pl\/de\/wp-json\/wp\/v2\/types\/page"}],"author":[{"embeddable":true,"href":"https:\/\/gamart.pl\/de\/wp-json\/wp\/v2\/users\/1"}],"replies":[{"embeddable":true,"href":"https:\/\/gamart.pl\/de\/wp-json\/wp\/v2\/comments?post=3359"}],"version-history":[{"count":4,"href":"https:\/\/gamart.pl\/de\/wp-json\/wp\/v2\/pages\/3359\/revisions"}],"predecessor-version":[{"id":3869,"href":"https:\/\/gamart.pl\/de\/wp-json\/wp\/v2\/pages\/3359\/revisions\/3869"}],"up":[{"embeddable":true,"href":"https:\/\/gamart.pl\/de\/wp-json\/wp\/v2\/pages\/3061"}],"wp:attachment":[{"href":"https:\/\/gamart.pl\/de\/wp-json\/wp\/v2\/media?parent=3359"}],"curies":[{"name":"wp","href":"https:\/\/api.w.org\/{rel}","templated":true}]}}