{"id":3340,"date":"2021-02-09T12:15:28","date_gmt":"2021-02-09T11:15:28","guid":{"rendered":"http:\/\/www.rynny.gamart.pl\/angebot\/rewizje\/"},"modified":"2022-08-08T15:19:08","modified_gmt":"2022-08-08T13:19:08","slug":"fallrohrfilter","status":"publish","type":"page","link":"https:\/\/gamart.pl\/de\/angebot\/fallrohrfilter\/","title":{"rendered":"Fallrohrfilter"},"content":{"rendered":"<p>Der Fallrohrfilter (das Reinigungsrohr, der Laubabscheider) ist ein weiteres innovatives Produkt von GAMART SA. Sein Hauptziel besteht darin, das Abflie\u00dfen von Schadstoffen mit dem Regenwasser, haupts\u00e4chlich Bl\u00e4tter, zu verhindern.<\/p>\n<p>Unser Reinigungsrohr ist in der Tat eine perfekte Erg\u00e4nzung zu unserem Regenwassersammler.<\/p>\n<p>Es passt auch zu den meisten Dachrinnensystemen f\u00fchrender europ\u00e4ischer Unternehmen, einschlie\u00dflich polnischer Marken.<\/p>\n<p>Im GAMART- Fallrohrfilter ist ein Sieb fest eingebaut. Es sch\u00fctzt vor dem Durchdringen der Bl\u00e4tter und hilft bei der regelm\u00e4\u00dfigen Reinigung der Inspektion von Verunreinigungen. Der Laubabscheider ist zus\u00e4tzlich mit einem dichten Stopfen mit Dichtung ausgestattet, der als Push-In an unserem Laubabscheider montiert wird. Daher haben wir einen einfachen Zugang zum Sieb und k\u00f6nnen alle Verunreinigungen schnell entfernen.<\/p>\n<p>GAMART Laubtrenner kann in allen RALs produziert werden (die am h\u00e4ufigsten verwendeten Farben sind hellbraun RAL: 8017, dunkelbraun RAL: 8019, graphit RAL: 7016, schwarz RAL: 9017).<\/p>\n<p>Alle unsere Produkte sind in unserem Webshop erh\u00e4ltlich: <a href=\"https:\/\/egamart.pl\/\">https:\/\/egamart.pl\/<\/a><\/p>\n","protected":false},"excerpt":{"rendered":"<p>Der Fallrohrfilter (das Reinigungsrohr, der Laubabscheider) ist ein weiteres innovatives Produkt von GAMART SA. Sein Hauptziel besteht darin, das Abflie\u00dfen [&hellip;]<\/p>\n","protected":false},"author":1,"featured_media":372,"parent":3061,"menu_order":4,"comment_status":"closed","ping_status":"closed","template":"page-product_category.php","meta":{"_acf_changed":false,"footnotes":""},"class_list":["post-3340","page","type-page","status-publish","has-post-thumbnail","hentry"],"acf":[],"yoast_head":"<!-- This site is optimized with the Yoast SEO plugin v27.3 - https:\/\/yoast.com\/product\/yoast-seo-wordpress\/ -->\n<title>Fallrohrfilter - Gamart<\/title>\n<meta name=\"robots\" content=\"index, follow, max-snippet:-1, max-image-preview:large, max-video-preview:-1\" \/>\n<link rel=\"canonical\" href=\"https:\/\/gamart.pl\/de\/angebot\/fallrohrfilter\/\" \/>\n<meta property=\"og:locale\" content=\"de_DE\" \/>\n<meta property=\"og:type\" content=\"article\" \/>\n<meta property=\"og:title\" content=\"Fallrohrfilter - Gamart\" \/>\n<meta property=\"og:description\" content=\"Der Fallrohrfilter (das Reinigungsrohr, der Laubabscheider) ist ein weiteres innovatives Produkt von GAMART SA. Sein Hauptziel besteht darin, das Abflie\u00dfen [&hellip;]\" \/>\n<meta property=\"og:url\" content=\"https:\/\/gamart.pl\/de\/angebot\/fallrohrfilter\/\" \/>\n<meta property=\"og:site_name\" content=\"Gamart\" \/>\n<meta property=\"article:publisher\" content=\"https:\/\/www.facebook.com\/firma.gamart\/\" \/>\n<meta property=\"article:modified_time\" content=\"2022-08-08T13:19:08+00:00\" \/>\n<meta property=\"og:image\" content=\"https:\/\/gamart.pl\/wp-content\/uploads\/2022\/01\/2-2.jpg\" \/>\n\t<meta property=\"og:image:width\" content=\"1500\" \/>\n\t<meta property=\"og:image:height\" content=\"1000\" \/>\n\t<meta property=\"og:image:type\" content=\"image\/jpeg\" \/>\n<meta name=\"twitter:card\" content=\"summary_large_image\" \/>\n<meta name=\"twitter:label1\" content=\"Gesch\u00e4tzte Lesezeit\" \/>\n\t<meta name=\"twitter:data1\" content=\"1\u00a0Minute\" \/>\n<script type=\"application\/ld+json\" class=\"yoast-schema-graph\">{\"@context\":\"https:\\\/\\\/schema.org\",\"@graph\":[{\"@type\":\"WebPage\",\"@id\":\"https:\\\/\\\/gamart.pl\\\/de\\\/angebot\\\/fallrohrfilter\\\/\",\"url\":\"https:\\\/\\\/gamart.pl\\\/de\\\/angebot\\\/fallrohrfilter\\\/\",\"name\":\"Fallrohrfilter - Gamart\",\"isPartOf\":{\"@id\":\"https:\\\/\\\/gamart.pl\\\/de\\\/#website\"},\"primaryImageOfPage\":{\"@id\":\"https:\\\/\\\/gamart.pl\\\/de\\\/angebot\\\/fallrohrfilter\\\/#primaryimage\"},\"image\":{\"@id\":\"https:\\\/\\\/gamart.pl\\\/de\\\/angebot\\\/fallrohrfilter\\\/#primaryimage\"},\"thumbnailUrl\":\"https:\\\/\\\/gamart.pl\\\/wp-content\\\/uploads\\\/2022\\\/01\\\/2-2.jpg\",\"datePublished\":\"2021-02-09T11:15:28+00:00\",\"dateModified\":\"2022-08-08T13:19:08+00:00\",\"breadcrumb\":{\"@id\":\"https:\\\/\\\/gamart.pl\\\/de\\\/angebot\\\/fallrohrfilter\\\/#breadcrumb\"},\"inLanguage\":\"de\",\"potentialAction\":[{\"@type\":\"ReadAction\",\"target\":[\"https:\\\/\\\/gamart.pl\\\/de\\\/angebot\\\/fallrohrfilter\\\/\"]}]},{\"@type\":\"ImageObject\",\"inLanguage\":\"de\",\"@id\":\"https:\\\/\\\/gamart.pl\\\/de\\\/angebot\\\/fallrohrfilter\\\/#primaryimage\",\"url\":\"https:\\\/\\\/gamart.pl\\\/wp-content\\\/uploads\\\/2022\\\/01\\\/2-2.jpg\",\"contentUrl\":\"https:\\\/\\\/gamart.pl\\\/wp-content\\\/uploads\\\/2022\\\/01\\\/2-2.jpg\",\"width\":1500,\"height\":1000},{\"@type\":\"BreadcrumbList\",\"@id\":\"https:\\\/\\\/gamart.pl\\\/de\\\/angebot\\\/fallrohrfilter\\\/#breadcrumb\",\"itemListElement\":[{\"@type\":\"ListItem\",\"position\":1,\"name\":\"Strona g\u0142\u00f3wna\",\"item\":\"https:\\\/\\\/gamart.pl\\\/de\\\/\"},{\"@type\":\"ListItem\",\"position\":2,\"name\":\"Angebot\",\"item\":\"https:\\\/\\\/gamart.pl\\\/de\\\/angebot\\\/\"},{\"@type\":\"ListItem\",\"position\":3,\"name\":\"Fallrohrfilter\"}]},{\"@type\":\"WebSite\",\"@id\":\"https:\\\/\\\/gamart.pl\\\/de\\\/#website\",\"url\":\"https:\\\/\\\/gamart.pl\\\/de\\\/\",\"name\":\"Gamart\",\"description\":\"Mi\u0119dzynarodowy pionier na rynku tworzyw sztucznych.\",\"publisher\":{\"@id\":\"https:\\\/\\\/gamart.pl\\\/de\\\/#organization\"},\"potentialAction\":[{\"@type\":\"SearchAction\",\"target\":{\"@type\":\"EntryPoint\",\"urlTemplate\":\"https:\\\/\\\/gamart.pl\\\/de\\\/?s={search_term_string}\"},\"query-input\":{\"@type\":\"PropertyValueSpecification\",\"valueRequired\":true,\"valueName\":\"search_term_string\"}}],\"inLanguage\":\"de\"},{\"@type\":\"Organization\",\"@id\":\"https:\\\/\\\/gamart.pl\\\/de\\\/#organization\",\"name\":\"Gamart\",\"url\":\"https:\\\/\\\/gamart.pl\\\/de\\\/\",\"logo\":{\"@type\":\"ImageObject\",\"inLanguage\":\"de\",\"@id\":\"https:\\\/\\\/gamart.pl\\\/de\\\/#\\\/schema\\\/logo\\\/image\\\/\",\"url\":\"https:\\\/\\\/gamart.pl\\\/wp-content\\\/uploads\\\/2022\\\/08\\\/cropped-android-icon-192x192-1.png\",\"contentUrl\":\"https:\\\/\\\/gamart.pl\\\/wp-content\\\/uploads\\\/2022\\\/08\\\/cropped-android-icon-192x192-1.png\",\"width\":512,\"height\":512,\"caption\":\"Gamart\"},\"image\":{\"@id\":\"https:\\\/\\\/gamart.pl\\\/de\\\/#\\\/schema\\\/logo\\\/image\\\/\"},\"sameAs\":[\"https:\\\/\\\/www.facebook.com\\\/firma.gamart\\\/\",\"https:\\\/\\\/www.linkedin.com\\\/company\\\/gamart\",\"https:\\\/\\\/www.youtube.com\\\/channel\\\/UCsNRquoCKlZG5GYdkqXg1Mw\\\/\"]}]}<\/script>\n<!-- \/ Yoast SEO plugin. -->","yoast_head_json":{"title":"Fallrohrfilter - Gamart","robots":{"index":"index","follow":"follow","max-snippet":"max-snippet:-1","max-image-preview":"max-image-preview:large","max-video-preview":"max-video-preview:-1"},"canonical":"https:\/\/gamart.pl\/de\/angebot\/fallrohrfilter\/","og_locale":"de_DE","og_type":"article","og_title":"Fallrohrfilter - Gamart","og_description":"Der Fallrohrfilter (das Reinigungsrohr, der Laubabscheider) ist ein weiteres innovatives Produkt von GAMART SA. Sein Hauptziel besteht darin, das Abflie\u00dfen [&hellip;]","og_url":"https:\/\/gamart.pl\/de\/angebot\/fallrohrfilter\/","og_site_name":"Gamart","article_publisher":"https:\/\/www.facebook.com\/firma.gamart\/","article_modified_time":"2022-08-08T13:19:08+00:00","og_image":[{"width":1500,"height":1000,"url":"https:\/\/gamart.pl\/wp-content\/uploads\/2022\/01\/2-2.jpg","type":"image\/jpeg"}],"twitter_card":"summary_large_image","twitter_misc":{"Gesch\u00e4tzte Lesezeit":"1\u00a0Minute"},"schema":{"@context":"https:\/\/schema.org","@graph":[{"@type":"WebPage","@id":"https:\/\/gamart.pl\/de\/angebot\/fallrohrfilter\/","url":"https:\/\/gamart.pl\/de\/angebot\/fallrohrfilter\/","name":"Fallrohrfilter - Gamart","isPartOf":{"@id":"https:\/\/gamart.pl\/de\/#website"},"primaryImageOfPage":{"@id":"https:\/\/gamart.pl\/de\/angebot\/fallrohrfilter\/#primaryimage"},"image":{"@id":"https:\/\/gamart.pl\/de\/angebot\/fallrohrfilter\/#primaryimage"},"thumbnailUrl":"https:\/\/gamart.pl\/wp-content\/uploads\/2022\/01\/2-2.jpg","datePublished":"2021-02-09T11:15:28+00:00","dateModified":"2022-08-08T13:19:08+00:00","breadcrumb":{"@id":"https:\/\/gamart.pl\/de\/angebot\/fallrohrfilter\/#breadcrumb"},"inLanguage":"de","potentialAction":[{"@type":"ReadAction","target":["https:\/\/gamart.pl\/de\/angebot\/fallrohrfilter\/"]}]},{"@type":"ImageObject","inLanguage":"de","@id":"https:\/\/gamart.pl\/de\/angebot\/fallrohrfilter\/#primaryimage","url":"https:\/\/gamart.pl\/wp-content\/uploads\/2022\/01\/2-2.jpg","contentUrl":"https:\/\/gamart.pl\/wp-content\/uploads\/2022\/01\/2-2.jpg","width":1500,"height":1000},{"@type":"BreadcrumbList","@id":"https:\/\/gamart.pl\/de\/angebot\/fallrohrfilter\/#breadcrumb","itemListElement":[{"@type":"ListItem","position":1,"name":"Strona g\u0142\u00f3wna","item":"https:\/\/gamart.pl\/de\/"},{"@type":"ListItem","position":2,"name":"Angebot","item":"https:\/\/gamart.pl\/de\/angebot\/"},{"@type":"ListItem","position":3,"name":"Fallrohrfilter"}]},{"@type":"WebSite","@id":"https:\/\/gamart.pl\/de\/#website","url":"https:\/\/gamart.pl\/de\/","name":"Gamart","description":"Mi\u0119dzynarodowy pionier na rynku tworzyw sztucznych.","publisher":{"@id":"https:\/\/gamart.pl\/de\/#organization"},"potentialAction":[{"@type":"SearchAction","target":{"@type":"EntryPoint","urlTemplate":"https:\/\/gamart.pl\/de\/?s={search_term_string}"},"query-input":{"@type":"PropertyValueSpecification","valueRequired":true,"valueName":"search_term_string"}}],"inLanguage":"de"},{"@type":"Organization","@id":"https:\/\/gamart.pl\/de\/#organization","name":"Gamart","url":"https:\/\/gamart.pl\/de\/","logo":{"@type":"ImageObject","inLanguage":"de","@id":"https:\/\/gamart.pl\/de\/#\/schema\/logo\/image\/","url":"https:\/\/gamart.pl\/wp-content\/uploads\/2022\/08\/cropped-android-icon-192x192-1.png","contentUrl":"https:\/\/gamart.pl\/wp-content\/uploads\/2022\/08\/cropped-android-icon-192x192-1.png","width":512,"height":512,"caption":"Gamart"},"image":{"@id":"https:\/\/gamart.pl\/de\/#\/schema\/logo\/image\/"},"sameAs":["https:\/\/www.facebook.com\/firma.gamart\/","https:\/\/www.linkedin.com\/company\/gamart","https:\/\/www.youtube.com\/channel\/UCsNRquoCKlZG5GYdkqXg1Mw\/"]}]}},"_links":{"self":[{"href":"https:\/\/gamart.pl\/de\/wp-json\/wp\/v2\/pages\/3340","targetHints":{"allow":["GET"]}}],"collection":[{"href":"https:\/\/gamart.pl\/de\/wp-json\/wp\/v2\/pages"}],"about":[{"href":"https:\/\/gamart.pl\/de\/wp-json\/wp\/v2\/types\/page"}],"author":[{"embeddable":true,"href":"https:\/\/gamart.pl\/de\/wp-json\/wp\/v2\/users\/1"}],"replies":[{"embeddable":true,"href":"https:\/\/gamart.pl\/de\/wp-json\/wp\/v2\/comments?post=3340"}],"version-history":[{"count":2,"href":"https:\/\/gamart.pl\/de\/wp-json\/wp\/v2\/pages\/3340\/revisions"}],"predecessor-version":[{"id":4187,"href":"https:\/\/gamart.pl\/de\/wp-json\/wp\/v2\/pages\/3340\/revisions\/4187"}],"up":[{"embeddable":true,"href":"https:\/\/gamart.pl\/de\/wp-json\/wp\/v2\/pages\/3061"}],"wp:featuredmedia":[{"embeddable":true,"href":"https:\/\/gamart.pl\/de\/wp-json\/wp\/v2\/media\/372"}],"wp:attachment":[{"href":"https:\/\/gamart.pl\/de\/wp-json\/wp\/v2\/media?parent=3340"}],"curies":[{"name":"wp","href":"https:\/\/api.w.org\/{rel}","templated":true}]}}