{"id":3311,"date":"2021-02-09T12:16:34","date_gmt":"2021-02-09T11:16:34","guid":{"rendered":"http:\/\/www.rynny.gamart.pl\/angebot\/systemy-drenarskie-i-odwodnienia\/"},"modified":"2022-08-25T23:29:09","modified_gmt":"2022-08-25T21:29:09","slug":"entwasserungssysteme","status":"publish","type":"page","link":"https:\/\/gamart.pl\/de\/angebot\/entwasserungssysteme\/","title":{"rendered":"Entw\u00e4sserungssysteme"},"content":{"rendered":"<p>Zur Entw\u00e4sserung von Wohngeb\u00e4uden werden PVC- und PP-Entw\u00e4sserungssysteme mit Durchmessern von 50 bis 200 mm eingesetzt. Drainagerohre werden durch Fittings mit Drainagebrunnen verbunden und bilden ein komplettes Drainagesystem. Die Banddrainage sch\u00fctzt in Verbindung mit der D\u00e4mmung von Fundamenten wirksam vor dem Eindringen von Wasser durch die Fundamente und Kellerw\u00e4nde.<\/p>\n","protected":false},"excerpt":{"rendered":"<p>Zur Entw\u00e4sserung von Wohngeb\u00e4uden werden PVC- und PP-Entw\u00e4sserungssysteme mit Durchmessern von 50 bis 200 mm eingesetzt. Drainagerohre werden durch Fittings [&hellip;]<\/p>\n","protected":false},"author":1,"featured_media":0,"parent":3061,"menu_order":8,"comment_status":"closed","ping_status":"closed","template":"page-product_category.php","meta":{"_acf_changed":false,"footnotes":""},"class_list":["post-3311","page","type-page","status-publish","hentry"],"acf":[],"yoast_head":"<!-- This site is optimized with the Yoast SEO plugin v27.4 - https:\/\/yoast.com\/product\/yoast-seo-wordpress\/ -->\n<title>Entw\u00e4sserungssysteme - Gamart<\/title>\n<meta name=\"robots\" content=\"index, follow, max-snippet:-1, max-image-preview:large, max-video-preview:-1\" \/>\n<link rel=\"canonical\" href=\"https:\/\/gamart.pl\/de\/angebot\/entwasserungssysteme\/\" \/>\n<meta property=\"og:locale\" content=\"de_DE\" \/>\n<meta property=\"og:type\" content=\"article\" \/>\n<meta property=\"og:title\" content=\"Entw\u00e4sserungssysteme - Gamart\" \/>\n<meta property=\"og:description\" content=\"Zur Entw\u00e4sserung von Wohngeb\u00e4uden werden PVC- und PP-Entw\u00e4sserungssysteme mit Durchmessern von 50 bis 200 mm eingesetzt. Drainagerohre werden durch Fittings [&hellip;]\" \/>\n<meta property=\"og:url\" content=\"https:\/\/gamart.pl\/de\/angebot\/entwasserungssysteme\/\" \/>\n<meta property=\"og:site_name\" content=\"Gamart\" \/>\n<meta property=\"article:publisher\" content=\"https:\/\/www.facebook.com\/firma.gamart\/\" \/>\n<meta property=\"article:modified_time\" content=\"2022-08-25T21:29:09+00:00\" \/>\n<meta name=\"twitter:card\" content=\"summary_large_image\" \/>\n<script type=\"application\/ld+json\" class=\"yoast-schema-graph\">{\"@context\":\"https:\\\/\\\/schema.org\",\"@graph\":[{\"@type\":\"WebPage\",\"@id\":\"https:\\\/\\\/gamart.pl\\\/de\\\/angebot\\\/entwasserungssysteme\\\/\",\"url\":\"https:\\\/\\\/gamart.pl\\\/de\\\/angebot\\\/entwasserungssysteme\\\/\",\"name\":\"Entw\u00e4sserungssysteme - Gamart\",\"isPartOf\":{\"@id\":\"https:\\\/\\\/gamart.pl\\\/de\\\/#website\"},\"datePublished\":\"2021-02-09T11:16:34+00:00\",\"dateModified\":\"2022-08-25T21:29:09+00:00\",\"breadcrumb\":{\"@id\":\"https:\\\/\\\/gamart.pl\\\/de\\\/angebot\\\/entwasserungssysteme\\\/#breadcrumb\"},\"inLanguage\":\"de\",\"potentialAction\":[{\"@type\":\"ReadAction\",\"target\":[\"https:\\\/\\\/gamart.pl\\\/de\\\/angebot\\\/entwasserungssysteme\\\/\"]}]},{\"@type\":\"BreadcrumbList\",\"@id\":\"https:\\\/\\\/gamart.pl\\\/de\\\/angebot\\\/entwasserungssysteme\\\/#breadcrumb\",\"itemListElement\":[{\"@type\":\"ListItem\",\"position\":1,\"name\":\"Strona g\u0142\u00f3wna\",\"item\":\"https:\\\/\\\/gamart.pl\\\/de\\\/\"},{\"@type\":\"ListItem\",\"position\":2,\"name\":\"Angebot\",\"item\":\"https:\\\/\\\/gamart.pl\\\/de\\\/angebot\\\/\"},{\"@type\":\"ListItem\",\"position\":3,\"name\":\"Entw\u00e4sserungssysteme\"}]},{\"@type\":\"WebSite\",\"@id\":\"https:\\\/\\\/gamart.pl\\\/de\\\/#website\",\"url\":\"https:\\\/\\\/gamart.pl\\\/de\\\/\",\"name\":\"Gamart\",\"description\":\"Mi\u0119dzynarodowy pionier na rynku tworzyw sztucznych.\",\"publisher\":{\"@id\":\"https:\\\/\\\/gamart.pl\\\/de\\\/#organization\"},\"potentialAction\":[{\"@type\":\"SearchAction\",\"target\":{\"@type\":\"EntryPoint\",\"urlTemplate\":\"https:\\\/\\\/gamart.pl\\\/de\\\/?s={search_term_string}\"},\"query-input\":{\"@type\":\"PropertyValueSpecification\",\"valueRequired\":true,\"valueName\":\"search_term_string\"}}],\"inLanguage\":\"de\"},{\"@type\":\"Organization\",\"@id\":\"https:\\\/\\\/gamart.pl\\\/de\\\/#organization\",\"name\":\"Gamart\",\"url\":\"https:\\\/\\\/gamart.pl\\\/de\\\/\",\"logo\":{\"@type\":\"ImageObject\",\"inLanguage\":\"de\",\"@id\":\"https:\\\/\\\/gamart.pl\\\/de\\\/#\\\/schema\\\/logo\\\/image\\\/\",\"url\":\"https:\\\/\\\/gamart.pl\\\/wp-content\\\/uploads\\\/2022\\\/08\\\/cropped-android-icon-192x192-1.png\",\"contentUrl\":\"https:\\\/\\\/gamart.pl\\\/wp-content\\\/uploads\\\/2022\\\/08\\\/cropped-android-icon-192x192-1.png\",\"width\":512,\"height\":512,\"caption\":\"Gamart\"},\"image\":{\"@id\":\"https:\\\/\\\/gamart.pl\\\/de\\\/#\\\/schema\\\/logo\\\/image\\\/\"},\"sameAs\":[\"https:\\\/\\\/www.facebook.com\\\/firma.gamart\\\/\",\"https:\\\/\\\/www.linkedin.com\\\/company\\\/gamart\",\"https:\\\/\\\/www.youtube.com\\\/channel\\\/UCsNRquoCKlZG5GYdkqXg1Mw\\\/\"]}]}<\/script>\n<!-- \/ Yoast SEO plugin. -->","yoast_head_json":{"title":"Entw\u00e4sserungssysteme - Gamart","robots":{"index":"index","follow":"follow","max-snippet":"max-snippet:-1","max-image-preview":"max-image-preview:large","max-video-preview":"max-video-preview:-1"},"canonical":"https:\/\/gamart.pl\/de\/angebot\/entwasserungssysteme\/","og_locale":"de_DE","og_type":"article","og_title":"Entw\u00e4sserungssysteme - Gamart","og_description":"Zur Entw\u00e4sserung von Wohngeb\u00e4uden werden PVC- und PP-Entw\u00e4sserungssysteme mit Durchmessern von 50 bis 200 mm eingesetzt. Drainagerohre werden durch Fittings [&hellip;]","og_url":"https:\/\/gamart.pl\/de\/angebot\/entwasserungssysteme\/","og_site_name":"Gamart","article_publisher":"https:\/\/www.facebook.com\/firma.gamart\/","article_modified_time":"2022-08-25T21:29:09+00:00","twitter_card":"summary_large_image","schema":{"@context":"https:\/\/schema.org","@graph":[{"@type":"WebPage","@id":"https:\/\/gamart.pl\/de\/angebot\/entwasserungssysteme\/","url":"https:\/\/gamart.pl\/de\/angebot\/entwasserungssysteme\/","name":"Entw\u00e4sserungssysteme - Gamart","isPartOf":{"@id":"https:\/\/gamart.pl\/de\/#website"},"datePublished":"2021-02-09T11:16:34+00:00","dateModified":"2022-08-25T21:29:09+00:00","breadcrumb":{"@id":"https:\/\/gamart.pl\/de\/angebot\/entwasserungssysteme\/#breadcrumb"},"inLanguage":"de","potentialAction":[{"@type":"ReadAction","target":["https:\/\/gamart.pl\/de\/angebot\/entwasserungssysteme\/"]}]},{"@type":"BreadcrumbList","@id":"https:\/\/gamart.pl\/de\/angebot\/entwasserungssysteme\/#breadcrumb","itemListElement":[{"@type":"ListItem","position":1,"name":"Strona g\u0142\u00f3wna","item":"https:\/\/gamart.pl\/de\/"},{"@type":"ListItem","position":2,"name":"Angebot","item":"https:\/\/gamart.pl\/de\/angebot\/"},{"@type":"ListItem","position":3,"name":"Entw\u00e4sserungssysteme"}]},{"@type":"WebSite","@id":"https:\/\/gamart.pl\/de\/#website","url":"https:\/\/gamart.pl\/de\/","name":"Gamart","description":"Mi\u0119dzynarodowy pionier na rynku tworzyw sztucznych.","publisher":{"@id":"https:\/\/gamart.pl\/de\/#organization"},"potentialAction":[{"@type":"SearchAction","target":{"@type":"EntryPoint","urlTemplate":"https:\/\/gamart.pl\/de\/?s={search_term_string}"},"query-input":{"@type":"PropertyValueSpecification","valueRequired":true,"valueName":"search_term_string"}}],"inLanguage":"de"},{"@type":"Organization","@id":"https:\/\/gamart.pl\/de\/#organization","name":"Gamart","url":"https:\/\/gamart.pl\/de\/","logo":{"@type":"ImageObject","inLanguage":"de","@id":"https:\/\/gamart.pl\/de\/#\/schema\/logo\/image\/","url":"https:\/\/gamart.pl\/wp-content\/uploads\/2022\/08\/cropped-android-icon-192x192-1.png","contentUrl":"https:\/\/gamart.pl\/wp-content\/uploads\/2022\/08\/cropped-android-icon-192x192-1.png","width":512,"height":512,"caption":"Gamart"},"image":{"@id":"https:\/\/gamart.pl\/de\/#\/schema\/logo\/image\/"},"sameAs":["https:\/\/www.facebook.com\/firma.gamart\/","https:\/\/www.linkedin.com\/company\/gamart","https:\/\/www.youtube.com\/channel\/UCsNRquoCKlZG5GYdkqXg1Mw\/"]}]}},"_links":{"self":[{"href":"https:\/\/gamart.pl\/de\/wp-json\/wp\/v2\/pages\/3311","targetHints":{"allow":["GET"]}}],"collection":[{"href":"https:\/\/gamart.pl\/de\/wp-json\/wp\/v2\/pages"}],"about":[{"href":"https:\/\/gamart.pl\/de\/wp-json\/wp\/v2\/types\/page"}],"author":[{"embeddable":true,"href":"https:\/\/gamart.pl\/de\/wp-json\/wp\/v2\/users\/1"}],"replies":[{"embeddable":true,"href":"https:\/\/gamart.pl\/de\/wp-json\/wp\/v2\/comments?post=3311"}],"version-history":[{"count":2,"href":"https:\/\/gamart.pl\/de\/wp-json\/wp\/v2\/pages\/3311\/revisions"}],"predecessor-version":[{"id":4244,"href":"https:\/\/gamart.pl\/de\/wp-json\/wp\/v2\/pages\/3311\/revisions\/4244"}],"up":[{"embeddable":true,"href":"https:\/\/gamart.pl\/de\/wp-json\/wp\/v2\/pages\/3061"}],"wp:attachment":[{"href":"https:\/\/gamart.pl\/de\/wp-json\/wp\/v2\/media?parent=3311"}],"curies":[{"name":"wp","href":"https:\/\/api.w.org\/{rel}","templated":true}]}}