{"id":3097,"date":"2021-02-09T12:14:38","date_gmt":"2021-02-09T11:14:38","guid":{"rendered":"http:\/\/www.rynny.gamart.pl\/angebot\/gromadzenie-wody-deszczowej\/"},"modified":"2022-08-08T15:17:51","modified_gmt":"2022-08-08T13:17:51","slug":"regenwassersammlung","status":"publish","type":"page","link":"https:\/\/gamart.pl\/de\/angebot\/regenwassersammlung\/","title":{"rendered":"Regenwassersammlung"},"content":{"rendered":"<p>Der Mensch beginnt nach Jahren des schlechten Managements seiner Ressourcen endlich die Sch\u00e4den zu bemerken, die der Umwelt zugef\u00fcgt wurden. D\u00fcrren und ungleichm\u00e4\u00dfige Niederschl\u00e4ge sind heute in vielen L\u00e4ndern \u00fcblich, darunter auch in Polen, aus dem unser Unternehmen stammt. Wasser ist bereits ein knappes Gut.<\/p>\n<p>Im Zeitalter des Klimawandels hat sich GAMART zu einem f\u00fchrenden Hersteller von Regenwassersammelsystemen entwickelt. Dank innovativer Technologie und Konzentration auf die Produktqualit\u00e4t gewinnen GAMART-Sammler dynamisch an Anerkennung als Bestseller in Polen und auf der ganzen Welt.<\/p>\n<p>Hersteller von Dachrinnen- und Gartensystemen, zahlreiche Distributoren und nat\u00fcrlich auch Einzelkunden zeigen ein wachsendes Interesse an unseren Kompetenzen in diesem Bereich.<\/p>\n<p>GAMART SA hat zahlreiche L\u00f6sungen im Bereich der Regenwassernutzung patentieren lassen und seit diesem Jahr produziert unser Unternehmen auch Regenwassertanks. Auf diese Weise bietet GAMART ein durchg\u00e4ngiges Sortiment an Regenwassersammelsystemen.<\/p>\n<p>Angesichts des \u00f6kologischen Bewusstseins und der positiven Auswirkungen auf die Umwelt schaffen wir auch eine neue internationale Marke HelloRain, die sich ausschlie\u00dflich dem Sammeln von Regenwasser und positiven \u00f6kologischen Trends widmet.<\/p>\n<p>Alle unsere Produkte sind auch in unserem Webshop unter <a href=\"https:\/\/egamart.pl\/\">https:\/\/egamart.pl\/<\/a> erh\u00e4ltlich.<\/p>\n","protected":false},"excerpt":{"rendered":"<p>Der Mensch beginnt nach Jahren des schlechten Managements seiner Ressourcen endlich die Sch\u00e4den zu bemerken, die der Umwelt zugef\u00fcgt wurden. [&hellip;]<\/p>\n","protected":false},"author":1,"featured_media":0,"parent":3061,"menu_order":3,"comment_status":"closed","ping_status":"closed","template":"page-product_category.php","meta":{"_acf_changed":false,"footnotes":""},"class_list":["post-3097","page","type-page","status-publish","hentry"],"acf":[],"yoast_head":"<!-- This site is optimized with the Yoast SEO plugin v27.4 - https:\/\/yoast.com\/product\/yoast-seo-wordpress\/ -->\n<title>Regenwassersammlung - Gamart<\/title>\n<meta name=\"robots\" content=\"index, follow, max-snippet:-1, max-image-preview:large, max-video-preview:-1\" \/>\n<link rel=\"canonical\" href=\"https:\/\/gamart.pl\/de\/angebot\/regenwassersammlung\/\" \/>\n<meta property=\"og:locale\" content=\"de_DE\" \/>\n<meta property=\"og:type\" content=\"article\" \/>\n<meta property=\"og:title\" content=\"Regenwassersammlung - Gamart\" \/>\n<meta property=\"og:description\" content=\"Der Mensch beginnt nach Jahren des schlechten Managements seiner Ressourcen endlich die Sch\u00e4den zu bemerken, die der Umwelt zugef\u00fcgt wurden. [&hellip;]\" \/>\n<meta property=\"og:url\" content=\"https:\/\/gamart.pl\/de\/angebot\/regenwassersammlung\/\" \/>\n<meta property=\"og:site_name\" content=\"Gamart\" \/>\n<meta property=\"article:publisher\" content=\"https:\/\/www.facebook.com\/firma.gamart\/\" \/>\n<meta property=\"article:modified_time\" content=\"2022-08-08T13:17:51+00:00\" \/>\n<meta name=\"twitter:card\" content=\"summary_large_image\" \/>\n<meta name=\"twitter:label1\" content=\"Gesch\u00e4tzte Lesezeit\" \/>\n\t<meta name=\"twitter:data1\" content=\"1\u00a0Minute\" \/>\n<script type=\"application\/ld+json\" class=\"yoast-schema-graph\">{\"@context\":\"https:\\\/\\\/schema.org\",\"@graph\":[{\"@type\":\"WebPage\",\"@id\":\"https:\\\/\\\/gamart.pl\\\/de\\\/angebot\\\/regenwassersammlung\\\/\",\"url\":\"https:\\\/\\\/gamart.pl\\\/de\\\/angebot\\\/regenwassersammlung\\\/\",\"name\":\"Regenwassersammlung - Gamart\",\"isPartOf\":{\"@id\":\"https:\\\/\\\/gamart.pl\\\/de\\\/#website\"},\"datePublished\":\"2021-02-09T11:14:38+00:00\",\"dateModified\":\"2022-08-08T13:17:51+00:00\",\"breadcrumb\":{\"@id\":\"https:\\\/\\\/gamart.pl\\\/de\\\/angebot\\\/regenwassersammlung\\\/#breadcrumb\"},\"inLanguage\":\"de\",\"potentialAction\":[{\"@type\":\"ReadAction\",\"target\":[\"https:\\\/\\\/gamart.pl\\\/de\\\/angebot\\\/regenwassersammlung\\\/\"]}]},{\"@type\":\"BreadcrumbList\",\"@id\":\"https:\\\/\\\/gamart.pl\\\/de\\\/angebot\\\/regenwassersammlung\\\/#breadcrumb\",\"itemListElement\":[{\"@type\":\"ListItem\",\"position\":1,\"name\":\"Strona g\u0142\u00f3wna\",\"item\":\"https:\\\/\\\/gamart.pl\\\/de\\\/\"},{\"@type\":\"ListItem\",\"position\":2,\"name\":\"Angebot\",\"item\":\"https:\\\/\\\/gamart.pl\\\/de\\\/angebot\\\/\"},{\"@type\":\"ListItem\",\"position\":3,\"name\":\"Regenwassersammlung\"}]},{\"@type\":\"WebSite\",\"@id\":\"https:\\\/\\\/gamart.pl\\\/de\\\/#website\",\"url\":\"https:\\\/\\\/gamart.pl\\\/de\\\/\",\"name\":\"Gamart\",\"description\":\"Mi\u0119dzynarodowy pionier na rynku tworzyw sztucznych.\",\"publisher\":{\"@id\":\"https:\\\/\\\/gamart.pl\\\/de\\\/#organization\"},\"potentialAction\":[{\"@type\":\"SearchAction\",\"target\":{\"@type\":\"EntryPoint\",\"urlTemplate\":\"https:\\\/\\\/gamart.pl\\\/de\\\/?s={search_term_string}\"},\"query-input\":{\"@type\":\"PropertyValueSpecification\",\"valueRequired\":true,\"valueName\":\"search_term_string\"}}],\"inLanguage\":\"de\"},{\"@type\":\"Organization\",\"@id\":\"https:\\\/\\\/gamart.pl\\\/de\\\/#organization\",\"name\":\"Gamart\",\"url\":\"https:\\\/\\\/gamart.pl\\\/de\\\/\",\"logo\":{\"@type\":\"ImageObject\",\"inLanguage\":\"de\",\"@id\":\"https:\\\/\\\/gamart.pl\\\/de\\\/#\\\/schema\\\/logo\\\/image\\\/\",\"url\":\"https:\\\/\\\/gamart.pl\\\/wp-content\\\/uploads\\\/2022\\\/08\\\/cropped-android-icon-192x192-1.png\",\"contentUrl\":\"https:\\\/\\\/gamart.pl\\\/wp-content\\\/uploads\\\/2022\\\/08\\\/cropped-android-icon-192x192-1.png\",\"width\":512,\"height\":512,\"caption\":\"Gamart\"},\"image\":{\"@id\":\"https:\\\/\\\/gamart.pl\\\/de\\\/#\\\/schema\\\/logo\\\/image\\\/\"},\"sameAs\":[\"https:\\\/\\\/www.facebook.com\\\/firma.gamart\\\/\",\"https:\\\/\\\/www.linkedin.com\\\/company\\\/gamart\",\"https:\\\/\\\/www.youtube.com\\\/channel\\\/UCsNRquoCKlZG5GYdkqXg1Mw\\\/\"]}]}<\/script>\n<!-- \/ Yoast SEO plugin. -->","yoast_head_json":{"title":"Regenwassersammlung - Gamart","robots":{"index":"index","follow":"follow","max-snippet":"max-snippet:-1","max-image-preview":"max-image-preview:large","max-video-preview":"max-video-preview:-1"},"canonical":"https:\/\/gamart.pl\/de\/angebot\/regenwassersammlung\/","og_locale":"de_DE","og_type":"article","og_title":"Regenwassersammlung - Gamart","og_description":"Der Mensch beginnt nach Jahren des schlechten Managements seiner Ressourcen endlich die Sch\u00e4den zu bemerken, die der Umwelt zugef\u00fcgt wurden. [&hellip;]","og_url":"https:\/\/gamart.pl\/de\/angebot\/regenwassersammlung\/","og_site_name":"Gamart","article_publisher":"https:\/\/www.facebook.com\/firma.gamart\/","article_modified_time":"2022-08-08T13:17:51+00:00","twitter_card":"summary_large_image","twitter_misc":{"Gesch\u00e4tzte Lesezeit":"1\u00a0Minute"},"schema":{"@context":"https:\/\/schema.org","@graph":[{"@type":"WebPage","@id":"https:\/\/gamart.pl\/de\/angebot\/regenwassersammlung\/","url":"https:\/\/gamart.pl\/de\/angebot\/regenwassersammlung\/","name":"Regenwassersammlung - Gamart","isPartOf":{"@id":"https:\/\/gamart.pl\/de\/#website"},"datePublished":"2021-02-09T11:14:38+00:00","dateModified":"2022-08-08T13:17:51+00:00","breadcrumb":{"@id":"https:\/\/gamart.pl\/de\/angebot\/regenwassersammlung\/#breadcrumb"},"inLanguage":"de","potentialAction":[{"@type":"ReadAction","target":["https:\/\/gamart.pl\/de\/angebot\/regenwassersammlung\/"]}]},{"@type":"BreadcrumbList","@id":"https:\/\/gamart.pl\/de\/angebot\/regenwassersammlung\/#breadcrumb","itemListElement":[{"@type":"ListItem","position":1,"name":"Strona g\u0142\u00f3wna","item":"https:\/\/gamart.pl\/de\/"},{"@type":"ListItem","position":2,"name":"Angebot","item":"https:\/\/gamart.pl\/de\/angebot\/"},{"@type":"ListItem","position":3,"name":"Regenwassersammlung"}]},{"@type":"WebSite","@id":"https:\/\/gamart.pl\/de\/#website","url":"https:\/\/gamart.pl\/de\/","name":"Gamart","description":"Mi\u0119dzynarodowy pionier na rynku tworzyw sztucznych.","publisher":{"@id":"https:\/\/gamart.pl\/de\/#organization"},"potentialAction":[{"@type":"SearchAction","target":{"@type":"EntryPoint","urlTemplate":"https:\/\/gamart.pl\/de\/?s={search_term_string}"},"query-input":{"@type":"PropertyValueSpecification","valueRequired":true,"valueName":"search_term_string"}}],"inLanguage":"de"},{"@type":"Organization","@id":"https:\/\/gamart.pl\/de\/#organization","name":"Gamart","url":"https:\/\/gamart.pl\/de\/","logo":{"@type":"ImageObject","inLanguage":"de","@id":"https:\/\/gamart.pl\/de\/#\/schema\/logo\/image\/","url":"https:\/\/gamart.pl\/wp-content\/uploads\/2022\/08\/cropped-android-icon-192x192-1.png","contentUrl":"https:\/\/gamart.pl\/wp-content\/uploads\/2022\/08\/cropped-android-icon-192x192-1.png","width":512,"height":512,"caption":"Gamart"},"image":{"@id":"https:\/\/gamart.pl\/de\/#\/schema\/logo\/image\/"},"sameAs":["https:\/\/www.facebook.com\/firma.gamart\/","https:\/\/www.linkedin.com\/company\/gamart","https:\/\/www.youtube.com\/channel\/UCsNRquoCKlZG5GYdkqXg1Mw\/"]}]}},"_links":{"self":[{"href":"https:\/\/gamart.pl\/de\/wp-json\/wp\/v2\/pages\/3097","targetHints":{"allow":["GET"]}}],"collection":[{"href":"https:\/\/gamart.pl\/de\/wp-json\/wp\/v2\/pages"}],"about":[{"href":"https:\/\/gamart.pl\/de\/wp-json\/wp\/v2\/types\/page"}],"author":[{"embeddable":true,"href":"https:\/\/gamart.pl\/de\/wp-json\/wp\/v2\/users\/1"}],"replies":[{"embeddable":true,"href":"https:\/\/gamart.pl\/de\/wp-json\/wp\/v2\/comments?post=3097"}],"version-history":[{"count":7,"href":"https:\/\/gamart.pl\/de\/wp-json\/wp\/v2\/pages\/3097\/revisions"}],"predecessor-version":[{"id":4186,"href":"https:\/\/gamart.pl\/de\/wp-json\/wp\/v2\/pages\/3097\/revisions\/4186"}],"up":[{"embeddable":true,"href":"https:\/\/gamart.pl\/de\/wp-json\/wp\/v2\/pages\/3061"}],"wp:attachment":[{"href":"https:\/\/gamart.pl\/de\/wp-json\/wp\/v2\/media?parent=3097"}],"curies":[{"name":"wp","href":"https:\/\/api.w.org\/{rel}","templated":true}]}}