{"id":2993,"date":"2022-01-28T04:56:33","date_gmt":"2022-01-28T03:56:33","guid":{"rendered":"http:\/\/www.rynny.gamart.pl\/maschinen\/druk-3d-duzych-rozmiarow\/"},"modified":"2022-07-07T11:58:51","modified_gmt":"2022-07-07T09:58:51","slug":"grossformatige-3d-druck","status":"publish","type":"page","link":"https:\/\/gamart.pl\/de\/maschinen\/grossformatige-3d-druck\/","title":{"rendered":"Grossformatige 3D-druck"},"content":{"rendered":"<p>Jeder beobachtet in den letzten Jahren eine sehr dynamische Entwicklung der 3D-Drucktechnologie. Der Markt f\u00fcr Druckger\u00e4te und Druckmaterialien (Filamente) w\u00e4chst stetig. 3D-Drucker sind heutzutage in Haushalten, Schulen und Unternehmen pr\u00e4sent, wo das Drucken von Modellen nur durch die Vorstellungskraft der Designer begrenzt ist.<\/p>\n<p>GAMART setzt seit mehreren Jahren erfolgreich 3D-Drucktechnologien ein, um Prototypen eigener Produkte herzustellen, zu testen und zu evaluieren. Daraus sind viele innovative Systeme entstanden, wie beispielsweise der Regenwassersammler von GAMART.<\/p>\n<p>Bei der Innovation von Technologien und Produkten im 3D-Druck arbeiten wir eng mit Top-Universit\u00e4ten zusammen und h\u00f6ren auf Kundenempfehlungen, auf deren Grundlage unsere Roadmaps erstellt werden.<\/p>\n<p>Unsere Kunden sch\u00e4tzen \u00fcber 25 Jahre Erfahrung im Maschinen- und Anlagenbau, insbesondere unsere Spezialisierung auf Extruder f\u00fcr die Kunststoffindustrie.<\/p>\n<p>Als Reaktion auf die Kundenbed\u00fcrfnisse nach gro\u00dfformatigem 3D-Druck stellen wir vier verschiedene Serien von Druckk\u00f6pfen her:<\/p>\n<ul>\n<li>GAMART G.12 Serie mit einer Kapazit\u00e4t von bis zu 12 kg\/h<\/li>\n<li>GAMART G.20 Serie mit einer Kapazit\u00e4t von bis zu 20 kg\/h<\/li>\n<li>GAMART G.50 Serie mit einer Kapazit\u00e4t von bis zu 50 kg\/h<\/li>\n<li>GAMART G.200 Serie mit einer Kapazit\u00e4t von bis zu 200 kg\/h<\/li>\n<\/ul>\n<p>Dies sind innovative digitale Extruder, die von unserer Forschungs- und Entwicklungsabteilung entwickelt wurden. Sie sind f\u00fcr die Integration und Installation auf CNC-Fr\u00e4smaschinen geeignet.<\/p>\n<p>Zu unseren aktuellen Umsetzungen z\u00e4hlen Projekte auf CNC-Maschinen mit einer Arbeitsfl\u00e4che von unter anderem 2500 mm x 5000 mm x 1500 mm sowie 4000 mm x 9000 mm x 2500 mm.<\/p>\n<p>Derzeit bereiten wir die Montage von Extrusionsk\u00f6pfen auf 5-Achs-CNC-Maschinen mit einem Arbeitsbereich von 6000 mm x 24000 mm x 3500 mm vor.<\/p>\n<p>Die Anpassung der CNC-Fr\u00e4smaschine f\u00fcr den gro\u00dffl\u00e4chigen 3D-Druck erfolgt durch Platzieren eines Extrusionskopfes neben der Spindel (f\u00fcr GAMART G.12 und GAMART G.20) oder durch Hinzuf\u00fcgen einer zus\u00e4tzlichen Druckbr\u00fccke (f\u00fcr G.50 und h\u00f6here Kapazit\u00e4ten).<\/p>\n<p>Unsere L\u00f6sungen sind selbstverst\u00e4ndlich mit einem Pellettrocknungssystem und einem Pellettransportsystem ausgestattet. Dar\u00fcber hinaus wird ein System zum Anbringen eines 3D-Ausdrucks auf dem Drucktisch bereitgestellt.<\/p>\n<p>Der Druckkopf ist autonom und verf\u00fcgt \u00fcber eine eigene Fernbedienung. Zur Steigerung der Effizienz integrieren wir es auch in die Fr\u00e4smaschinensteuerung, indem wir einen zus\u00e4tzlichen Servoantrieb hinzuf\u00fcgen.<\/p>\n<p>Gro\u00dffl\u00e4chiger 3D-Druck kann in \u00fcblicher fl\u00e4chiger Weise auf der Drucktischoberfl\u00e4che oder in einem Winkel von bis zu 45 Grad durchgef\u00fchrt werden. Es erm\u00f6glicht beispielsweise das Drucken von Bootsr\u00fcmpfen ohne St\u00fctzen.<\/p>\n<p>GAMART bietet D\u00fcsen mit Durchmessern von 4 mm bis 25 mm an. Die richtige Anpassung wird basierend auf den Abmessungen eines gedruckten Modells und der Kapazit\u00e4t eines Extruderkopfes empfohlen.<\/p>\n<p>Dar\u00fcber hinaus sind wir flexibel bei der Auswahl der am besten geeigneten Materialien f\u00fcr den 3D-Druck.<\/p>\n<p>Wir haben umfangreiche Erfahrungen mit verschiedenen Materialien wie:<\/p>\n<ul>\n<li>Grundmaterialien: PE, PP, ABS, PLA, PA, PC, PET usw.<\/li>\n<li>fortschrittliche Materialien: PPS, PEEK, PEKK usw.<\/li>\n<li>verst\u00e4rkte Materialien: Carbon, Glas oder Naturfaser usw.<\/li>\n<\/ul>\n<p>Daher sind wir in der Lage, das Pellet fachm\u00e4nnisch zu beraten, zu testen und an die Kundenerwartungen anzupassen.<\/p>\n<p>Die von unseren Spezialisten entwickelten Materialien eignen sich perfekt f\u00fcr die mechanische Bearbeitung und k\u00f6nnen \u2013 nach einem Produktionsprozess \u2013 durch die ebenfalls von GAMART angebotene Regranulierung wiedergewonnen werden.<\/p>\n<p>In Schulungen schulen wir die Verwendung von Programmen zum Schneiden von Modellen (Slicer) und passen unseren Postprozessor an die g-Code-Spezifikation der Kundenmaschinen an.<\/p>\n<p>Unsere digitalen Extruderk\u00f6pfe, die direkt aus dem Pellet drucken, erweitern zudem die M\u00f6glichkeiten gro\u00dfformatiger CNC-Maschinen f\u00fcr Holz und Aluminium erheblich.<\/p>\n<p>Die FDM-Drucktechnik (Fused Deposition Modeling) erm\u00f6glicht eine deutliche Reduzierung des Zeit- und Kostenaufwands bei der Modellerstellung.<\/p>\n","protected":false},"excerpt":{"rendered":"<p>Jeder beobachtet in den letzten Jahren eine sehr dynamische Entwicklung der 3D-Drucktechnologie. Der Markt f\u00fcr Druckger\u00e4te und Druckmaterialien (Filamente) w\u00e4chst [&hellip;]<\/p>\n","protected":false},"author":1,"featured_media":0,"parent":2975,"menu_order":0,"comment_status":"closed","ping_status":"closed","template":"page-product_category.php","meta":{"_acf_changed":false,"footnotes":""},"class_list":["post-2993","page","type-page","status-publish","hentry"],"acf":[],"yoast_head":"<!-- This site is optimized with the Yoast SEO plugin v27.3 - https:\/\/yoast.com\/product\/yoast-seo-wordpress\/ -->\n<title>Grossformatige 3D-druck - Gamart<\/title>\n<meta name=\"robots\" content=\"index, follow, max-snippet:-1, max-image-preview:large, max-video-preview:-1\" \/>\n<link rel=\"canonical\" href=\"https:\/\/gamart.pl\/de\/maschinen\/grossformatige-3d-druck\/\" \/>\n<meta property=\"og:locale\" content=\"de_DE\" \/>\n<meta property=\"og:type\" content=\"article\" \/>\n<meta property=\"og:title\" content=\"Grossformatige 3D-druck - Gamart\" \/>\n<meta property=\"og:description\" content=\"Jeder beobachtet in den letzten Jahren eine sehr dynamische Entwicklung der 3D-Drucktechnologie. Der Markt f\u00fcr Druckger\u00e4te und Druckmaterialien (Filamente) w\u00e4chst [&hellip;]\" \/>\n<meta property=\"og:url\" content=\"https:\/\/gamart.pl\/de\/maschinen\/grossformatige-3d-druck\/\" \/>\n<meta property=\"og:site_name\" content=\"Gamart\" \/>\n<meta property=\"article:publisher\" content=\"https:\/\/www.facebook.com\/firma.gamart\/\" \/>\n<meta property=\"article:modified_time\" content=\"2022-07-07T09:58:51+00:00\" \/>\n<meta name=\"twitter:card\" content=\"summary_large_image\" \/>\n<meta name=\"twitter:label1\" content=\"Gesch\u00e4tzte Lesezeit\" \/>\n\t<meta name=\"twitter:data1\" content=\"3\u00a0Minuten\" \/>\n<script type=\"application\/ld+json\" class=\"yoast-schema-graph\">{\"@context\":\"https:\\\/\\\/schema.org\",\"@graph\":[{\"@type\":\"WebPage\",\"@id\":\"https:\\\/\\\/gamart.pl\\\/de\\\/maschinen\\\/grossformatige-3d-druck\\\/\",\"url\":\"https:\\\/\\\/gamart.pl\\\/de\\\/maschinen\\\/grossformatige-3d-druck\\\/\",\"name\":\"Grossformatige 3D-druck - Gamart\",\"isPartOf\":{\"@id\":\"https:\\\/\\\/gamart.pl\\\/de\\\/#website\"},\"datePublished\":\"2022-01-28T03:56:33+00:00\",\"dateModified\":\"2022-07-07T09:58:51+00:00\",\"breadcrumb\":{\"@id\":\"https:\\\/\\\/gamart.pl\\\/de\\\/maschinen\\\/grossformatige-3d-druck\\\/#breadcrumb\"},\"inLanguage\":\"de\",\"potentialAction\":[{\"@type\":\"ReadAction\",\"target\":[\"https:\\\/\\\/gamart.pl\\\/de\\\/maschinen\\\/grossformatige-3d-druck\\\/\"]}]},{\"@type\":\"BreadcrumbList\",\"@id\":\"https:\\\/\\\/gamart.pl\\\/de\\\/maschinen\\\/grossformatige-3d-druck\\\/#breadcrumb\",\"itemListElement\":[{\"@type\":\"ListItem\",\"position\":1,\"name\":\"Strona g\u0142\u00f3wna\",\"item\":\"https:\\\/\\\/gamart.pl\\\/de\\\/\"},{\"@type\":\"ListItem\",\"position\":2,\"name\":\"Maschinen\",\"item\":\"https:\\\/\\\/gamart.pl\\\/de\\\/maschinen\\\/\"},{\"@type\":\"ListItem\",\"position\":3,\"name\":\"Grossformatige 3D-druck\"}]},{\"@type\":\"WebSite\",\"@id\":\"https:\\\/\\\/gamart.pl\\\/de\\\/#website\",\"url\":\"https:\\\/\\\/gamart.pl\\\/de\\\/\",\"name\":\"Gamart\",\"description\":\"Mi\u0119dzynarodowy pionier na rynku tworzyw sztucznych.\",\"publisher\":{\"@id\":\"https:\\\/\\\/gamart.pl\\\/de\\\/#organization\"},\"potentialAction\":[{\"@type\":\"SearchAction\",\"target\":{\"@type\":\"EntryPoint\",\"urlTemplate\":\"https:\\\/\\\/gamart.pl\\\/de\\\/?s={search_term_string}\"},\"query-input\":{\"@type\":\"PropertyValueSpecification\",\"valueRequired\":true,\"valueName\":\"search_term_string\"}}],\"inLanguage\":\"de\"},{\"@type\":\"Organization\",\"@id\":\"https:\\\/\\\/gamart.pl\\\/de\\\/#organization\",\"name\":\"Gamart\",\"url\":\"https:\\\/\\\/gamart.pl\\\/de\\\/\",\"logo\":{\"@type\":\"ImageObject\",\"inLanguage\":\"de\",\"@id\":\"https:\\\/\\\/gamart.pl\\\/de\\\/#\\\/schema\\\/logo\\\/image\\\/\",\"url\":\"https:\\\/\\\/gamart.pl\\\/wp-content\\\/uploads\\\/2022\\\/08\\\/cropped-android-icon-192x192-1.png\",\"contentUrl\":\"https:\\\/\\\/gamart.pl\\\/wp-content\\\/uploads\\\/2022\\\/08\\\/cropped-android-icon-192x192-1.png\",\"width\":512,\"height\":512,\"caption\":\"Gamart\"},\"image\":{\"@id\":\"https:\\\/\\\/gamart.pl\\\/de\\\/#\\\/schema\\\/logo\\\/image\\\/\"},\"sameAs\":[\"https:\\\/\\\/www.facebook.com\\\/firma.gamart\\\/\",\"https:\\\/\\\/www.linkedin.com\\\/company\\\/gamart\",\"https:\\\/\\\/www.youtube.com\\\/channel\\\/UCsNRquoCKlZG5GYdkqXg1Mw\\\/\"]}]}<\/script>\n<!-- \/ Yoast SEO plugin. -->","yoast_head_json":{"title":"Grossformatige 3D-druck - Gamart","robots":{"index":"index","follow":"follow","max-snippet":"max-snippet:-1","max-image-preview":"max-image-preview:large","max-video-preview":"max-video-preview:-1"},"canonical":"https:\/\/gamart.pl\/de\/maschinen\/grossformatige-3d-druck\/","og_locale":"de_DE","og_type":"article","og_title":"Grossformatige 3D-druck - Gamart","og_description":"Jeder beobachtet in den letzten Jahren eine sehr dynamische Entwicklung der 3D-Drucktechnologie. Der Markt f\u00fcr Druckger\u00e4te und Druckmaterialien (Filamente) w\u00e4chst [&hellip;]","og_url":"https:\/\/gamart.pl\/de\/maschinen\/grossformatige-3d-druck\/","og_site_name":"Gamart","article_publisher":"https:\/\/www.facebook.com\/firma.gamart\/","article_modified_time":"2022-07-07T09:58:51+00:00","twitter_card":"summary_large_image","twitter_misc":{"Gesch\u00e4tzte Lesezeit":"3\u00a0Minuten"},"schema":{"@context":"https:\/\/schema.org","@graph":[{"@type":"WebPage","@id":"https:\/\/gamart.pl\/de\/maschinen\/grossformatige-3d-druck\/","url":"https:\/\/gamart.pl\/de\/maschinen\/grossformatige-3d-druck\/","name":"Grossformatige 3D-druck - Gamart","isPartOf":{"@id":"https:\/\/gamart.pl\/de\/#website"},"datePublished":"2022-01-28T03:56:33+00:00","dateModified":"2022-07-07T09:58:51+00:00","breadcrumb":{"@id":"https:\/\/gamart.pl\/de\/maschinen\/grossformatige-3d-druck\/#breadcrumb"},"inLanguage":"de","potentialAction":[{"@type":"ReadAction","target":["https:\/\/gamart.pl\/de\/maschinen\/grossformatige-3d-druck\/"]}]},{"@type":"BreadcrumbList","@id":"https:\/\/gamart.pl\/de\/maschinen\/grossformatige-3d-druck\/#breadcrumb","itemListElement":[{"@type":"ListItem","position":1,"name":"Strona g\u0142\u00f3wna","item":"https:\/\/gamart.pl\/de\/"},{"@type":"ListItem","position":2,"name":"Maschinen","item":"https:\/\/gamart.pl\/de\/maschinen\/"},{"@type":"ListItem","position":3,"name":"Grossformatige 3D-druck"}]},{"@type":"WebSite","@id":"https:\/\/gamart.pl\/de\/#website","url":"https:\/\/gamart.pl\/de\/","name":"Gamart","description":"Mi\u0119dzynarodowy pionier na rynku tworzyw sztucznych.","publisher":{"@id":"https:\/\/gamart.pl\/de\/#organization"},"potentialAction":[{"@type":"SearchAction","target":{"@type":"EntryPoint","urlTemplate":"https:\/\/gamart.pl\/de\/?s={search_term_string}"},"query-input":{"@type":"PropertyValueSpecification","valueRequired":true,"valueName":"search_term_string"}}],"inLanguage":"de"},{"@type":"Organization","@id":"https:\/\/gamart.pl\/de\/#organization","name":"Gamart","url":"https:\/\/gamart.pl\/de\/","logo":{"@type":"ImageObject","inLanguage":"de","@id":"https:\/\/gamart.pl\/de\/#\/schema\/logo\/image\/","url":"https:\/\/gamart.pl\/wp-content\/uploads\/2022\/08\/cropped-android-icon-192x192-1.png","contentUrl":"https:\/\/gamart.pl\/wp-content\/uploads\/2022\/08\/cropped-android-icon-192x192-1.png","width":512,"height":512,"caption":"Gamart"},"image":{"@id":"https:\/\/gamart.pl\/de\/#\/schema\/logo\/image\/"},"sameAs":["https:\/\/www.facebook.com\/firma.gamart\/","https:\/\/www.linkedin.com\/company\/gamart","https:\/\/www.youtube.com\/channel\/UCsNRquoCKlZG5GYdkqXg1Mw\/"]}]}},"_links":{"self":[{"href":"https:\/\/gamart.pl\/de\/wp-json\/wp\/v2\/pages\/2993","targetHints":{"allow":["GET"]}}],"collection":[{"href":"https:\/\/gamart.pl\/de\/wp-json\/wp\/v2\/pages"}],"about":[{"href":"https:\/\/gamart.pl\/de\/wp-json\/wp\/v2\/types\/page"}],"author":[{"embeddable":true,"href":"https:\/\/gamart.pl\/de\/wp-json\/wp\/v2\/users\/1"}],"replies":[{"embeddable":true,"href":"https:\/\/gamart.pl\/de\/wp-json\/wp\/v2\/comments?post=2993"}],"version-history":[{"count":5,"href":"https:\/\/gamart.pl\/de\/wp-json\/wp\/v2\/pages\/2993\/revisions"}],"predecessor-version":[{"id":3731,"href":"https:\/\/gamart.pl\/de\/wp-json\/wp\/v2\/pages\/2993\/revisions\/3731"}],"up":[{"embeddable":true,"href":"https:\/\/gamart.pl\/de\/wp-json\/wp\/v2\/pages\/2975"}],"wp:attachment":[{"href":"https:\/\/gamart.pl\/de\/wp-json\/wp\/v2\/media?parent=2993"}],"curies":[{"name":"wp","href":"https:\/\/api.w.org\/{rel}","templated":true}]}}