{"id":2669,"date":"2022-04-19T18:24:41","date_gmt":"2022-04-19T16:24:41","guid":{"rendered":"http:\/\/www.rynny.gamart.pl\/?page_id=2669"},"modified":"2022-07-11T17:45:37","modified_gmt":"2022-07-11T15:45:37","slug":"rekrutierung","status":"publish","type":"page","link":"https:\/\/gamart.pl\/de\/unternehmen\/rekrutierung\/","title":{"rendered":"Rekrutierung"},"content":{"rendered":"<p>GAMART gilt als eines der innovativsten Unternehmen im S\u00fcdosten Polens. Wir sind auch kein Standardunternehmen &#8211; wir verbinden die neueste Technologie im Bereich Kunststoff mit der Gesch\u00e4ftswelt.<\/p>\n<p>Bist du ein Ingenieur? Oder m\u00f6chten Sie vielleicht im Marketing, Vertrieb, Projektmanagement arbeiten? Sie entscheiden, in welche Richtung Sie sich entwickeln m\u00f6chten und wir \u00fcbertragen Ihnen vielf\u00e4ltige Aufgaben.<\/p>\n<p>Bei GAMART arbeiten Sie mit Spezialisten zusammen, die ihr Wissen gerne teilen und Experten auf ihrem Gebiet sind. Wir werden durch unser Engagement f\u00fcr Arbeit, Unternehmertum und Empowerment anerkannt.<\/p>\n<p>Wir sind st\u00e4ndig auf der Suche nach talentierten Teammitgliedern, die ihre Kompetenzen in so interessanten Bereichen wie dem gro\u00dffl\u00e4chigen 3D-Druck oder der Herstellung zukunftsweisender gro\u00dfformatiger Fittings und B\u00f6gen weiterentwickeln wollen.<\/p>\n<p>Auch f\u00fcr \u00d6kologie und nachhaltige Entwicklung f\u00fchlen wir uns verantwortlich. Wir suchen dynamische Menschen, die uns helfen, ein f\u00fchrender Anbieter von Regenwassersammelsystemen auf dem europ\u00e4ischen Markt zu werden.<\/p>\n<p>Wir haben 25 Jahre Erfahrung und globale Ambitionen zu wachsen. Wir bleiben ein Unternehmen mit polnischem Kapital, k\u00f6nnen aber schon jetzt auf die internationale Reichweite stolz sein. Wenn Sie mit uns arbeiten, werden Sie Teil einer Organisation, die die lokale Wirtschaft und Gemeinschaften unterst\u00fctzt und viele neue Arbeitspl\u00e4tze schaffen m\u00f6chte.<\/p>\n<p>Wir analysieren jedes Kandidatenprofil im Detail. Sowohl Kandidaten mit einem riesigen Erfahrungsgep\u00e4ck als auch Kandidaten am Beginn ihrer beruflichen Laufbahn werden von unserem Unternehmen ber\u00fccksichtigt?<\/p>\n<p>Haben Sie Interesse, in einem ambitionierten 100-k\u00f6pfigen Unternehmen zu arbeiten, das den Anspruch hat, ein \u201eChallenger \u201c in der Kunststoffindustrie zu sein?<\/p>\n<p>Wenn die Antwort \u201cJA\u201d lautet, senden Sie uns Ihren Lebenslauf an die E-Mail-Adresse: <a href=\"mailto:rekrutacja@gamart.pl\">rekrutacja@gamart.pl<\/a>.<\/p>\n<p>Wir nehmen jede Bewerbung ernst.<\/p>\n","protected":false},"excerpt":{"rendered":"<p>GAMART gilt als eines der innovativsten Unternehmen im S\u00fcdosten Polens. Wir sind auch kein Standardunternehmen &#8211; wir verbinden die neueste [&hellip;]<\/p>\n","protected":false},"author":1,"featured_media":2021,"parent":2734,"menu_order":0,"comment_status":"closed","ping_status":"closed","template":"","meta":{"_acf_changed":false,"footnotes":""},"class_list":["post-2669","page","type-page","status-publish","has-post-thumbnail","hentry"],"acf":[],"yoast_head":"<!-- This site is optimized with the Yoast SEO plugin v27.3 - https:\/\/yoast.com\/product\/yoast-seo-wordpress\/ -->\n<title>Rekrutierung - Gamart<\/title>\n<meta name=\"robots\" content=\"index, follow, max-snippet:-1, max-image-preview:large, max-video-preview:-1\" \/>\n<link rel=\"canonical\" href=\"https:\/\/gamart.pl\/de\/unternehmen\/rekrutierung\/\" \/>\n<meta property=\"og:locale\" content=\"de_DE\" \/>\n<meta property=\"og:type\" content=\"article\" \/>\n<meta property=\"og:title\" content=\"Rekrutierung - Gamart\" \/>\n<meta property=\"og:description\" content=\"GAMART gilt als eines der innovativsten Unternehmen im S\u00fcdosten Polens. Wir sind auch kein Standardunternehmen &#8211; wir verbinden die neueste [&hellip;]\" \/>\n<meta property=\"og:url\" content=\"https:\/\/gamart.pl\/de\/unternehmen\/rekrutierung\/\" \/>\n<meta property=\"og:site_name\" content=\"Gamart\" \/>\n<meta property=\"article:publisher\" content=\"https:\/\/www.facebook.com\/firma.gamart\/\" \/>\n<meta property=\"article:modified_time\" content=\"2022-07-11T15:45:37+00:00\" \/>\n<meta property=\"og:image\" content=\"https:\/\/gamart.pl\/wp-content\/uploads\/2022\/02\/kariera.jpg\" \/>\n\t<meta property=\"og:image:width\" content=\"1258\" \/>\n\t<meta property=\"og:image:height\" content=\"839\" \/>\n\t<meta property=\"og:image:type\" content=\"image\/jpeg\" \/>\n<meta name=\"twitter:card\" content=\"summary_large_image\" \/>\n<meta name=\"twitter:label1\" content=\"Gesch\u00e4tzte Lesezeit\" \/>\n\t<meta name=\"twitter:data1\" content=\"1\u00a0Minute\" \/>\n<script type=\"application\/ld+json\" class=\"yoast-schema-graph\">{\"@context\":\"https:\\\/\\\/schema.org\",\"@graph\":[{\"@type\":\"WebPage\",\"@id\":\"https:\\\/\\\/gamart.pl\\\/de\\\/unternehmen\\\/rekrutierung\\\/\",\"url\":\"https:\\\/\\\/gamart.pl\\\/de\\\/unternehmen\\\/rekrutierung\\\/\",\"name\":\"Rekrutierung - Gamart\",\"isPartOf\":{\"@id\":\"https:\\\/\\\/gamart.pl\\\/de\\\/#website\"},\"primaryImageOfPage\":{\"@id\":\"https:\\\/\\\/gamart.pl\\\/de\\\/unternehmen\\\/rekrutierung\\\/#primaryimage\"},\"image\":{\"@id\":\"https:\\\/\\\/gamart.pl\\\/de\\\/unternehmen\\\/rekrutierung\\\/#primaryimage\"},\"thumbnailUrl\":\"https:\\\/\\\/gamart.pl\\\/wp-content\\\/uploads\\\/2022\\\/02\\\/kariera.jpg\",\"datePublished\":\"2022-04-19T16:24:41+00:00\",\"dateModified\":\"2022-07-11T15:45:37+00:00\",\"breadcrumb\":{\"@id\":\"https:\\\/\\\/gamart.pl\\\/de\\\/unternehmen\\\/rekrutierung\\\/#breadcrumb\"},\"inLanguage\":\"de\",\"potentialAction\":[{\"@type\":\"ReadAction\",\"target\":[\"https:\\\/\\\/gamart.pl\\\/de\\\/unternehmen\\\/rekrutierung\\\/\"]}]},{\"@type\":\"ImageObject\",\"inLanguage\":\"de\",\"@id\":\"https:\\\/\\\/gamart.pl\\\/de\\\/unternehmen\\\/rekrutierung\\\/#primaryimage\",\"url\":\"https:\\\/\\\/gamart.pl\\\/wp-content\\\/uploads\\\/2022\\\/02\\\/kariera.jpg\",\"contentUrl\":\"https:\\\/\\\/gamart.pl\\\/wp-content\\\/uploads\\\/2022\\\/02\\\/kariera.jpg\",\"width\":1258,\"height\":839},{\"@type\":\"BreadcrumbList\",\"@id\":\"https:\\\/\\\/gamart.pl\\\/de\\\/unternehmen\\\/rekrutierung\\\/#breadcrumb\",\"itemListElement\":[{\"@type\":\"ListItem\",\"position\":1,\"name\":\"Strona g\u0142\u00f3wna\",\"item\":\"https:\\\/\\\/gamart.pl\\\/de\\\/\"},{\"@type\":\"ListItem\",\"position\":2,\"name\":\"Unternehmen\",\"item\":\"https:\\\/\\\/gamart.pl\\\/de\\\/unternehmen\\\/\"},{\"@type\":\"ListItem\",\"position\":3,\"name\":\"Rekrutierung\"}]},{\"@type\":\"WebSite\",\"@id\":\"https:\\\/\\\/gamart.pl\\\/de\\\/#website\",\"url\":\"https:\\\/\\\/gamart.pl\\\/de\\\/\",\"name\":\"Gamart\",\"description\":\"Mi\u0119dzynarodowy pionier na rynku tworzyw sztucznych.\",\"publisher\":{\"@id\":\"https:\\\/\\\/gamart.pl\\\/de\\\/#organization\"},\"potentialAction\":[{\"@type\":\"SearchAction\",\"target\":{\"@type\":\"EntryPoint\",\"urlTemplate\":\"https:\\\/\\\/gamart.pl\\\/de\\\/?s={search_term_string}\"},\"query-input\":{\"@type\":\"PropertyValueSpecification\",\"valueRequired\":true,\"valueName\":\"search_term_string\"}}],\"inLanguage\":\"de\"},{\"@type\":\"Organization\",\"@id\":\"https:\\\/\\\/gamart.pl\\\/de\\\/#organization\",\"name\":\"Gamart\",\"url\":\"https:\\\/\\\/gamart.pl\\\/de\\\/\",\"logo\":{\"@type\":\"ImageObject\",\"inLanguage\":\"de\",\"@id\":\"https:\\\/\\\/gamart.pl\\\/de\\\/#\\\/schema\\\/logo\\\/image\\\/\",\"url\":\"https:\\\/\\\/gamart.pl\\\/wp-content\\\/uploads\\\/2022\\\/08\\\/cropped-android-icon-192x192-1.png\",\"contentUrl\":\"https:\\\/\\\/gamart.pl\\\/wp-content\\\/uploads\\\/2022\\\/08\\\/cropped-android-icon-192x192-1.png\",\"width\":512,\"height\":512,\"caption\":\"Gamart\"},\"image\":{\"@id\":\"https:\\\/\\\/gamart.pl\\\/de\\\/#\\\/schema\\\/logo\\\/image\\\/\"},\"sameAs\":[\"https:\\\/\\\/www.facebook.com\\\/firma.gamart\\\/\",\"https:\\\/\\\/www.linkedin.com\\\/company\\\/gamart\",\"https:\\\/\\\/www.youtube.com\\\/channel\\\/UCsNRquoCKlZG5GYdkqXg1Mw\\\/\"]}]}<\/script>\n<!-- \/ Yoast SEO plugin. -->","yoast_head_json":{"title":"Rekrutierung - Gamart","robots":{"index":"index","follow":"follow","max-snippet":"max-snippet:-1","max-image-preview":"max-image-preview:large","max-video-preview":"max-video-preview:-1"},"canonical":"https:\/\/gamart.pl\/de\/unternehmen\/rekrutierung\/","og_locale":"de_DE","og_type":"article","og_title":"Rekrutierung - Gamart","og_description":"GAMART gilt als eines der innovativsten Unternehmen im S\u00fcdosten Polens. Wir sind auch kein Standardunternehmen &#8211; wir verbinden die neueste [&hellip;]","og_url":"https:\/\/gamart.pl\/de\/unternehmen\/rekrutierung\/","og_site_name":"Gamart","article_publisher":"https:\/\/www.facebook.com\/firma.gamart\/","article_modified_time":"2022-07-11T15:45:37+00:00","og_image":[{"width":1258,"height":839,"url":"https:\/\/gamart.pl\/wp-content\/uploads\/2022\/02\/kariera.jpg","type":"image\/jpeg"}],"twitter_card":"summary_large_image","twitter_misc":{"Gesch\u00e4tzte Lesezeit":"1\u00a0Minute"},"schema":{"@context":"https:\/\/schema.org","@graph":[{"@type":"WebPage","@id":"https:\/\/gamart.pl\/de\/unternehmen\/rekrutierung\/","url":"https:\/\/gamart.pl\/de\/unternehmen\/rekrutierung\/","name":"Rekrutierung - Gamart","isPartOf":{"@id":"https:\/\/gamart.pl\/de\/#website"},"primaryImageOfPage":{"@id":"https:\/\/gamart.pl\/de\/unternehmen\/rekrutierung\/#primaryimage"},"image":{"@id":"https:\/\/gamart.pl\/de\/unternehmen\/rekrutierung\/#primaryimage"},"thumbnailUrl":"https:\/\/gamart.pl\/wp-content\/uploads\/2022\/02\/kariera.jpg","datePublished":"2022-04-19T16:24:41+00:00","dateModified":"2022-07-11T15:45:37+00:00","breadcrumb":{"@id":"https:\/\/gamart.pl\/de\/unternehmen\/rekrutierung\/#breadcrumb"},"inLanguage":"de","potentialAction":[{"@type":"ReadAction","target":["https:\/\/gamart.pl\/de\/unternehmen\/rekrutierung\/"]}]},{"@type":"ImageObject","inLanguage":"de","@id":"https:\/\/gamart.pl\/de\/unternehmen\/rekrutierung\/#primaryimage","url":"https:\/\/gamart.pl\/wp-content\/uploads\/2022\/02\/kariera.jpg","contentUrl":"https:\/\/gamart.pl\/wp-content\/uploads\/2022\/02\/kariera.jpg","width":1258,"height":839},{"@type":"BreadcrumbList","@id":"https:\/\/gamart.pl\/de\/unternehmen\/rekrutierung\/#breadcrumb","itemListElement":[{"@type":"ListItem","position":1,"name":"Strona g\u0142\u00f3wna","item":"https:\/\/gamart.pl\/de\/"},{"@type":"ListItem","position":2,"name":"Unternehmen","item":"https:\/\/gamart.pl\/de\/unternehmen\/"},{"@type":"ListItem","position":3,"name":"Rekrutierung"}]},{"@type":"WebSite","@id":"https:\/\/gamart.pl\/de\/#website","url":"https:\/\/gamart.pl\/de\/","name":"Gamart","description":"Mi\u0119dzynarodowy pionier na rynku tworzyw sztucznych.","publisher":{"@id":"https:\/\/gamart.pl\/de\/#organization"},"potentialAction":[{"@type":"SearchAction","target":{"@type":"EntryPoint","urlTemplate":"https:\/\/gamart.pl\/de\/?s={search_term_string}"},"query-input":{"@type":"PropertyValueSpecification","valueRequired":true,"valueName":"search_term_string"}}],"inLanguage":"de"},{"@type":"Organization","@id":"https:\/\/gamart.pl\/de\/#organization","name":"Gamart","url":"https:\/\/gamart.pl\/de\/","logo":{"@type":"ImageObject","inLanguage":"de","@id":"https:\/\/gamart.pl\/de\/#\/schema\/logo\/image\/","url":"https:\/\/gamart.pl\/wp-content\/uploads\/2022\/08\/cropped-android-icon-192x192-1.png","contentUrl":"https:\/\/gamart.pl\/wp-content\/uploads\/2022\/08\/cropped-android-icon-192x192-1.png","width":512,"height":512,"caption":"Gamart"},"image":{"@id":"https:\/\/gamart.pl\/de\/#\/schema\/logo\/image\/"},"sameAs":["https:\/\/www.facebook.com\/firma.gamart\/","https:\/\/www.linkedin.com\/company\/gamart","https:\/\/www.youtube.com\/channel\/UCsNRquoCKlZG5GYdkqXg1Mw\/"]}]}},"_links":{"self":[{"href":"https:\/\/gamart.pl\/de\/wp-json\/wp\/v2\/pages\/2669","targetHints":{"allow":["GET"]}}],"collection":[{"href":"https:\/\/gamart.pl\/de\/wp-json\/wp\/v2\/pages"}],"about":[{"href":"https:\/\/gamart.pl\/de\/wp-json\/wp\/v2\/types\/page"}],"author":[{"embeddable":true,"href":"https:\/\/gamart.pl\/de\/wp-json\/wp\/v2\/users\/1"}],"replies":[{"embeddable":true,"href":"https:\/\/gamart.pl\/de\/wp-json\/wp\/v2\/comments?post=2669"}],"version-history":[{"count":5,"href":"https:\/\/gamart.pl\/de\/wp-json\/wp\/v2\/pages\/2669\/revisions"}],"predecessor-version":[{"id":3853,"href":"https:\/\/gamart.pl\/de\/wp-json\/wp\/v2\/pages\/2669\/revisions\/3853"}],"up":[{"embeddable":true,"href":"https:\/\/gamart.pl\/de\/wp-json\/wp\/v2\/pages\/2734"}],"wp:featuredmedia":[{"embeddable":true,"href":"https:\/\/gamart.pl\/de\/wp-json\/wp\/v2\/media\/2021"}],"wp:attachment":[{"href":"https:\/\/gamart.pl\/de\/wp-json\/wp\/v2\/media?parent=2669"}],"curies":[{"name":"wp","href":"https:\/\/api.w.org\/{rel}","templated":true}]}}