{"id":1222,"date":"2022-02-04T19:29:52","date_gmt":"2022-02-04T18:29:52","guid":{"rendered":"http:\/\/www.rynny.gamart.pl\/?page_id=1222"},"modified":"2022-07-25T12:41:49","modified_gmt":"2022-07-25T10:41:49","slug":"verstaerkte-schlaeuche","status":"publish","type":"page","link":"https:\/\/gamart.pl\/de\/angebot\/verstaerkte-schlaeuche\/","title":{"rendered":"Verst\u00e4rkte Schl\u00e4uche"},"content":{"rendered":"<p>GAMART ist ein anerkannter Distributor von verst\u00e4rkten Schl\u00e4uchen mit Durchmessern von DN20 bis DN200. Sie sind aus Weich-PVC gefertigt und mit einer Hart-PVC-Helix verst\u00e4rkt. Standardm\u00e4\u00dfig sind alle Schl\u00e4uche in 30 Meter langen Scheiben gewickelt (au\u00dfer Durchmesser von 200 mm, also 6 Meter lang).<\/p>\n<p>&nbsp;<\/p>\n","protected":false},"excerpt":{"rendered":"<p>GAMART ist ein anerkannter Distributor von verst\u00e4rkten Schl\u00e4uchen mit Durchmessern von DN20 bis DN200. Sie sind aus Weich-PVC gefertigt und [&hellip;]<\/p>\n","protected":false},"author":1,"featured_media":1207,"parent":3061,"menu_order":11,"comment_status":"closed","ping_status":"closed","template":"page-product_category.php","meta":{"_acf_changed":false,"footnotes":""},"class_list":["post-1222","page","type-page","status-publish","has-post-thumbnail","hentry"],"acf":[],"yoast_head":"<!-- This site is optimized with the Yoast SEO plugin v27.4 - https:\/\/yoast.com\/product\/yoast-seo-wordpress\/ -->\n<title>Verst\u00e4rkte Schl\u00e4uche - Gamart<\/title>\n<meta name=\"robots\" content=\"index, follow, max-snippet:-1, max-image-preview:large, max-video-preview:-1\" \/>\n<link rel=\"canonical\" href=\"https:\/\/gamart.pl\/de\/angebot\/verstaerkte-schlaeuche\/\" \/>\n<meta property=\"og:locale\" content=\"de_DE\" \/>\n<meta property=\"og:type\" content=\"article\" \/>\n<meta property=\"og:title\" content=\"Verst\u00e4rkte Schl\u00e4uche - Gamart\" \/>\n<meta property=\"og:description\" content=\"GAMART ist ein anerkannter Distributor von verst\u00e4rkten Schl\u00e4uchen mit Durchmessern von DN20 bis DN200. Sie sind aus Weich-PVC gefertigt und [&hellip;]\" \/>\n<meta property=\"og:url\" content=\"https:\/\/gamart.pl\/de\/angebot\/verstaerkte-schlaeuche\/\" \/>\n<meta property=\"og:site_name\" content=\"Gamart\" \/>\n<meta property=\"article:publisher\" content=\"https:\/\/www.facebook.com\/firma.gamart\/\" \/>\n<meta property=\"article:modified_time\" content=\"2022-07-25T10:41:49+00:00\" \/>\n<meta property=\"og:image\" content=\"https:\/\/gamart.pl\/wp-content\/uploads\/2022\/02\/Weze-zbrojone.jpg\" \/>\n\t<meta property=\"og:image:width\" content=\"800\" \/>\n\t<meta property=\"og:image:height\" content=\"800\" \/>\n\t<meta property=\"og:image:type\" content=\"image\/jpeg\" \/>\n<meta name=\"twitter:card\" content=\"summary_large_image\" \/>\n<script type=\"application\/ld+json\" class=\"yoast-schema-graph\">{\"@context\":\"https:\\\/\\\/schema.org\",\"@graph\":[{\"@type\":\"WebPage\",\"@id\":\"https:\\\/\\\/gamart.pl\\\/de\\\/angebot\\\/verstaerkte-schlaeuche\\\/\",\"url\":\"https:\\\/\\\/gamart.pl\\\/de\\\/angebot\\\/verstaerkte-schlaeuche\\\/\",\"name\":\"Verst\u00e4rkte Schl\u00e4uche - Gamart\",\"isPartOf\":{\"@id\":\"https:\\\/\\\/gamart.pl\\\/de\\\/#website\"},\"primaryImageOfPage\":{\"@id\":\"https:\\\/\\\/gamart.pl\\\/de\\\/angebot\\\/verstaerkte-schlaeuche\\\/#primaryimage\"},\"image\":{\"@id\":\"https:\\\/\\\/gamart.pl\\\/de\\\/angebot\\\/verstaerkte-schlaeuche\\\/#primaryimage\"},\"thumbnailUrl\":\"https:\\\/\\\/gamart.pl\\\/wp-content\\\/uploads\\\/2022\\\/02\\\/Weze-zbrojone.jpg\",\"datePublished\":\"2022-02-04T18:29:52+00:00\",\"dateModified\":\"2022-07-25T10:41:49+00:00\",\"breadcrumb\":{\"@id\":\"https:\\\/\\\/gamart.pl\\\/de\\\/angebot\\\/verstaerkte-schlaeuche\\\/#breadcrumb\"},\"inLanguage\":\"de\",\"potentialAction\":[{\"@type\":\"ReadAction\",\"target\":[\"https:\\\/\\\/gamart.pl\\\/de\\\/angebot\\\/verstaerkte-schlaeuche\\\/\"]}]},{\"@type\":\"ImageObject\",\"inLanguage\":\"de\",\"@id\":\"https:\\\/\\\/gamart.pl\\\/de\\\/angebot\\\/verstaerkte-schlaeuche\\\/#primaryimage\",\"url\":\"https:\\\/\\\/gamart.pl\\\/wp-content\\\/uploads\\\/2022\\\/02\\\/Weze-zbrojone.jpg\",\"contentUrl\":\"https:\\\/\\\/gamart.pl\\\/wp-content\\\/uploads\\\/2022\\\/02\\\/Weze-zbrojone.jpg\",\"width\":800,\"height\":800},{\"@type\":\"BreadcrumbList\",\"@id\":\"https:\\\/\\\/gamart.pl\\\/de\\\/angebot\\\/verstaerkte-schlaeuche\\\/#breadcrumb\",\"itemListElement\":[{\"@type\":\"ListItem\",\"position\":1,\"name\":\"Strona g\u0142\u00f3wna\",\"item\":\"https:\\\/\\\/gamart.pl\\\/de\\\/\"},{\"@type\":\"ListItem\",\"position\":2,\"name\":\"Angebot\",\"item\":\"https:\\\/\\\/gamart.pl\\\/de\\\/angebot\\\/\"},{\"@type\":\"ListItem\",\"position\":3,\"name\":\"Verst\u00e4rkte Schl\u00e4uche\"}]},{\"@type\":\"WebSite\",\"@id\":\"https:\\\/\\\/gamart.pl\\\/de\\\/#website\",\"url\":\"https:\\\/\\\/gamart.pl\\\/de\\\/\",\"name\":\"Gamart\",\"description\":\"Mi\u0119dzynarodowy pionier na rynku tworzyw sztucznych.\",\"publisher\":{\"@id\":\"https:\\\/\\\/gamart.pl\\\/de\\\/#organization\"},\"potentialAction\":[{\"@type\":\"SearchAction\",\"target\":{\"@type\":\"EntryPoint\",\"urlTemplate\":\"https:\\\/\\\/gamart.pl\\\/de\\\/?s={search_term_string}\"},\"query-input\":{\"@type\":\"PropertyValueSpecification\",\"valueRequired\":true,\"valueName\":\"search_term_string\"}}],\"inLanguage\":\"de\"},{\"@type\":\"Organization\",\"@id\":\"https:\\\/\\\/gamart.pl\\\/de\\\/#organization\",\"name\":\"Gamart\",\"url\":\"https:\\\/\\\/gamart.pl\\\/de\\\/\",\"logo\":{\"@type\":\"ImageObject\",\"inLanguage\":\"de\",\"@id\":\"https:\\\/\\\/gamart.pl\\\/de\\\/#\\\/schema\\\/logo\\\/image\\\/\",\"url\":\"https:\\\/\\\/gamart.pl\\\/wp-content\\\/uploads\\\/2022\\\/08\\\/cropped-android-icon-192x192-1.png\",\"contentUrl\":\"https:\\\/\\\/gamart.pl\\\/wp-content\\\/uploads\\\/2022\\\/08\\\/cropped-android-icon-192x192-1.png\",\"width\":512,\"height\":512,\"caption\":\"Gamart\"},\"image\":{\"@id\":\"https:\\\/\\\/gamart.pl\\\/de\\\/#\\\/schema\\\/logo\\\/image\\\/\"},\"sameAs\":[\"https:\\\/\\\/www.facebook.com\\\/firma.gamart\\\/\",\"https:\\\/\\\/www.linkedin.com\\\/company\\\/gamart\",\"https:\\\/\\\/www.youtube.com\\\/channel\\\/UCsNRquoCKlZG5GYdkqXg1Mw\\\/\"]}]}<\/script>\n<!-- \/ Yoast SEO plugin. -->","yoast_head_json":{"title":"Verst\u00e4rkte Schl\u00e4uche - Gamart","robots":{"index":"index","follow":"follow","max-snippet":"max-snippet:-1","max-image-preview":"max-image-preview:large","max-video-preview":"max-video-preview:-1"},"canonical":"https:\/\/gamart.pl\/de\/angebot\/verstaerkte-schlaeuche\/","og_locale":"de_DE","og_type":"article","og_title":"Verst\u00e4rkte Schl\u00e4uche - Gamart","og_description":"GAMART ist ein anerkannter Distributor von verst\u00e4rkten Schl\u00e4uchen mit Durchmessern von DN20 bis DN200. Sie sind aus Weich-PVC gefertigt und [&hellip;]","og_url":"https:\/\/gamart.pl\/de\/angebot\/verstaerkte-schlaeuche\/","og_site_name":"Gamart","article_publisher":"https:\/\/www.facebook.com\/firma.gamart\/","article_modified_time":"2022-07-25T10:41:49+00:00","og_image":[{"width":800,"height":800,"url":"https:\/\/gamart.pl\/wp-content\/uploads\/2022\/02\/Weze-zbrojone.jpg","type":"image\/jpeg"}],"twitter_card":"summary_large_image","schema":{"@context":"https:\/\/schema.org","@graph":[{"@type":"WebPage","@id":"https:\/\/gamart.pl\/de\/angebot\/verstaerkte-schlaeuche\/","url":"https:\/\/gamart.pl\/de\/angebot\/verstaerkte-schlaeuche\/","name":"Verst\u00e4rkte Schl\u00e4uche - Gamart","isPartOf":{"@id":"https:\/\/gamart.pl\/de\/#website"},"primaryImageOfPage":{"@id":"https:\/\/gamart.pl\/de\/angebot\/verstaerkte-schlaeuche\/#primaryimage"},"image":{"@id":"https:\/\/gamart.pl\/de\/angebot\/verstaerkte-schlaeuche\/#primaryimage"},"thumbnailUrl":"https:\/\/gamart.pl\/wp-content\/uploads\/2022\/02\/Weze-zbrojone.jpg","datePublished":"2022-02-04T18:29:52+00:00","dateModified":"2022-07-25T10:41:49+00:00","breadcrumb":{"@id":"https:\/\/gamart.pl\/de\/angebot\/verstaerkte-schlaeuche\/#breadcrumb"},"inLanguage":"de","potentialAction":[{"@type":"ReadAction","target":["https:\/\/gamart.pl\/de\/angebot\/verstaerkte-schlaeuche\/"]}]},{"@type":"ImageObject","inLanguage":"de","@id":"https:\/\/gamart.pl\/de\/angebot\/verstaerkte-schlaeuche\/#primaryimage","url":"https:\/\/gamart.pl\/wp-content\/uploads\/2022\/02\/Weze-zbrojone.jpg","contentUrl":"https:\/\/gamart.pl\/wp-content\/uploads\/2022\/02\/Weze-zbrojone.jpg","width":800,"height":800},{"@type":"BreadcrumbList","@id":"https:\/\/gamart.pl\/de\/angebot\/verstaerkte-schlaeuche\/#breadcrumb","itemListElement":[{"@type":"ListItem","position":1,"name":"Strona g\u0142\u00f3wna","item":"https:\/\/gamart.pl\/de\/"},{"@type":"ListItem","position":2,"name":"Angebot","item":"https:\/\/gamart.pl\/de\/angebot\/"},{"@type":"ListItem","position":3,"name":"Verst\u00e4rkte Schl\u00e4uche"}]},{"@type":"WebSite","@id":"https:\/\/gamart.pl\/de\/#website","url":"https:\/\/gamart.pl\/de\/","name":"Gamart","description":"Mi\u0119dzynarodowy pionier na rynku tworzyw sztucznych.","publisher":{"@id":"https:\/\/gamart.pl\/de\/#organization"},"potentialAction":[{"@type":"SearchAction","target":{"@type":"EntryPoint","urlTemplate":"https:\/\/gamart.pl\/de\/?s={search_term_string}"},"query-input":{"@type":"PropertyValueSpecification","valueRequired":true,"valueName":"search_term_string"}}],"inLanguage":"de"},{"@type":"Organization","@id":"https:\/\/gamart.pl\/de\/#organization","name":"Gamart","url":"https:\/\/gamart.pl\/de\/","logo":{"@type":"ImageObject","inLanguage":"de","@id":"https:\/\/gamart.pl\/de\/#\/schema\/logo\/image\/","url":"https:\/\/gamart.pl\/wp-content\/uploads\/2022\/08\/cropped-android-icon-192x192-1.png","contentUrl":"https:\/\/gamart.pl\/wp-content\/uploads\/2022\/08\/cropped-android-icon-192x192-1.png","width":512,"height":512,"caption":"Gamart"},"image":{"@id":"https:\/\/gamart.pl\/de\/#\/schema\/logo\/image\/"},"sameAs":["https:\/\/www.facebook.com\/firma.gamart\/","https:\/\/www.linkedin.com\/company\/gamart","https:\/\/www.youtube.com\/channel\/UCsNRquoCKlZG5GYdkqXg1Mw\/"]}]}},"_links":{"self":[{"href":"https:\/\/gamart.pl\/de\/wp-json\/wp\/v2\/pages\/1222","targetHints":{"allow":["GET"]}}],"collection":[{"href":"https:\/\/gamart.pl\/de\/wp-json\/wp\/v2\/pages"}],"about":[{"href":"https:\/\/gamart.pl\/de\/wp-json\/wp\/v2\/types\/page"}],"author":[{"embeddable":true,"href":"https:\/\/gamart.pl\/de\/wp-json\/wp\/v2\/users\/1"}],"replies":[{"embeddable":true,"href":"https:\/\/gamart.pl\/de\/wp-json\/wp\/v2\/comments?post=1222"}],"version-history":[{"count":3,"href":"https:\/\/gamart.pl\/de\/wp-json\/wp\/v2\/pages\/1222\/revisions"}],"predecessor-version":[{"id":3883,"href":"https:\/\/gamart.pl\/de\/wp-json\/wp\/v2\/pages\/1222\/revisions\/3883"}],"up":[{"embeddable":true,"href":"https:\/\/gamart.pl\/de\/wp-json\/wp\/v2\/pages\/3061"}],"wp:featuredmedia":[{"embeddable":true,"href":"https:\/\/gamart.pl\/de\/wp-json\/wp\/v2\/media\/1207"}],"wp:attachment":[{"href":"https:\/\/gamart.pl\/de\/wp-json\/wp\/v2\/media?parent=1222"}],"curies":[{"name":"wp","href":"https:\/\/api.w.org\/{rel}","templated":true}]}}